{"id":1236,"date":"2024-07-08T18:04:34","date_gmt":"2024-07-08T10:04:34","guid":{"rendered":"https:\/\/ecmicrophones.com\/?post_type=product&#038;p=1236"},"modified":"2026-03-19T15:23:59","modified_gmt":"2026-03-19T07:23:59","slug":"9-7mm-unidirectional-electret-condenser-microphone-insert-for-voice-amplifier","status":"publish","type":"product","link":"https:\/\/ecmicrophones.com\/it\/9-7mm-unidirectional-electret-condenser-microphone-insert-for-voice-amplifier\/","title":{"rendered":"Inserto per microfono a condensatore electret unidirezionale da 9,7 mm per amplificatore vocale"},"content":{"rendered":"<h2 class=\"text-start\">Specifiche tecniche<\/h2>\n<p class=\"text-start\">La testa del microfono unidirezionale 9750 offre un suono di alta qualit\u00e0 con un'eccellente riduzione del rumore, resistenza alle interferenze ed effetti di cancellazione del rumore.<\/p>\n<h3 class=\"pt-5 text-start\">Circuito di prova standard<\/h3>\n<p><img loading=\"lazy\" decoding=\"async\" src=\"https:\/\/ecmicrophones.com\/wp-content\/uploads\/2024\/07\/standard-test-circuit_ecm-f9752ul.png\" alt=\"Circuito di prova standard\" width=\"614\" height=\"255\" class=\"alignnone size-full wp-image-1239\" srcset=\"https:\/\/ecmicrophones.com\/wp-content\/uploads\/2024\/07\/standard-test-circuit_ecm-f9752ul.png 614w, https:\/\/ecmicrophones.com\/wp-content\/uploads\/2024\/07\/standard-test-circuit_ecm-f9752ul-300x125.png 300w, https:\/\/ecmicrophones.com\/wp-content\/uploads\/2024\/07\/standard-test-circuit_ecm-f9752ul-18x7.png 18w, https:\/\/ecmicrophones.com\/wp-content\/uploads\/2024\/07\/standard-test-circuit_ecm-f9752ul-600x249.png 600w\" sizes=\"auto, (max-width: 614px) 100vw, 614px\" \/><\/p>\n<p>Condizioni di prova: Resistenza di carico (RL) = 680\u03a9, tensione di alimentazione (VS) = 1,5 V, condensatore di accoppiamento (C) = 1\u03bcF.<\/p>\n<h3 class=\"pt-5 text-start\">Risposta in frequenza tipica<\/h3>\n<p><img loading=\"lazy\" decoding=\"async\" src=\"https:\/\/ecmicrophones.com\/wp-content\/uploads\/2024\/07\/typical-frequency-response_ecm-f9752ul.png\" alt=\"Risposta in frequenza tipica\" width=\"633\" height=\"273\" class=\"alignnone size-full wp-image-1237\" srcset=\"https:\/\/ecmicrophones.com\/wp-content\/uploads\/2024\/07\/typical-frequency-response_ecm-f9752ul.png 633w, https:\/\/ecmicrophones.com\/wp-content\/uploads\/2024\/07\/typical-frequency-response_ecm-f9752ul-300x129.png 300w, https:\/\/ecmicrophones.com\/wp-content\/uploads\/2024\/07\/typical-frequency-response_ecm-f9752ul-18x8.png 18w, https:\/\/ecmicrophones.com\/wp-content\/uploads\/2024\/07\/typical-frequency-response_ecm-f9752ul-600x259.png 600w\" sizes=\"auto, (max-width: 633px) 100vw, 633px\" \/><\/p>\n<p>\nRisposta in frequenza: 100Hz-10kHz. La curva mostra un aumento da 100Hz a circa 1kHz, seguito da una gamma media relativamente piatta e leggermente ascendente. Un leggero roll-off inizia vicino a 5kHz.\n<\/p>\n<h3 class=\"pt-5 text-start\">Dimensioni (UNIT\u00c0: mm)<\/h3>\n<p><img loading=\"lazy\" decoding=\"async\" src=\"https:\/\/ecmicrophones.com\/wp-content\/uploads\/2024\/07\/appearance-dimension_ecm-f9752ul.png\" alt=\"Aspetto Dimensione\" width=\"494\" height=\"350\" class=\"alignnone size-full wp-image-1238\" srcset=\"https:\/\/ecmicrophones.com\/wp-content\/uploads\/2024\/07\/appearance-dimension_ecm-f9752ul.png 494w, https:\/\/ecmicrophones.com\/wp-content\/uploads\/2024\/07\/appearance-dimension_ecm-f9752ul-300x213.png 300w, https:\/\/ecmicrophones.com\/wp-content\/uploads\/2024\/07\/appearance-dimension_ecm-f9752ul-18x12.png 18w\" sizes=\"auto, (max-width: 494px) 100vw, 494px\" \/><\/p>\n<p>\nDiametro: 9,7 mm; altezza: 5,0 mm. La parte anteriore \u00e8 dotata di una rete antipolvere, mentre la parte posteriore include una porta per il rilevamento del suono.<\/p>","protected":false},"excerpt":{"rendered":"<p>L'ECM-F9750UL-51 \u00e8 una capsula microfonica unidirezionale di 9,7 \u00d7 5 mm, con una sensibilit\u00e0 di -51dB\u00b12 e un rapporto segnale\/rumore di 58dB. Viene utilizzato principalmente nelle cuffie e nei megafoni montati a vita, fornendo un'acquisizione audio chiara e mirata per queste applicazioni.<\/p>","protected":false},"featured_media":2511,"comment_status":"open","ping_status":"closed","template":"","meta":[],"product_brand":[721],"product_cat":[16,21],"product_tag":[282,235,288],"class_list":{"0":"post-1236","1":"product","2":"type-product","3":"status-publish","4":"has-post-thumbnail","6":"product_brand-ecmic","7":"product_cat-electret-microphones","8":"product_cat-unidirectional-microphones","9":"product_tag-9-7mm","10":"product_tag-conference","11":"product_tag-solder-pads","13":"first","14":"instock","15":"shipping-taxable","16":"purchasable","17":"product-type-simple"},"_links":{"self":[{"href":"https:\/\/ecmicrophones.com\/it\/wp-json\/wp\/v2\/product\/1236","targetHints":{"allow":["GET"]}}],"collection":[{"href":"https:\/\/ecmicrophones.com\/it\/wp-json\/wp\/v2\/product"}],"about":[{"href":"https:\/\/ecmicrophones.com\/it\/wp-json\/wp\/v2\/types\/product"}],"replies":[{"embeddable":true,"href":"https:\/\/ecmicrophones.com\/it\/wp-json\/wp\/v2\/comments?post=1236"}],"wp:featuredmedia":[{"embeddable":true,"href":"https:\/\/ecmicrophones.com\/it\/wp-json\/wp\/v2\/media\/2511"}],"wp:attachment":[{"href":"https:\/\/ecmicrophones.com\/it\/wp-json\/wp\/v2\/media?parent=1236"}],"wp:term":[{"taxonomy":"product_brand","embeddable":true,"href":"https:\/\/ecmicrophones.com\/it\/wp-json\/wp\/v2\/product_brand?post=1236"},{"taxonomy":"product_cat","embeddable":true,"href":"https:\/\/ecmicrophones.com\/it\/wp-json\/wp\/v2\/product_cat?post=1236"},{"taxonomy":"product_tag","embeddable":true,"href":"https:\/\/ecmicrophones.com\/it\/wp-json\/wp\/v2\/product_tag?post=1236"}],"curies":[{"name":"wp","href":"https:\/\/api.w.org\/{rel}","templated":true}]}}