{"id":1241,"date":"2024-07-10T16:51:31","date_gmt":"2024-07-10T08:51:31","guid":{"rendered":"https:\/\/ecmicrophones.com\/?post_type=product&#038;p=1241"},"modified":"2026-03-19T15:23:33","modified_gmt":"2026-03-19T07:23:33","slug":"9-7mm-electret-condenser-microphone-element-for-headset-microphones","status":"publish","type":"product","link":"https:\/\/ecmicrophones.com\/it\/9-7mm-electret-condenser-microphone-element-for-headset-microphones\/","title":{"rendered":"Elemento microfonico a condensatore a elettrete da 9,7 mm per microfoni auricolari"},"content":{"rendered":"<h2 class=\"text-start\">Specifiche tecniche<\/h2>\n<p class=\"text-start\">La nostra testa microfonica unidirezionale 9750, prodotta con un JFET Panasonic, offre un elevato rapporto segnale\/rumore, un basso rumore e un'eccellente riproduzione del suono.<\/p>\n<h3 class=\"pt-5 text-start\">Circuito di prova standard<\/h3>\n<p><img loading=\"lazy\" decoding=\"async\" class=\"alignnone size-full wp-image-1243\" src=\"https:\/\/ecmicrophones.com\/wp-content\/uploads\/2024\/07\/standard-test-circuit_ecm-b9750mu48-3169.png\" alt=\"Circuito di prova standard\" width=\"534\" height=\"239\" srcset=\"https:\/\/ecmicrophones.com\/wp-content\/uploads\/2024\/07\/standard-test-circuit_ecm-b9750mu48-3169.png 534w, https:\/\/ecmicrophones.com\/wp-content\/uploads\/2024\/07\/standard-test-circuit_ecm-b9750mu48-3169-300x134.png 300w, https:\/\/ecmicrophones.com\/wp-content\/uploads\/2024\/07\/standard-test-circuit_ecm-b9750mu48-3169-18x8.png 18w\" sizes=\"auto, (max-width: 534px) 100vw, 534px\" \/><\/p>\n<p>\nCondizioni di prova: RL = 680\u03a9, Vs = 1,5 V, C = 1\u03bcF.\n<\/p>\n<h3 class=\"pt-5 text-start\">Risposta in frequenza tipica<\/h3>\n<p><img loading=\"lazy\" decoding=\"async\" class=\"alignnone size-full wp-image-1244\" src=\"https:\/\/ecmicrophones.com\/wp-content\/uploads\/2024\/07\/typical-frequency-response_ecm-b9750mu48-3169.png\" alt=\"Risposta in frequenza tipica\" width=\"537\" height=\"342\" srcset=\"https:\/\/ecmicrophones.com\/wp-content\/uploads\/2024\/07\/typical-frequency-response_ecm-b9750mu48-3169.png 537w, https:\/\/ecmicrophones.com\/wp-content\/uploads\/2024\/07\/typical-frequency-response_ecm-b9750mu48-3169-300x191.png 300w, https:\/\/ecmicrophones.com\/wp-content\/uploads\/2024\/07\/typical-frequency-response_ecm-b9750mu48-3169-18x12.png 18w\" sizes=\"auto, (max-width: 537px) 100vw, 537px\" \/><\/p>\n<p>\nRisposta in frequenza: 50Hz-20kHz, con aumento uniforme e frequenze medie stabili per una voce chiara e naturale. Leggero roll-off dopo i 10 kHz per un ascolto confortevole.\n<\/p>\n<h3 class=\"pt-5 text-start\">Dimensioni (UNIT\u00c0: mm)<\/h3>\n<p><img loading=\"lazy\" decoding=\"async\" class=\"alignnone size-full wp-image-1245\" src=\"https:\/\/ecmicrophones.com\/wp-content\/uploads\/2024\/07\/appearance-dimension_ecm-b9750mu48-3169.png\" alt=\"Aspetto Dimensione\" width=\"515\" height=\"349\" srcset=\"https:\/\/ecmicrophones.com\/wp-content\/uploads\/2024\/07\/appearance-dimension_ecm-b9750mu48-3169.png 515w, https:\/\/ecmicrophones.com\/wp-content\/uploads\/2024\/07\/appearance-dimension_ecm-b9750mu48-3169-300x203.png 300w, https:\/\/ecmicrophones.com\/wp-content\/uploads\/2024\/07\/appearance-dimension_ecm-b9750mu48-3169-18x12.png 18w\" sizes=\"auto, (max-width: 515px) 100vw, 515px\" \/><\/p>\n<p>\nDimensioni della capsula microfonica: \u00d89,7 \u00d7 5mm. Dispone di una rete antipolvere anteriore e di un foro di ingresso del suono posteriore.<\/p>","protected":false},"excerpt":{"rendered":"<p>L'ECM-B9750MU48-3169 \u00e8 una capsula microfonica unidirezionale da 9,7 \u00d7 5 mm, con una sensibilit\u00e0 di -48 dB\u00b12 e un rapporto segnale\/rumore di 69 dB. \u00c8 progettata per l'uso in microfoni per cuffie.<\/p>","protected":false},"featured_media":2501,"comment_status":"open","ping_status":"closed","template":"","meta":[],"product_brand":[721],"product_cat":[16,21],"product_tag":[282,235,288],"class_list":{"0":"post-1241","1":"product","2":"type-product","3":"status-publish","4":"has-post-thumbnail","6":"product_brand-ecmic","7":"product_cat-electret-microphones","8":"product_cat-unidirectional-microphones","9":"product_tag-9-7mm","10":"product_tag-conference","11":"product_tag-solder-pads","13":"first","14":"instock","15":"shipping-taxable","16":"purchasable","17":"product-type-simple"},"_links":{"self":[{"href":"https:\/\/ecmicrophones.com\/it\/wp-json\/wp\/v2\/product\/1241","targetHints":{"allow":["GET"]}}],"collection":[{"href":"https:\/\/ecmicrophones.com\/it\/wp-json\/wp\/v2\/product"}],"about":[{"href":"https:\/\/ecmicrophones.com\/it\/wp-json\/wp\/v2\/types\/product"}],"replies":[{"embeddable":true,"href":"https:\/\/ecmicrophones.com\/it\/wp-json\/wp\/v2\/comments?post=1241"}],"wp:featuredmedia":[{"embeddable":true,"href":"https:\/\/ecmicrophones.com\/it\/wp-json\/wp\/v2\/media\/2501"}],"wp:attachment":[{"href":"https:\/\/ecmicrophones.com\/it\/wp-json\/wp\/v2\/media?parent=1241"}],"wp:term":[{"taxonomy":"product_brand","embeddable":true,"href":"https:\/\/ecmicrophones.com\/it\/wp-json\/wp\/v2\/product_brand?post=1241"},{"taxonomy":"product_cat","embeddable":true,"href":"https:\/\/ecmicrophones.com\/it\/wp-json\/wp\/v2\/product_cat?post=1241"},{"taxonomy":"product_tag","embeddable":true,"href":"https:\/\/ecmicrophones.com\/it\/wp-json\/wp\/v2\/product_tag?post=1241"}],"curies":[{"name":"wp","href":"https:\/\/api.w.org\/{rel}","templated":true}]}}