{"id":1260,"date":"2024-07-10T17:36:47","date_gmt":"2024-07-10T09:36:47","guid":{"rendered":"https:\/\/ecmicrophones.com\/?post_type=product&#038;p=1260"},"modified":"2026-03-19T15:46:15","modified_gmt":"2026-03-19T07:46:15","slug":"9-7mm-electret-condenser-microphone-element-for-lavalier-mics","status":"publish","type":"product","link":"https:\/\/ecmicrophones.com\/it\/9-7mm-electret-condenser-microphone-element-for-lavalier-mics\/","title":{"rendered":"Elemento microfonico a condensatore electret da 9,7 mm per microfoni lavalier"},"content":{"rendered":"<h2 class=\"text-start\">Specifiche tecniche<\/h2>\n<p class=\"text-start\">La testa del microfono da bavero 9750, un pickup unidirezionale da 9 mm, \u00e8 caratterizzata da un'elevata sensibilit\u00e0, un'eccellente qualit\u00e0 del suono e un'efficace riduzione del rumore, cancellazione e resistenza alle interferenze.<\/p>\n<h3 class=\"pt-5 text-start\">Circuito di prova standard<\/h3>\n<p> <img loading=\"lazy\" decoding=\"async\" src=\"https:\/\/ecmicrophones.com\/wp-content\/uploads\/2024\/07\/standard-test-circuit_ecm-b9750ul-sbn-44.png\" alt=\"Circuito di prova standard\" width=\"466\" height=\"181\" class=\"alignnone size-full wp-image-1788\" srcset=\"https:\/\/ecmicrophones.com\/wp-content\/uploads\/2024\/07\/standard-test-circuit_ecm-b9750ul-sbn-44.png 466w, https:\/\/ecmicrophones.com\/wp-content\/uploads\/2024\/07\/standard-test-circuit_ecm-b9750ul-sbn-44-300x117.png 300w, https:\/\/ecmicrophones.com\/wp-content\/uploads\/2024\/07\/standard-test-circuit_ecm-b9750ul-sbn-44-18x7.png 18w\" sizes=\"auto, (max-width: 466px) 100vw, 466px\" \/> <\/p>\n<p>Condizioni di prova: Resistenza di carico (RL) = 680\u03a9, tensione di alimentazione (VS) = 1,5 V, condensatore di accoppiamento (C) = 1\u03bcF.<\/p>\n<h3 class=\"pt-5 text-start\">Risposta in frequenza tipica<\/h3>\n<p> <img loading=\"lazy\" decoding=\"async\" src=\"https:\/\/ecmicrophones.com\/wp-content\/uploads\/2024\/07\/typical-frequency-response_ecm-b9750ul-sbn-44.png\" alt=\"Risposta in frequenza tipica\" width=\"596\" height=\"184\" class=\"alignnone size-full wp-image-1789\" srcset=\"https:\/\/ecmicrophones.com\/wp-content\/uploads\/2024\/07\/typical-frequency-response_ecm-b9750ul-sbn-44.png 596w, https:\/\/ecmicrophones.com\/wp-content\/uploads\/2024\/07\/typical-frequency-response_ecm-b9750ul-sbn-44-300x93.png 300w, https:\/\/ecmicrophones.com\/wp-content\/uploads\/2024\/07\/typical-frequency-response_ecm-b9750ul-sbn-44-18x6.png 18w\" sizes=\"auto, (max-width: 596px) 100vw, 596px\" \/> <\/p>\n<p>Coprendo da 100Hz a 16kHz, la curva offre una maggiore chiarezza vocale e controlla il rumore di fondo. Le frequenze basse crescenti contribuiscono a rafforzare il parlato raccolto dal posizionamento a livello del petto.<\/p>\n<h3 class=\"pt-5 text-start\">Dimensioni (UNIT\u00c0: mm)<\/h3>\n<p> <img loading=\"lazy\" decoding=\"async\" src=\"https:\/\/ecmicrophones.com\/wp-content\/uploads\/2024\/07\/appearance-dimension_ecm-b9750ul-sbn-44.png\" alt=\"Aspetto Dimensione\" width=\"290\" height=\"281\" class=\"alignnone size-full wp-image-1787\" srcset=\"https:\/\/ecmicrophones.com\/wp-content\/uploads\/2024\/07\/appearance-dimension_ecm-b9750ul-sbn-44.png 290w, https:\/\/ecmicrophones.com\/wp-content\/uploads\/2024\/07\/appearance-dimension_ecm-b9750ul-sbn-44-12x12.png 12w\" sizes=\"auto, (max-width: 290px) 100vw, 290px\" \/> <\/p>\n<p>Diametro: 9,7 mm; altezza: 5,0 mm. Rete antipolvere sulla parte anteriore; porta audio sul retro.<\/p>","protected":false},"excerpt":{"rendered":"<p>L'ECM-B9750UL-SBN-44 \u00e8 una capsula microfonica unidirezionale da 9,7 \u00d7 5 mm, con una sensibilit\u00e0 di -44 dB\u00b13 e un rapporto segnale\/rumore di 58 dB. Viene utilizzata principalmente nei microfoni per cuffie e lapel, garantendo prestazioni affidabili per le applicazioni audio professionali.<\/p>","protected":false},"featured_media":2506,"comment_status":"open","ping_status":"closed","template":"","meta":[],"product_brand":[721],"product_cat":[21,16],"product_tag":[282,235,288],"class_list":{"0":"post-1260","1":"product","2":"type-product","3":"status-publish","4":"has-post-thumbnail","6":"product_brand-ecmic","7":"product_cat-unidirectional-microphones","8":"product_cat-electret-microphones","9":"product_tag-9-7mm","10":"product_tag-conference","11":"product_tag-solder-pads","13":"first","14":"instock","15":"shipping-taxable","16":"purchasable","17":"product-type-simple"},"_links":{"self":[{"href":"https:\/\/ecmicrophones.com\/it\/wp-json\/wp\/v2\/product\/1260","targetHints":{"allow":["GET"]}}],"collection":[{"href":"https:\/\/ecmicrophones.com\/it\/wp-json\/wp\/v2\/product"}],"about":[{"href":"https:\/\/ecmicrophones.com\/it\/wp-json\/wp\/v2\/types\/product"}],"replies":[{"embeddable":true,"href":"https:\/\/ecmicrophones.com\/it\/wp-json\/wp\/v2\/comments?post=1260"}],"wp:featuredmedia":[{"embeddable":true,"href":"https:\/\/ecmicrophones.com\/it\/wp-json\/wp\/v2\/media\/2506"}],"wp:attachment":[{"href":"https:\/\/ecmicrophones.com\/it\/wp-json\/wp\/v2\/media?parent=1260"}],"wp:term":[{"taxonomy":"product_brand","embeddable":true,"href":"https:\/\/ecmicrophones.com\/it\/wp-json\/wp\/v2\/product_brand?post=1260"},{"taxonomy":"product_cat","embeddable":true,"href":"https:\/\/ecmicrophones.com\/it\/wp-json\/wp\/v2\/product_cat?post=1260"},{"taxonomy":"product_tag","embeddable":true,"href":"https:\/\/ecmicrophones.com\/it\/wp-json\/wp\/v2\/product_tag?post=1260"}],"curies":[{"name":"wp","href":"https:\/\/api.w.org\/{rel}","templated":true}]}}