{"id":130,"date":"2024-03-27T11:26:14","date_gmt":"2024-03-27T11:26:14","guid":{"rendered":"https:\/\/ecmicrophones.com\/?post_type=product&#038;p=130"},"modified":"2026-03-19T15:41:09","modified_gmt":"2026-03-19T07:41:09","slug":"omnidirectional-electret-microphone-capsule-6mm","status":"publish","type":"product","link":"https:\/\/ecmicrophones.com\/it\/omnidirectional-electret-microphone-capsule-6mm\/","title":{"rendered":"Capsula microfonica a elettrete omnidirezionale da 6 mm con pin"},"content":{"rendered":"<h2 class=\"text-start\">Specifiche tecniche<\/h2>\n<p class=\"text-start\">La nostra testa microfonica a innesto 6050 \u00e8 un trasduttore omnidirezionale a elettrete con doppio condensatore incorporato per un'efficace schermatura delle interferenze RF. \u00c8 prodotto con JFET importati e materiali eco-compatibili, per garantire prestazioni elevate e sostenibilit\u00e0.<\/p>\n<h3 class=\"pt-5 text-start\">Circuito di prova standard<\/h3>\n<p> <img loading=\"lazy\" decoding=\"async\" class=\"alignnone size-full wp-image-275\" src=\"https:\/\/ecmicrophones.com\/wp-content\/uploads\/2024\/03\/standard-test-circuit_ecm-b6050ap40-069.png\" alt=\"Circuito di prova standard\" width=\"543\" height=\"237\" srcset=\"https:\/\/ecmicrophones.com\/wp-content\/uploads\/2024\/03\/standard-test-circuit_ecm-b6050ap40-069.png 543w, https:\/\/ecmicrophones.com\/wp-content\/uploads\/2024\/03\/standard-test-circuit_ecm-b6050ap40-069-300x131.png 300w, https:\/\/ecmicrophones.com\/wp-content\/uploads\/2024\/03\/standard-test-circuit_ecm-b6050ap40-069-18x8.png 18w\" sizes=\"auto, (max-width: 543px) 100vw, 543px\" \/> <\/p>\n<p>Condizioni di prova: RL = 2,2k\u03a9, Vs = 2V, C = 1\u03bcF<\/p>\n<h3 class=\"pt-5 text-start\">Risposta in frequenza tipica<\/h3>\n<p> <img loading=\"lazy\" decoding=\"async\" class=\"alignnone size-full wp-image-276\" src=\"https:\/\/ecmicrophones.com\/wp-content\/uploads\/2024\/03\/typical-frequency-response_ecm-b6050ap40-069.png\" alt=\"Risposta in frequenza tipica\" width=\"397\" height=\"284\" srcset=\"https:\/\/ecmicrophones.com\/wp-content\/uploads\/2024\/03\/typical-frequency-response_ecm-b6050ap40-069.png 397w, https:\/\/ecmicrophones.com\/wp-content\/uploads\/2024\/03\/typical-frequency-response_ecm-b6050ap40-069-300x215.png 300w, https:\/\/ecmicrophones.com\/wp-content\/uploads\/2024\/03\/typical-frequency-response_ecm-b6050ap40-069-18x12.png 18w\" sizes=\"auto, (max-width: 397px) 100vw, 397px\" \/> <\/p>\n<p>La risposta in frequenza va da 50Hz a 20kHz. Rimane piatta da 50Hz a 3kHz, poi aumenta tra 3kHz e 6kHz per migliorare la presenza vocale. Dopo i 6 kHz, la risposta inizia a diminuire costantemente verso le frequenze pi\u00f9 alte.<\/p>\n<h3 class=\"pt-5 text-start\">Dimensioni (UNIT\u00c0: mm)<\/h3>\n<p> <img loading=\"lazy\" decoding=\"async\" class=\"alignnone size-full wp-image-277\" src=\"https:\/\/ecmicrophones.com\/wp-content\/uploads\/2024\/03\/appearance-dimension_ecm-b6050ap40-069.png\" alt=\"Aspetto Dimensione\" width=\"238\" height=\"395\" srcset=\"https:\/\/ecmicrophones.com\/wp-content\/uploads\/2024\/03\/appearance-dimension_ecm-b6050ap40-069.png 238w, https:\/\/ecmicrophones.com\/wp-content\/uploads\/2024\/03\/appearance-dimension_ecm-b6050ap40-069-181x300.png 181w, https:\/\/ecmicrophones.com\/wp-content\/uploads\/2024\/03\/appearance-dimension_ecm-b6050ap40-069-7x12.png 7w\" sizes=\"auto, (max-width: 238px) 100vw, 238px\" \/> <\/p>\n<p>Dimensioni della capsula: 6,0 mm di diametro \u00d7 5,0 mm di altezza. La parte frontale \u00e8 dotata di una rete antipolvere, mentre la parte posteriore \u00e8 sigillata e priva di porta acustica. Dotata di pin da 4,5 mm, con spaziatura di 1,9 mm.<\/p>","protected":false},"excerpt":{"rendered":"<p>L'ECM-B6050AP40-069 \u00e8 una capsula microfonica omnidirezionale da 6 x 5 mm con 2 pin, sensibilit\u00e0 di -40 dB\u00b12 e SNR di 60 dB. Ideale per pickup di strumenti, misuratori di rumore, walkie-talkie e registrazioni con microfono a bavero.<\/p>","protected":false},"featured_media":2573,"comment_status":"open","ping_status":"closed","template":"","meta":[],"product_brand":[721],"product_cat":[16,20],"product_tag":[283,229,291],"class_list":{"0":"post-130","1":"product","2":"type-product","3":"status-publish","4":"has-post-thumbnail","6":"product_brand-ecmic","7":"product_cat-electret-microphones","8":"product_cat-omnidirectional-microphones","9":"product_tag-6mm","10":"product_tag-equipment","11":"product_tag-pin-type","13":"first","14":"instock","15":"shipping-taxable","16":"purchasable","17":"product-type-simple"},"_links":{"self":[{"href":"https:\/\/ecmicrophones.com\/it\/wp-json\/wp\/v2\/product\/130","targetHints":{"allow":["GET"]}}],"collection":[{"href":"https:\/\/ecmicrophones.com\/it\/wp-json\/wp\/v2\/product"}],"about":[{"href":"https:\/\/ecmicrophones.com\/it\/wp-json\/wp\/v2\/types\/product"}],"replies":[{"embeddable":true,"href":"https:\/\/ecmicrophones.com\/it\/wp-json\/wp\/v2\/comments?post=130"}],"wp:featuredmedia":[{"embeddable":true,"href":"https:\/\/ecmicrophones.com\/it\/wp-json\/wp\/v2\/media\/2573"}],"wp:attachment":[{"href":"https:\/\/ecmicrophones.com\/it\/wp-json\/wp\/v2\/media?parent=130"}],"wp:term":[{"taxonomy":"product_brand","embeddable":true,"href":"https:\/\/ecmicrophones.com\/it\/wp-json\/wp\/v2\/product_brand?post=130"},{"taxonomy":"product_cat","embeddable":true,"href":"https:\/\/ecmicrophones.com\/it\/wp-json\/wp\/v2\/product_cat?post=130"},{"taxonomy":"product_tag","embeddable":true,"href":"https:\/\/ecmicrophones.com\/it\/wp-json\/wp\/v2\/product_tag?post=130"}],"curies":[{"name":"wp","href":"https:\/\/api.w.org\/{rel}","templated":true}]}}