{"id":1581,"date":"2024-07-20T15:57:28","date_gmt":"2024-07-20T07:57:28","guid":{"rendered":"https:\/\/ecmicrophones.com\/?post_type=product&#038;p=1581"},"modified":"2026-03-19T15:22:46","modified_gmt":"2026-03-19T07:22:46","slug":"6mm-electret-microphone-capsule-with-pins-for-instrument-pickups","status":"publish","type":"product","link":"https:\/\/ecmicrophones.com\/it\/6mm-electret-microphone-capsule-with-pins-for-instrument-pickups\/","title":{"rendered":"Capsula microfonica a elettrete da 6 mm con perni per pickup di strumenti"},"content":{"rendered":"<h2 class=\"text-start\">Specifiche tecniche<\/h2>\n<p class=\"text-start\">La nostra testa microfonica 6022 \u00e8 un microfono omnidirezionale, a doppio condensatore, con nucleo anti-interferenza, realizzato con materiali importati ed ecologici.<\/p>\n<h3 class=\"pt-5 text-start\">Circuito di prova standard<\/h3>\n<p> <img loading=\"lazy\" decoding=\"async\" class=\"alignnone size-full wp-image-1583\" src=\"https:\/\/ecmicrophones.com\/wp-content\/uploads\/2024\/07\/standard-test-circuit_ecm-b6022ap2.8-44.jpg\" alt=\"Circuito di prova standard\" width=\"776\" height=\"339\" srcset=\"https:\/\/ecmicrophones.com\/wp-content\/uploads\/2024\/07\/standard-test-circuit_ecm-b6022ap2.8-44.jpg 776w, https:\/\/ecmicrophones.com\/wp-content\/uploads\/2024\/07\/standard-test-circuit_ecm-b6022ap2.8-44-300x131.jpg 300w, https:\/\/ecmicrophones.com\/wp-content\/uploads\/2024\/07\/standard-test-circuit_ecm-b6022ap2.8-44-768x336.jpg 768w, https:\/\/ecmicrophones.com\/wp-content\/uploads\/2024\/07\/standard-test-circuit_ecm-b6022ap2.8-44-18x8.jpg 18w, https:\/\/ecmicrophones.com\/wp-content\/uploads\/2024\/07\/standard-test-circuit_ecm-b6022ap2.8-44-600x262.jpg 600w\" sizes=\"auto, (max-width: 776px) 100vw, 776px\" \/> <\/p>\n<p>Condizioni di prova: RL = 2,2k\u03a9, Vs = 2V, C = 1\u03bcF<\/p>\n<h3 class=\"pt-5 text-start\">Risposta in frequenza tipica<\/h3>\n<p> <img loading=\"lazy\" decoding=\"async\" class=\"alignnone size-full wp-image-1584\" src=\"https:\/\/ecmicrophones.com\/wp-content\/uploads\/2024\/07\/typical-frequency-response_ecm-b6022ap2.8-44.jpg\" alt=\"Risposta in frequenza tipica\" width=\"783\" height=\"550\" srcset=\"https:\/\/ecmicrophones.com\/wp-content\/uploads\/2024\/07\/typical-frequency-response_ecm-b6022ap2.8-44.jpg 783w, https:\/\/ecmicrophones.com\/wp-content\/uploads\/2024\/07\/typical-frequency-response_ecm-b6022ap2.8-44-300x211.jpg 300w, https:\/\/ecmicrophones.com\/wp-content\/uploads\/2024\/07\/typical-frequency-response_ecm-b6022ap2.8-44-768x539.jpg 768w, https:\/\/ecmicrophones.com\/wp-content\/uploads\/2024\/07\/typical-frequency-response_ecm-b6022ap2.8-44-18x12.jpg 18w, https:\/\/ecmicrophones.com\/wp-content\/uploads\/2024\/07\/typical-frequency-response_ecm-b6022ap2.8-44-600x421.jpg 600w\" sizes=\"auto, (max-width: 783px) 100vw, 783px\" \/> <\/p>\n<p>La risposta in frequenza va da 50Hz a 20kHz. La curva aumenta costantemente da 50Hz a circa 200Hz, seguita da una regione relativamente stabile con leggere fluttuazioni. Un aumento pi\u00f9 pronunciato inizia intorno ai 2 kHz, raggiungendo un picco vicino agli 8 kHz prima di diminuire gradualmente. Intorno ai 10 kHz si verifica di nuovo un lieve aumento prima del roll-off finale.<\/p>\n<h3 class=\"pt-5 text-start\">Dimensioni (UNIT\u00c0: mm)<\/h3>\n<p> <img loading=\"lazy\" decoding=\"async\" class=\"alignnone size-full wp-image-1582\" src=\"https:\/\/ecmicrophones.com\/wp-content\/uploads\/2024\/07\/appearance-dimension_ecm-b6022ap2.8-44.jpg\" alt=\"Aspetto Dimensione\" width=\"663\" height=\"485\" srcset=\"https:\/\/ecmicrophones.com\/wp-content\/uploads\/2024\/07\/appearance-dimension_ecm-b6022ap2.8-44.jpg 663w, https:\/\/ecmicrophones.com\/wp-content\/uploads\/2024\/07\/appearance-dimension_ecm-b6022ap2.8-44-300x219.jpg 300w, https:\/\/ecmicrophones.com\/wp-content\/uploads\/2024\/07\/appearance-dimension_ecm-b6022ap2.8-44-16x12.jpg 16w, https:\/\/ecmicrophones.com\/wp-content\/uploads\/2024\/07\/appearance-dimension_ecm-b6022ap2.8-44-600x439.jpg 600w\" sizes=\"auto, (max-width: 663px) 100vw, 663px\" \/> <\/p>\n<p>La capsula misura 6 mm di diametro e 2,2 mm di altezza. La parte anteriore \u00e8 dotata di una rete antipolvere, mentre la parte posteriore \u00e8 completamente sigillata senza porta acustica. Dotata di pin da 2,8 mm, con spaziatura di 1,9 mm.<\/p>","protected":false},"excerpt":{"rendered":"<p>L'ECM-B6022AP2.8-44 \u00e8 una capsula microfonica omnidirezionale da 6 \u00d7 2,2 mm con una sensibilit\u00e0 di -44 dB\u00b12 e un rapporto segnale\/rumore di 55 dB. \u00c8 adatto per pickup, telecamere per documenti, citofoni e microfoni lavalier, fornendo un'acquisizione audio affidabile e chiara per varie applicazioni.<\/p>","protected":false},"featured_media":2687,"comment_status":"open","ping_status":"closed","template":"","meta":[],"product_brand":[721],"product_cat":[16,20],"product_tag":[283,111,291],"class_list":{"0":"post-1581","1":"product","2":"type-product","3":"status-publish","4":"has-post-thumbnail","6":"product_brand-ecmic","7":"product_cat-electret-microphones","8":"product_cat-omnidirectional-microphones","9":"product_tag-6mm","10":"product_tag-instrument","11":"product_tag-pin-type","13":"first","14":"instock","15":"shipping-taxable","16":"purchasable","17":"product-type-simple"},"_links":{"self":[{"href":"https:\/\/ecmicrophones.com\/it\/wp-json\/wp\/v2\/product\/1581","targetHints":{"allow":["GET"]}}],"collection":[{"href":"https:\/\/ecmicrophones.com\/it\/wp-json\/wp\/v2\/product"}],"about":[{"href":"https:\/\/ecmicrophones.com\/it\/wp-json\/wp\/v2\/types\/product"}],"replies":[{"embeddable":true,"href":"https:\/\/ecmicrophones.com\/it\/wp-json\/wp\/v2\/comments?post=1581"}],"wp:featuredmedia":[{"embeddable":true,"href":"https:\/\/ecmicrophones.com\/it\/wp-json\/wp\/v2\/media\/2687"}],"wp:attachment":[{"href":"https:\/\/ecmicrophones.com\/it\/wp-json\/wp\/v2\/media?parent=1581"}],"wp:term":[{"taxonomy":"product_brand","embeddable":true,"href":"https:\/\/ecmicrophones.com\/it\/wp-json\/wp\/v2\/product_brand?post=1581"},{"taxonomy":"product_cat","embeddable":true,"href":"https:\/\/ecmicrophones.com\/it\/wp-json\/wp\/v2\/product_cat?post=1581"},{"taxonomy":"product_tag","embeddable":true,"href":"https:\/\/ecmicrophones.com\/it\/wp-json\/wp\/v2\/product_tag?post=1581"}],"curies":[{"name":"wp","href":"https:\/\/api.w.org\/{rel}","templated":true}]}}