{"id":159,"date":"2024-03-27T11:46:06","date_gmt":"2024-03-27T11:46:06","guid":{"rendered":"https:\/\/ecmicrophones.com\/?post_type=product&#038;p=159"},"modified":"2026-03-19T15:42:14","modified_gmt":"2026-03-19T07:42:14","slug":"omnidirectional-electret-microphone-capsule-for-2-4g-wireless-lavalier","status":"publish","type":"product","link":"https:\/\/ecmicrophones.com\/it\/omnidirectional-electret-microphone-capsule-for-2-4g-wireless-lavalier\/","title":{"rendered":"Capsula microfonica electret omnidirezionale per lavalier wireless 2.4G"},"content":{"rendered":"<h2 class=\"text-start\">Specifiche tecniche<\/h2>\n<p class=\"text-start\">La testa del microfono omnidirezionale 6027 vanta un rapporto segnale\/rumore di 73 dB, un livello massimo di pressione sonora di 125 dB e un tasso di distorsione di \u22641%, garantendo un basso rumore, un'alta fedelt\u00e0 e una qualit\u00e0 audio Hi-Fi per una riproduzione audio accurata.<\/p>\n<h3 class=\"pt-5 text-start\">Circuito di prova standard<\/h3>\n<p><img loading=\"lazy\" decoding=\"async\" class=\"alignnone size-full wp-image-291\" src=\"https:\/\/ecmicrophones.com\/wp-content\/uploads\/2024\/03\/standard-test-circuit_ecm-b6027aml37-23373.png\" alt=\"ECM-B6027AML37-23373 Circuito di test standard: polarizzazione 15k\u03a9, alimentazione 2V, uscita 1\u03bcF\" width=\"507\" height=\"230\" srcset=\"https:\/\/ecmicrophones.com\/wp-content\/uploads\/2024\/03\/standard-test-circuit_ecm-b6027aml37-23373.png 507w, https:\/\/ecmicrophones.com\/wp-content\/uploads\/2024\/03\/standard-test-circuit_ecm-b6027aml37-23373-300x136.png 300w, https:\/\/ecmicrophones.com\/wp-content\/uploads\/2024\/03\/standard-test-circuit_ecm-b6027aml37-23373-18x8.png 18w\" sizes=\"auto, (max-width: 507px) 100vw, 507px\" \/><\/p>\n<p>Circuito di prova configurato con una resistenza di polarizzazione da 15k\u03a9, una tensione di alimentazione di 2V CC e un condensatore di accoppiamento da 1\u03bcF.<\/p>\n<h3 class=\"pt-5 text-start\">Risposta in frequenza tipica<\/h3>\n<p><img loading=\"lazy\" decoding=\"async\" class=\"alignnone size-full wp-image-292\" src=\"https:\/\/ecmicrophones.com\/wp-content\/uploads\/2024\/03\/typical-frequency-response_ecm-b6027aml37-23373.png\" alt=\"ECM-B6027AML37-23373 Curva di risposta in frequenza\" width=\"397\" height=\"284\" srcset=\"https:\/\/ecmicrophones.com\/wp-content\/uploads\/2024\/03\/typical-frequency-response_ecm-b6027aml37-23373.png 397w, https:\/\/ecmicrophones.com\/wp-content\/uploads\/2024\/03\/typical-frequency-response_ecm-b6027aml37-23373-300x215.png 300w, https:\/\/ecmicrophones.com\/wp-content\/uploads\/2024\/03\/typical-frequency-response_ecm-b6027aml37-23373-18x12.png 18w\" sizes=\"auto, (max-width: 397px) 100vw, 397px\" \/><\/p>\n<p>La risposta in frequenza \u00e8 relativamente piatta e regolare da 50Hz a 4kHz, con un leggero incremento seguito da un graduale roll-off a partire da 5kHz.<\/p>\n<h3 class=\"pt-5 text-start\">Dimensioni (UNIT\u00c0: mm)<\/h3>\n<p><img loading=\"lazy\" decoding=\"async\" class=\"alignnone size-full wp-image-290\" src=\"https:\/\/ecmicrophones.com\/wp-content\/uploads\/2024\/03\/appearance-dimension_ecm-b6027aml37-23373.png\" alt=\"Dimensioni di ECM-B6027AML37-23373: \u03a66\u00d72,7 mm\" width=\"600\" height=\"467\" srcset=\"https:\/\/ecmicrophones.com\/wp-content\/uploads\/2024\/03\/appearance-dimension_ecm-b6027aml37-23373.png 600w, https:\/\/ecmicrophones.com\/wp-content\/uploads\/2024\/03\/appearance-dimension_ecm-b6027aml37-23373-300x234.png 300w, https:\/\/ecmicrophones.com\/wp-content\/uploads\/2024\/03\/appearance-dimension_ecm-b6027aml37-23373-15x12.png 15w\" sizes=\"auto, (max-width: 600px) 100vw, 600px\" \/><\/p>\n<p>Capsula compatta di \u03a66 \u00d7 2,7 mm, dotata di una rete frontale antipolvere e di un retro sigillato senza aperture.<\/p>","protected":false},"excerpt":{"rendered":"<p>L'ECM-B6027AML37-23373 \u00e8 una capsula microfonica omnidirezionale di fascia alta adatta a microfoni lapel wireless 2.4G, microfoni per videoconferenze e altri prodotti di alta qualit\u00e0. Con dimensioni di 6 \u00d7 2,7 mm, presenta una sensibilit\u00e0 di -37dB\u00b12 e un rapporto segnale\/rumore di 73dB, garantendo una qualit\u00e0 audio eccezionale.<\/p>","protected":false},"featured_media":2483,"comment_status":"open","ping_status":"closed","template":"","meta":[],"product_brand":[721],"product_cat":[16,20],"product_tag":[283,235,288],"class_list":{"0":"post-159","1":"product","2":"type-product","3":"status-publish","4":"has-post-thumbnail","6":"product_brand-ecmic","7":"product_cat-electret-microphones","8":"product_cat-omnidirectional-microphones","9":"product_tag-6mm","10":"product_tag-conference","11":"product_tag-solder-pads","13":"first","14":"instock","15":"shipping-taxable","16":"purchasable","17":"product-type-simple"},"_links":{"self":[{"href":"https:\/\/ecmicrophones.com\/it\/wp-json\/wp\/v2\/product\/159","targetHints":{"allow":["GET"]}}],"collection":[{"href":"https:\/\/ecmicrophones.com\/it\/wp-json\/wp\/v2\/product"}],"about":[{"href":"https:\/\/ecmicrophones.com\/it\/wp-json\/wp\/v2\/types\/product"}],"replies":[{"embeddable":true,"href":"https:\/\/ecmicrophones.com\/it\/wp-json\/wp\/v2\/comments?post=159"}],"wp:featuredmedia":[{"embeddable":true,"href":"https:\/\/ecmicrophones.com\/it\/wp-json\/wp\/v2\/media\/2483"}],"wp:attachment":[{"href":"https:\/\/ecmicrophones.com\/it\/wp-json\/wp\/v2\/media?parent=159"}],"wp:term":[{"taxonomy":"product_brand","embeddable":true,"href":"https:\/\/ecmicrophones.com\/it\/wp-json\/wp\/v2\/product_brand?post=159"},{"taxonomy":"product_cat","embeddable":true,"href":"https:\/\/ecmicrophones.com\/it\/wp-json\/wp\/v2\/product_cat?post=159"},{"taxonomy":"product_tag","embeddable":true,"href":"https:\/\/ecmicrophones.com\/it\/wp-json\/wp\/v2\/product_tag?post=159"}],"curies":[{"name":"wp","href":"https:\/\/api.w.org\/{rel}","templated":true}]}}