{"id":1608,"date":"2024-07-22T16:05:38","date_gmt":"2024-07-22T08:05:38","guid":{"rendered":"https:\/\/ecmicrophones.com\/?post_type=product&#038;p=1608"},"modified":"2026-03-19T15:21:45","modified_gmt":"2026-03-19T07:21:45","slug":"4mm-unidirectional-electret-microphone-capsule-with-pins","status":"publish","type":"product","link":"https:\/\/ecmicrophones.com\/it\/4mm-unidirectional-electret-microphone-capsule-with-pins\/","title":{"rendered":"Capsula microfonica electret unidirezionale da 4 mm con pin"},"content":{"rendered":"<h2 class=\"text-start\">Specifiche tecniche<\/h2>\n<p class=\"text-start\">Il nucleo del microfono unidirezionale 4015 \u00e8 dotato di due condensatori che ne migliorano le capacit\u00e0 anti-interferenza. La lunghezza dei pin di 2,8 mm garantisce un audio chiaro e prestazioni affidabili in diverse applicazioni.<\/p>\n<h3 class=\"pt-5 text-start\">Circuito di prova standard<\/h3>\n<p> <img loading=\"lazy\" decoding=\"async\" class=\"alignnone size-full wp-image-439\" src=\"https:\/\/ecmicrophones.com\/wp-content\/uploads\/2024\/04\/standard-test-circuit_.png\" alt=\"Circuito di prova standard\" width=\"826\" height=\"443\" srcset=\"https:\/\/ecmicrophones.com\/wp-content\/uploads\/2024\/04\/standard-test-circuit_.png 826w, https:\/\/ecmicrophones.com\/wp-content\/uploads\/2024\/04\/standard-test-circuit_-300x161.png 300w, https:\/\/ecmicrophones.com\/wp-content\/uploads\/2024\/04\/standard-test-circuit_-768x412.png 768w, https:\/\/ecmicrophones.com\/wp-content\/uploads\/2024\/04\/standard-test-circuit_-18x10.png 18w, https:\/\/ecmicrophones.com\/wp-content\/uploads\/2024\/04\/standard-test-circuit_-600x322.png 600w\" sizes=\"auto, (max-width: 826px) 100vw, 826px\" \/> <\/p>\n<p>Condizioni di prova: RL = 2,2k\u03a9, Vs = 2V, C = 1\u03bcF<\/p>\n<h3 class=\"pt-5 text-start\">Risposta in frequenza tipica<\/h3>\n<p> <img loading=\"lazy\" decoding=\"async\" class=\"alignnone size-full wp-image-440\" src=\"https:\/\/ecmicrophones.com\/wp-content\/uploads\/2024\/04\/typical-frequency-response_.png\" alt=\"Risposta in frequenza tipica\" width=\"773\" height=\"272\" srcset=\"https:\/\/ecmicrophones.com\/wp-content\/uploads\/2024\/04\/typical-frequency-response_.png 773w, https:\/\/ecmicrophones.com\/wp-content\/uploads\/2024\/04\/typical-frequency-response_-300x106.png 300w, https:\/\/ecmicrophones.com\/wp-content\/uploads\/2024\/04\/typical-frequency-response_-768x270.png 768w, https:\/\/ecmicrophones.com\/wp-content\/uploads\/2024\/04\/typical-frequency-response_-18x6.png 18w, https:\/\/ecmicrophones.com\/wp-content\/uploads\/2024\/04\/typical-frequency-response_-600x211.png 600w\" sizes=\"auto, (max-width: 773px) 100vw, 773px\" \/> <\/p>\n<p>La risposta si estende da 100Hz a 20kHz, con un aumento costante lungo tutto lo spettro che migliora la chiarezza e la presenza vocale. Intorno ai 10 kHz, un ulteriore aumento migliora l'articolazione delle frequenze pi\u00f9 alte, rendendolo adatto alla cattura del parlato. La risposta si stabilizza brevemente prima di diminuire gradualmente dopo i 16 kHz.<\/p>\n<h3 class=\"pt-5 text-start\">Dimensioni (UNIT\u00c0: mm)<\/h3>\n<p> <img loading=\"lazy\" decoding=\"async\" class=\"alignnone size-full wp-image-441\" src=\"https:\/\/ecmicrophones.com\/wp-content\/uploads\/2024\/04\/appearance-dimension_.png\" alt=\"Aspetto Dimensione\" width=\"972\" height=\"348\" srcset=\"https:\/\/ecmicrophones.com\/wp-content\/uploads\/2024\/04\/appearance-dimension_.png 972w, https:\/\/ecmicrophones.com\/wp-content\/uploads\/2024\/04\/appearance-dimension_-300x107.png 300w, https:\/\/ecmicrophones.com\/wp-content\/uploads\/2024\/04\/appearance-dimension_-768x275.png 768w, https:\/\/ecmicrophones.com\/wp-content\/uploads\/2024\/04\/appearance-dimension_-18x6.png 18w, https:\/\/ecmicrophones.com\/wp-content\/uploads\/2024\/04\/appearance-dimension_-600x215.png 600w\" sizes=\"auto, (max-width: 972px) 100vw, 972px\" \/> <\/p>\n<p>La capsula misura 4 mm di diametro e 1,5 mm di altezza. La parte anteriore \u00e8 dotata di una rete antipolvere, mentre la parte posteriore include una porta acustica. Dotato di pin da 2,8 mm per l'inserimento in circuiti stampati di microfoni lavalier compatti, con spaziatura di 1,2 mm.<\/p>","protected":false},"excerpt":{"rendered":"<p>L'ECM-B4015UP38-YL \u00e8 una capsula microfonica unidirezionale da 4 \u00d7 1,5 mm con una sensibilit\u00e0 di -38 dB\u00b12 e un rapporto segnale\/rumore di 60 dB. \u00c8 progettata per microfoni a bavero.<\/p>","protected":false},"featured_media":2681,"comment_status":"open","ping_status":"closed","template":"","meta":[],"product_brand":[721],"product_cat":[16,21],"product_tag":[284,235,291],"class_list":{"0":"post-1608","1":"product","2":"type-product","3":"status-publish","4":"has-post-thumbnail","6":"product_brand-ecmic","7":"product_cat-electret-microphones","8":"product_cat-unidirectional-microphones","9":"product_tag-4mm","10":"product_tag-conference","11":"product_tag-pin-type","13":"first","14":"instock","15":"shipping-taxable","16":"purchasable","17":"product-type-simple"},"_links":{"self":[{"href":"https:\/\/ecmicrophones.com\/it\/wp-json\/wp\/v2\/product\/1608","targetHints":{"allow":["GET"]}}],"collection":[{"href":"https:\/\/ecmicrophones.com\/it\/wp-json\/wp\/v2\/product"}],"about":[{"href":"https:\/\/ecmicrophones.com\/it\/wp-json\/wp\/v2\/types\/product"}],"replies":[{"embeddable":true,"href":"https:\/\/ecmicrophones.com\/it\/wp-json\/wp\/v2\/comments?post=1608"}],"wp:featuredmedia":[{"embeddable":true,"href":"https:\/\/ecmicrophones.com\/it\/wp-json\/wp\/v2\/media\/2681"}],"wp:attachment":[{"href":"https:\/\/ecmicrophones.com\/it\/wp-json\/wp\/v2\/media?parent=1608"}],"wp:term":[{"taxonomy":"product_brand","embeddable":true,"href":"https:\/\/ecmicrophones.com\/it\/wp-json\/wp\/v2\/product_brand?post=1608"},{"taxonomy":"product_cat","embeddable":true,"href":"https:\/\/ecmicrophones.com\/it\/wp-json\/wp\/v2\/product_cat?post=1608"},{"taxonomy":"product_tag","embeddable":true,"href":"https:\/\/ecmicrophones.com\/it\/wp-json\/wp\/v2\/product_tag?post=1608"}],"curies":[{"name":"wp","href":"https:\/\/api.w.org\/{rel}","templated":true}]}}