{"id":1631,"date":"2024-07-22T17:53:24","date_gmt":"2024-07-22T09:53:24","guid":{"rendered":"https:\/\/ecmicrophones.com\/?post_type=product&#038;p=1631"},"modified":"2026-03-19T15:21:02","modified_gmt":"2026-03-19T07:21:02","slug":"25mm-large-diaphragm-electret-microphone-capsule","status":"publish","type":"product","link":"https:\/\/ecmicrophones.com\/it\/25mm-large-diaphragm-electret-microphone-capsule\/","title":{"rendered":"Capsula microfonica a elettrete a diaframma grande da 25 mm"},"content":{"rendered":"<h2 class=\"text-start\">Specifiche tecniche<\/h2>\n<p class=\"text-start\">La capsula microfonica a condensatore a diaframma largo 2587 offre un'alta fedelt\u00e0 con un elevato rapporto segnale\/rumore e un basso auto-rumore, con uscita a livello di sorgente.<\/p>\n<h3 class=\"pt-5 text-start\">Circuito di prova standard<\/h3>\n<p><img loading=\"lazy\" decoding=\"async\" class=\"alignnone size-full wp-image-1633\" src=\"https:\/\/ecmicrophones.com\/wp-content\/uploads\/2024\/07\/standard-test-circuit_ecm-b25087ul-45.png\" alt=\"Circuito di prova standard\" width=\"562\" height=\"244\" srcset=\"https:\/\/ecmicrophones.com\/wp-content\/uploads\/2024\/07\/standard-test-circuit_ecm-b25087ul-45.png 562w, https:\/\/ecmicrophones.com\/wp-content\/uploads\/2024\/07\/standard-test-circuit_ecm-b25087ul-45-300x130.png 300w, https:\/\/ecmicrophones.com\/wp-content\/uploads\/2024\/07\/standard-test-circuit_ecm-b25087ul-45-18x8.png 18w\" sizes=\"auto, (max-width: 562px) 100vw, 562px\" \/><\/p>\n<p>Condizioni di prova: RL = 680\u03a9, Vs = 1,5V, C = 1\u03bcF<\/p>\n<h3 class=\"pt-5 text-start\">Risposta in frequenza tipica<\/h3>\n<p><img loading=\"lazy\" decoding=\"async\" class=\"alignnone size-full wp-image-1634\" src=\"https:\/\/ecmicrophones.com\/wp-content\/uploads\/2024\/07\/typical-frequency-response_ecm-b25087ul-45.png\" alt=\"Risposta in frequenza tipica\" width=\"696\" height=\"242\" srcset=\"https:\/\/ecmicrophones.com\/wp-content\/uploads\/2024\/07\/typical-frequency-response_ecm-b25087ul-45.png 696w, https:\/\/ecmicrophones.com\/wp-content\/uploads\/2024\/07\/typical-frequency-response_ecm-b25087ul-45-300x104.png 300w, https:\/\/ecmicrophones.com\/wp-content\/uploads\/2024\/07\/typical-frequency-response_ecm-b25087ul-45-18x6.png 18w, https:\/\/ecmicrophones.com\/wp-content\/uploads\/2024\/07\/typical-frequency-response_ecm-b25087ul-45-600x209.png 600w\" sizes=\"auto, (max-width: 696px) 100vw, 696px\" \/><\/p>\n<p>La risposta in frequenza copre da 100Hz a 16kHz con una tendenza generalmente crescente e una fluttuazione minima. Una notevole spinta nella gamma delle alte frequenze migliora la chiarezza e il dettaglio nell'audio di fascia alta.<\/p>\n<h3 class=\"pt-5 text-start\">Dimensioni (UNIT\u00c0: mm)<\/h3>\n<p><img loading=\"lazy\" decoding=\"async\" class=\"alignnone size-full wp-image-1632\" src=\"https:\/\/ecmicrophones.com\/wp-content\/uploads\/2024\/07\/appearance-dimension_ecm-b25087ul-45.png\" alt=\"Aspetto Dimensione\" width=\"672\" height=\"267\" srcset=\"https:\/\/ecmicrophones.com\/wp-content\/uploads\/2024\/07\/appearance-dimension_ecm-b25087ul-45.png 672w, https:\/\/ecmicrophones.com\/wp-content\/uploads\/2024\/07\/appearance-dimension_ecm-b25087ul-45-300x119.png 300w, https:\/\/ecmicrophones.com\/wp-content\/uploads\/2024\/07\/appearance-dimension_ecm-b25087ul-45-18x7.png 18w, https:\/\/ecmicrophones.com\/wp-content\/uploads\/2024\/07\/appearance-dimension_ecm-b25087ul-45-600x238.png 600w\" sizes=\"auto, (max-width: 672px) 100vw, 672px\" \/><\/p>\n<p>La capsula misura 25 mm di diametro e 8,7 mm di altezza e presenta una porta acustica posteriore. Progettata con tre piazzole di saldatura, offre un'uscita source follower per una trasmissione del segnale stabile e a bassa impedenza.<\/p>","protected":false},"excerpt":{"rendered":"<p>L'ECM-B25087UL-45 \u00e8 una capsula microfonica unidirezionale da 25 \u00d7 8,7 mm con una sensibilit\u00e0 di -45dB\u00b12 e un rapporto segnale\/rumore di 70dB. \u00c8 progettato per applicazioni di live streaming e offre una qualit\u00e0 audio robusta e prestazioni elevate per un'acquisizione audio chiara.<\/p>","protected":false},"featured_media":2695,"comment_status":"open","ping_status":"closed","template":"","meta":[],"product_brand":[721],"product_cat":[21,16],"product_tag":[278,292,116],"class_list":{"0":"post-1631","1":"product","2":"type-product","3":"status-publish","4":"has-post-thumbnail","6":"product_brand-ecmic","7":"product_cat-unidirectional-microphones","8":"product_cat-electret-microphones","9":"product_tag-25mm","10":"product_tag-3-solder-pads","11":"product_tag-vocal","13":"first","14":"instock","15":"shipping-taxable","16":"purchasable","17":"product-type-simple"},"_links":{"self":[{"href":"https:\/\/ecmicrophones.com\/it\/wp-json\/wp\/v2\/product\/1631","targetHints":{"allow":["GET"]}}],"collection":[{"href":"https:\/\/ecmicrophones.com\/it\/wp-json\/wp\/v2\/product"}],"about":[{"href":"https:\/\/ecmicrophones.com\/it\/wp-json\/wp\/v2\/types\/product"}],"replies":[{"embeddable":true,"href":"https:\/\/ecmicrophones.com\/it\/wp-json\/wp\/v2\/comments?post=1631"}],"wp:featuredmedia":[{"embeddable":true,"href":"https:\/\/ecmicrophones.com\/it\/wp-json\/wp\/v2\/media\/2695"}],"wp:attachment":[{"href":"https:\/\/ecmicrophones.com\/it\/wp-json\/wp\/v2\/media?parent=1631"}],"wp:term":[{"taxonomy":"product_brand","embeddable":true,"href":"https:\/\/ecmicrophones.com\/it\/wp-json\/wp\/v2\/product_brand?post=1631"},{"taxonomy":"product_cat","embeddable":true,"href":"https:\/\/ecmicrophones.com\/it\/wp-json\/wp\/v2\/product_cat?post=1631"},{"taxonomy":"product_tag","embeddable":true,"href":"https:\/\/ecmicrophones.com\/it\/wp-json\/wp\/v2\/product_tag?post=1631"}],"curies":[{"name":"wp","href":"https:\/\/api.w.org\/{rel}","templated":true}]}}