{"id":1655,"date":"2024-07-23T17:55:08","date_gmt":"2024-07-23T09:55:08","guid":{"rendered":"https:\/\/ecmicrophones.com\/?post_type=product&#038;p=1655"},"modified":"2026-03-19T15:20:26","modified_gmt":"2026-03-19T07:20:26","slug":"14mm-high-performance-electret-microphone-insert-for-streaming","status":"publish","type":"product","link":"https:\/\/ecmicrophones.com\/it\/14mm-high-performance-electret-microphone-insert-for-streaming\/","title":{"rendered":"Inserto per microfono a elettrete da 14 mm ad alte prestazioni per lo streaming"},"content":{"rendered":"<h2 class=\"text-start\">Specifiche tecniche<\/h2>\n<p class=\"text-start\">La capsula microfonica a elettrete 1465 offre un elevato rapporto segnale\/rumore, un basso livello di rumore e un'eccezionale fedelt\u00e0 audio. Realizzata con materiali ecologici, funziona in modo affidabile anche in ambienti difficili, perfetta per le applicazioni audio professionali.<\/p>\n<h3 class=\"pt-5 text-start\">Circuito di prova standard<\/h3>\n<p><img loading=\"lazy\" decoding=\"async\" class=\"alignnone size-full wp-image-1657\" src=\"https:\/\/ecmicrophones.com\/wp-content\/uploads\/2024\/07\/standard-test-circuit_ecm-b1465ul-45.png\" alt=\"Circuito di prova standard\" width=\"324\" height=\"153\" srcset=\"https:\/\/ecmicrophones.com\/wp-content\/uploads\/2024\/07\/standard-test-circuit_ecm-b1465ul-45.png 324w, https:\/\/ecmicrophones.com\/wp-content\/uploads\/2024\/07\/standard-test-circuit_ecm-b1465ul-45-300x142.png 300w, https:\/\/ecmicrophones.com\/wp-content\/uploads\/2024\/07\/standard-test-circuit_ecm-b1465ul-45-18x9.png 18w\" sizes=\"auto, (max-width: 324px) 100vw, 324px\" \/><\/p>\n<p>Condizioni di prova: RL = 680\u03a9, Vs = 1,5 V, C = 1\u00b5F.<\/p>\n<h3 class=\"pt-5 text-start\">Risposta in frequenza tipica<\/h3>\n<p><img loading=\"lazy\" decoding=\"async\" class=\"alignnone size-full wp-image-1658\" src=\"https:\/\/ecmicrophones.com\/wp-content\/uploads\/2024\/07\/typical-frequency-response_ecm-b1465ul-45.png\" alt=\"Risposta in frequenza tipica\" width=\"630\" height=\"275\" srcset=\"https:\/\/ecmicrophones.com\/wp-content\/uploads\/2024\/07\/typical-frequency-response_ecm-b1465ul-45.png 630w, https:\/\/ecmicrophones.com\/wp-content\/uploads\/2024\/07\/typical-frequency-response_ecm-b1465ul-45-300x131.png 300w, https:\/\/ecmicrophones.com\/wp-content\/uploads\/2024\/07\/typical-frequency-response_ecm-b1465ul-45-18x8.png 18w, https:\/\/ecmicrophones.com\/wp-content\/uploads\/2024\/07\/typical-frequency-response_ecm-b1465ul-45-600x262.png 600w\" sizes=\"auto, (max-width: 630px) 100vw, 630px\" \/><\/p>\n<p>La risposta in frequenza aumenta costantemente da 100Hz a circa 600Hz, poi rimane per lo pi\u00f9 piatta fino a circa 9kHz con fluttuazioni minime. In prossimit\u00e0 dei 9-10 kHz, si verifica un picco moderato prima che la risposta si riduca gradualmente.<\/p>\n<h3 class=\"pt-5 text-start\">Dimensioni (UNIT\u00c0: mm)<\/h3>\n<p><img loading=\"lazy\" decoding=\"async\" class=\"alignnone size-full wp-image-1656\" src=\"https:\/\/ecmicrophones.com\/wp-content\/uploads\/2024\/07\/appearance-dimension_ecm-b1465ul-45.png\" alt=\"Aspetto Dimensione\" width=\"915\" height=\"344\" srcset=\"https:\/\/ecmicrophones.com\/wp-content\/uploads\/2024\/07\/appearance-dimension_ecm-b1465ul-45.png 915w, https:\/\/ecmicrophones.com\/wp-content\/uploads\/2024\/07\/appearance-dimension_ecm-b1465ul-45-300x113.png 300w, https:\/\/ecmicrophones.com\/wp-content\/uploads\/2024\/07\/appearance-dimension_ecm-b1465ul-45-768x289.png 768w, https:\/\/ecmicrophones.com\/wp-content\/uploads\/2024\/07\/appearance-dimension_ecm-b1465ul-45-18x7.png 18w, https:\/\/ecmicrophones.com\/wp-content\/uploads\/2024\/07\/appearance-dimension_ecm-b1465ul-45-600x226.png 600w\" sizes=\"auto, (max-width: 915px) 100vw, 915px\" \/><\/p>\n<p>La capsula misura 14 mm di diametro e 6,5 mm di altezza ed \u00e8 dotata di una porta acustica posteriore.<\/p>","protected":false},"excerpt":{"rendered":"<p>L'ECM-B1465UL-45 \u00e8 una capsula microfonica unidirezionale da 14 \u00d7 6,5 mm, adatta per applicazioni di live streaming. Presenta una sensibilit\u00e0 di -45dB\u00b13 e un rapporto segnale\/rumore di 60dB, garantendo una qualit\u00e0 audio chiara e costante.<\/p>","protected":false},"featured_media":2712,"comment_status":"open","ping_status":"closed","template":"","meta":[],"product_brand":[721],"product_cat":[21,16],"product_tag":[280,288,116],"class_list":{"0":"post-1655","1":"product","2":"type-product","3":"status-publish","4":"has-post-thumbnail","6":"product_brand-ecmic","7":"product_cat-unidirectional-microphones","8":"product_cat-electret-microphones","9":"product_tag-14mm","10":"product_tag-solder-pads","11":"product_tag-vocal","13":"first","14":"instock","15":"shipping-taxable","16":"purchasable","17":"product-type-simple"},"_links":{"self":[{"href":"https:\/\/ecmicrophones.com\/it\/wp-json\/wp\/v2\/product\/1655","targetHints":{"allow":["GET"]}}],"collection":[{"href":"https:\/\/ecmicrophones.com\/it\/wp-json\/wp\/v2\/product"}],"about":[{"href":"https:\/\/ecmicrophones.com\/it\/wp-json\/wp\/v2\/types\/product"}],"replies":[{"embeddable":true,"href":"https:\/\/ecmicrophones.com\/it\/wp-json\/wp\/v2\/comments?post=1655"}],"wp:featuredmedia":[{"embeddable":true,"href":"https:\/\/ecmicrophones.com\/it\/wp-json\/wp\/v2\/media\/2712"}],"wp:attachment":[{"href":"https:\/\/ecmicrophones.com\/it\/wp-json\/wp\/v2\/media?parent=1655"}],"wp:term":[{"taxonomy":"product_brand","embeddable":true,"href":"https:\/\/ecmicrophones.com\/it\/wp-json\/wp\/v2\/product_brand?post=1655"},{"taxonomy":"product_cat","embeddable":true,"href":"https:\/\/ecmicrophones.com\/it\/wp-json\/wp\/v2\/product_cat?post=1655"},{"taxonomy":"product_tag","embeddable":true,"href":"https:\/\/ecmicrophones.com\/it\/wp-json\/wp\/v2\/product_tag?post=1655"}],"curies":[{"name":"wp","href":"https:\/\/api.w.org\/{rel}","templated":true}]}}