{"id":1659,"date":"2024-07-23T16:05:34","date_gmt":"2024-07-23T08:05:34","guid":{"rendered":"https:\/\/ecmicrophones.com\/?post_type=product&#038;p=1659"},"modified":"2026-03-19T15:20:49","modified_gmt":"2026-03-19T07:20:49","slug":"6mm-surface-mount-microphone-for-smart-speakers","status":"publish","type":"product","link":"https:\/\/ecmicrophones.com\/it\/6mm-surface-mount-microphone-for-smart-speakers\/","title":{"rendered":"Microfono a montaggio superficiale da 6 mm per altoparlanti intelligenti"},"content":{"rendered":"<h2 class=\"text-start\">Specifiche tecniche<\/h2>\n<p class=\"text-start\">Le nostre capsule microfoniche 6027 SMD a montaggio superficiale sono progettate appositamente per resistere alle alte temperature e sono dotate di doppi condensatori. Prodotte con materiali importati ed ecologici, garantiscono prestazioni affidabili.<\/p>\n<h3 class=\"pt-5 text-start\">Circuito di prova standard<\/h3>\n<p><img loading=\"lazy\" decoding=\"async\" class=\"alignnone size-full wp-image-1661\" src=\"https:\/\/ecmicrophones.com\/wp-content\/uploads\/2024\/07\/standard-test-circuit_ecm-b6027al42-smd.png\" alt=\"Circuito di prova standard\" width=\"529\" height=\"215\" srcset=\"https:\/\/ecmicrophones.com\/wp-content\/uploads\/2024\/07\/standard-test-circuit_ecm-b6027al42-smd.png 529w, https:\/\/ecmicrophones.com\/wp-content\/uploads\/2024\/07\/standard-test-circuit_ecm-b6027al42-smd-300x122.png 300w, https:\/\/ecmicrophones.com\/wp-content\/uploads\/2024\/07\/standard-test-circuit_ecm-b6027al42-smd-18x7.png 18w\" sizes=\"auto, (max-width: 529px) 100vw, 529px\" \/><\/p>\n<p><strong>Condizioni di prova:<\/strong> Resistenza di carico (RL) = 2,2k\u03a9, tensione di alimentazione (VS) = 2V, condensatore di accoppiamento (C) = 1\u03bcF.<\/p>\n<h3 class=\"pt-5 text-start\">Risposta in frequenza tipica<\/h3>\n<p><img loading=\"lazy\" decoding=\"async\" class=\"alignnone size-full wp-image-1662\" src=\"https:\/\/ecmicrophones.com\/wp-content\/uploads\/2024\/07\/typical-frequency-response_ecm-b6027al42-smd.png\" alt=\"Risposta in frequenza tipica\" width=\"591\" height=\"206\" srcset=\"https:\/\/ecmicrophones.com\/wp-content\/uploads\/2024\/07\/typical-frequency-response_ecm-b6027al42-smd.png 591w, https:\/\/ecmicrophones.com\/wp-content\/uploads\/2024\/07\/typical-frequency-response_ecm-b6027al42-smd-300x105.png 300w, https:\/\/ecmicrophones.com\/wp-content\/uploads\/2024\/07\/typical-frequency-response_ecm-b6027al42-smd-18x6.png 18w\" sizes=\"auto, (max-width: 591px) 100vw, 591px\" \/><\/p>\n<p>La risposta in frequenza va da 50Hz a 16kHz. La curva rimane per lo pi\u00f9 piatta, aumentando da circa 4 kHz e diminuendo gradualmente in prossimit\u00e0 dei 14 kHz.<\/p>\n<h3 class=\"pt-5 text-start\">Dimensioni (UNIT\u00c0: mm)<\/h3>\n<p><img loading=\"lazy\" decoding=\"async\" class=\"alignnone size-full wp-image-1660\" src=\"https:\/\/ecmicrophones.com\/wp-content\/uploads\/2024\/07\/appearance-dimension_ecm-b6027al42-smd.png\" alt=\"Aspetto Dimensione\" width=\"560\" height=\"549\" srcset=\"https:\/\/ecmicrophones.com\/wp-content\/uploads\/2024\/07\/appearance-dimension_ecm-b6027al42-smd.png 560w, https:\/\/ecmicrophones.com\/wp-content\/uploads\/2024\/07\/appearance-dimension_ecm-b6027al42-smd-300x294.png 300w, https:\/\/ecmicrophones.com\/wp-content\/uploads\/2024\/07\/appearance-dimension_ecm-b6027al42-smd-12x12.png 12w\" sizes=\"auto, (max-width: 560px) 100vw, 560px\" \/><\/p>\n<p>Diametro: 6 mm; altezza: 2,7 mm. Microfono a condensatore electret a montaggio superficiale.<\/p>","protected":false},"excerpt":{"rendered":"<p>L'ECM-B6027AL42-SMD \u00e8 una capsula microfonica omnidirezionale SMD da 6 \u00d7 2,7 mm per altoparlanti intelligenti. Presenta una sensibilit\u00e0 di -42dB\u00b12 e un rapporto segnale\/rumore di 58dB, garantendo prestazioni affidabili in ambienti compatti e con spazi limitati.<\/p>","protected":false},"featured_media":2437,"comment_status":"open","ping_status":"closed","template":"","meta":[],"product_brand":[721],"product_cat":[18],"product_tag":[283,229],"class_list":{"0":"post-1659","1":"product","2":"type-product","3":"status-publish","4":"has-post-thumbnail","6":"product_brand-ecmic","7":"product_cat-smd-microphones","8":"product_tag-6mm","9":"product_tag-equipment","11":"first","12":"instock","13":"shipping-taxable","14":"purchasable","15":"product-type-simple"},"_links":{"self":[{"href":"https:\/\/ecmicrophones.com\/it\/wp-json\/wp\/v2\/product\/1659","targetHints":{"allow":["GET"]}}],"collection":[{"href":"https:\/\/ecmicrophones.com\/it\/wp-json\/wp\/v2\/product"}],"about":[{"href":"https:\/\/ecmicrophones.com\/it\/wp-json\/wp\/v2\/types\/product"}],"replies":[{"embeddable":true,"href":"https:\/\/ecmicrophones.com\/it\/wp-json\/wp\/v2\/comments?post=1659"}],"wp:featuredmedia":[{"embeddable":true,"href":"https:\/\/ecmicrophones.com\/it\/wp-json\/wp\/v2\/media\/2437"}],"wp:attachment":[{"href":"https:\/\/ecmicrophones.com\/it\/wp-json\/wp\/v2\/media?parent=1659"}],"wp:term":[{"taxonomy":"product_brand","embeddable":true,"href":"https:\/\/ecmicrophones.com\/it\/wp-json\/wp\/v2\/product_brand?post=1659"},{"taxonomy":"product_cat","embeddable":true,"href":"https:\/\/ecmicrophones.com\/it\/wp-json\/wp\/v2\/product_cat?post=1659"},{"taxonomy":"product_tag","embeddable":true,"href":"https:\/\/ecmicrophones.com\/it\/wp-json\/wp\/v2\/product_tag?post=1659"}],"curies":[{"name":"wp","href":"https:\/\/api.w.org\/{rel}","templated":true}]}}