{"id":1685,"date":"2024-07-24T17:52:52","date_gmt":"2024-07-24T09:52:52","guid":{"rendered":"https:\/\/ecmicrophones.com\/?post_type=product&#038;p=1685"},"modified":"2026-04-01T11:16:57","modified_gmt":"2026-04-01T03:16:57","slug":"6mm-high-sensitivity-microphone-element-with-pins-for-conference-systems","status":"publish","type":"product","link":"https:\/\/ecmicrophones.com\/it\/6mm-high-sensitivity-microphone-element-with-pins-for-conference-systems\/","title":{"rendered":"Elemento microfonico ad alta sensibilit\u00e0 da 6 mm con pin per sistemi di conferenza"},"content":{"rendered":"<h2 class=\"text-start\">Specifiche tecniche<\/h2>\n<p class=\"text-start\">La testa del microfono a 6027 pin offre un'elevata sensibilit\u00e0, garantendo un'acquisizione audio chiara e precisa.<\/p>\n<h3 class=\"pt-5 text-start\">Circuito di prova standard<\/h3>\n<p><img loading=\"lazy\" decoding=\"async\" class=\"alignnone size-full wp-image-1693\" src=\"https:\/\/ecmicrophones.com\/wp-content\/uploads\/2024\/07\/standard-test-circuit_ecm-b6027ap25-382.png\" alt=\"Circuito di prova standard\" width=\"554\" height=\"257\" srcset=\"https:\/\/ecmicrophones.com\/wp-content\/uploads\/2024\/07\/standard-test-circuit_ecm-b6027ap25-382.png 554w, https:\/\/ecmicrophones.com\/wp-content\/uploads\/2024\/07\/standard-test-circuit_ecm-b6027ap25-382-300x139.png 300w, https:\/\/ecmicrophones.com\/wp-content\/uploads\/2024\/07\/standard-test-circuit_ecm-b6027ap25-382-18x8.png 18w\" sizes=\"auto, (max-width: 554px) 100vw, 554px\" \/><\/p>\n<p>Condizioni di prova: RL = 2,2k\u03a9, Vs = 3V, C = 1\u03bcF<\/p>\n<h3 class=\"pt-5 text-start\">Risposta in frequenza tipica<\/h3>\n<p><img loading=\"lazy\" decoding=\"async\" class=\"alignnone size-full wp-image-1691\" src=\"https:\/\/ecmicrophones.com\/wp-content\/uploads\/2024\/07\/typical-frequency-response_ecm-b6027ap25-382.png\" alt=\"Risposta in frequenza tipica\" width=\"620\" height=\"444\" srcset=\"https:\/\/ecmicrophones.com\/wp-content\/uploads\/2024\/07\/typical-frequency-response_ecm-b6027ap25-382.png 620w, https:\/\/ecmicrophones.com\/wp-content\/uploads\/2024\/07\/typical-frequency-response_ecm-b6027ap25-382-300x215.png 300w, https:\/\/ecmicrophones.com\/wp-content\/uploads\/2024\/07\/typical-frequency-response_ecm-b6027ap25-382-18x12.png 18w, https:\/\/ecmicrophones.com\/wp-content\/uploads\/2024\/07\/typical-frequency-response_ecm-b6027ap25-382-600x430.png 600w\" sizes=\"auto, (max-width: 620px) 100vw, 620px\" \/><\/p>\n<p>La risposta in frequenza va da 50Hz a 20kHz. La curva rimane relativamente piatta fino a circa 2 kHz, dopodich\u00e9 si riduce gradualmente verso le frequenze pi\u00f9 alte.<\/p>\n<h3 class=\"pt-5 text-start\">Dimensioni (UNIT\u00c0: mm)<\/h3>\n<p><img loading=\"lazy\" decoding=\"async\" class=\"alignnone size-full wp-image-1692\" src=\"https:\/\/ecmicrophones.com\/wp-content\/uploads\/2024\/07\/appearance-dimension_ecm-b6027ap25-382.png\" alt=\"Aspetto Dimensione\" width=\"489\" height=\"417\" srcset=\"https:\/\/ecmicrophones.com\/wp-content\/uploads\/2024\/07\/appearance-dimension_ecm-b6027ap25-382.png 489w, https:\/\/ecmicrophones.com\/wp-content\/uploads\/2024\/07\/appearance-dimension_ecm-b6027ap25-382-300x256.png 300w, https:\/\/ecmicrophones.com\/wp-content\/uploads\/2024\/07\/appearance-dimension_ecm-b6027ap25-382-14x12.png 14w\" sizes=\"auto, (max-width: 489px) 100vw, 489px\" \/><\/p>\n<p>La capsula misura 6 mm di diametro e 2,7 mm di altezza. La parte anteriore \u00e8 dotata di una rete antipolvere, mentre la parte posteriore non presenta alcuna apertura acustica. \u00c8 dotata di pin di saldatura da 2,8 mm per il montaggio su PCB, con una distanza di 1,9 mm.<\/p>","protected":false},"excerpt":{"rendered":"<p>L'ECM-B6027AP25-382 \u00e8 una capsula microfonica omnidirezionale da 6 \u00d7 2,7 mm, ideale per i microfoni da conferenza. Presenta una sensibilit\u00e0 di -25 dB\u00b12 e un rapporto segnale\/rumore di 60 dB, garantendo una qualit\u00e0 audio chiara e costante. Questa capsula \u00e8 progettata per catturare il suono da tutte le direzioni, il che la rende perfetta per catturare le voci nelle conferenze.<\/p>","protected":false},"featured_media":2724,"comment_status":"open","ping_status":"closed","template":"","meta":[],"product_brand":[721],"product_cat":[16,20],"product_tag":[283,235,291],"class_list":{"0":"post-1685","1":"product","2":"type-product","3":"status-publish","4":"has-post-thumbnail","6":"product_brand-ecmic","7":"product_cat-electret-microphones","8":"product_cat-omnidirectional-microphones","9":"product_tag-6mm","10":"product_tag-conference","11":"product_tag-pin-type","13":"first","14":"instock","15":"shipping-taxable","16":"purchasable","17":"product-type-simple"},"_links":{"self":[{"href":"https:\/\/ecmicrophones.com\/it\/wp-json\/wp\/v2\/product\/1685","targetHints":{"allow":["GET"]}}],"collection":[{"href":"https:\/\/ecmicrophones.com\/it\/wp-json\/wp\/v2\/product"}],"about":[{"href":"https:\/\/ecmicrophones.com\/it\/wp-json\/wp\/v2\/types\/product"}],"replies":[{"embeddable":true,"href":"https:\/\/ecmicrophones.com\/it\/wp-json\/wp\/v2\/comments?post=1685"}],"wp:featuredmedia":[{"embeddable":true,"href":"https:\/\/ecmicrophones.com\/it\/wp-json\/wp\/v2\/media\/2724"}],"wp:attachment":[{"href":"https:\/\/ecmicrophones.com\/it\/wp-json\/wp\/v2\/media?parent=1685"}],"wp:term":[{"taxonomy":"product_brand","embeddable":true,"href":"https:\/\/ecmicrophones.com\/it\/wp-json\/wp\/v2\/product_brand?post=1685"},{"taxonomy":"product_cat","embeddable":true,"href":"https:\/\/ecmicrophones.com\/it\/wp-json\/wp\/v2\/product_cat?post=1685"},{"taxonomy":"product_tag","embeddable":true,"href":"https:\/\/ecmicrophones.com\/it\/wp-json\/wp\/v2\/product_tag?post=1685"}],"curies":[{"name":"wp","href":"https:\/\/api.w.org\/{rel}","templated":true}]}}