{"id":1687,"date":"2024-07-24T18:07:30","date_gmt":"2024-07-24T10:07:30","guid":{"rendered":"https:\/\/ecmicrophones.com\/?post_type=product&#038;p=1687"},"modified":"2026-03-19T15:18:55","modified_gmt":"2026-03-19T07:18:55","slug":"6mm-bidirectional-microphone-element-for-headset-mics","status":"publish","type":"product","link":"https:\/\/ecmicrophones.com\/it\/6mm-bidirectional-microphone-element-for-headset-mics\/","title":{"rendered":"Elemento microfonico bidirezionale da 6 mm per microfoni auricolari"},"content":{"rendered":"<h2 class=\"text-start\">Specifiche tecniche<\/h2>\n<p class=\"text-start\">La testa del microfono 6027 \u00e8 caratterizzata da un basso rumore di fondo e da un'efficace resistenza alle interferenze.<\/p>\n<h3 class=\"pt-5 text-start\">Circuito di prova standard<\/h3>\n<p><img loading=\"lazy\" decoding=\"async\" class=\"alignnone size-full wp-image-1689\" src=\"https:\/\/ecmicrophones.com\/wp-content\/uploads\/2024\/07\/standard-test-circuit_ecm-b6027nl50-y504-223.png\" alt=\"Circuito di prova standard\" width=\"618\" height=\"279\" srcset=\"https:\/\/ecmicrophones.com\/wp-content\/uploads\/2024\/07\/standard-test-circuit_ecm-b6027nl50-y504-223.png 618w, https:\/\/ecmicrophones.com\/wp-content\/uploads\/2024\/07\/standard-test-circuit_ecm-b6027nl50-y504-223-300x135.png 300w, https:\/\/ecmicrophones.com\/wp-content\/uploads\/2024\/07\/standard-test-circuit_ecm-b6027nl50-y504-223-18x8.png 18w, https:\/\/ecmicrophones.com\/wp-content\/uploads\/2024\/07\/standard-test-circuit_ecm-b6027nl50-y504-223-600x271.png 600w\" sizes=\"auto, (max-width: 618px) 100vw, 618px\" \/><\/p>\n<p>Condizioni di prova: RL = 2,2k\u03a9, Vs = 2V, C = 1\u03bcF<\/p>\n<h3 class=\"pt-5 text-start\">Risposta in frequenza tipica<\/h3>\n<p><img loading=\"lazy\" decoding=\"async\" class=\"alignnone size-full wp-image-1690\" src=\"https:\/\/ecmicrophones.com\/wp-content\/uploads\/2024\/07\/typical-frequency-response_ecm-b6027nl50-y504-223.png\" alt=\"Risposta in frequenza tipica\" width=\"616\" height=\"328\" srcset=\"https:\/\/ecmicrophones.com\/wp-content\/uploads\/2024\/07\/typical-frequency-response_ecm-b6027nl50-y504-223.png 616w, https:\/\/ecmicrophones.com\/wp-content\/uploads\/2024\/07\/typical-frequency-response_ecm-b6027nl50-y504-223-300x160.png 300w, https:\/\/ecmicrophones.com\/wp-content\/uploads\/2024\/07\/typical-frequency-response_ecm-b6027nl50-y504-223-18x10.png 18w, https:\/\/ecmicrophones.com\/wp-content\/uploads\/2024\/07\/typical-frequency-response_ecm-b6027nl50-y504-223-600x319.png 600w\" sizes=\"auto, (max-width: 616px) 100vw, 616px\" \/><\/p>\n<p>La risposta in frequenza va da 100Hz a 12kHz. Rimane piatta da 100Hz a circa 1,5kHz, poi aumenta gradualmente, raggiungendo un picco vicino a 8kHz prima di iniziare a diminuire alle frequenze pi\u00f9 alte.<\/p>\n<h3 class=\"pt-5 text-start\">Dimensioni (UNIT\u00c0: mm)<\/h3>\n<p><img loading=\"lazy\" decoding=\"async\" class=\"alignnone size-full wp-image-1688\" src=\"https:\/\/ecmicrophones.com\/wp-content\/uploads\/2024\/07\/appearance-dimension_ecm-b6027nl50-y504-223.png\" alt=\"Aspetto Dimensione\" width=\"588\" height=\"452\" srcset=\"https:\/\/ecmicrophones.com\/wp-content\/uploads\/2024\/07\/appearance-dimension_ecm-b6027nl50-y504-223.png 588w, https:\/\/ecmicrophones.com\/wp-content\/uploads\/2024\/07\/appearance-dimension_ecm-b6027nl50-y504-223-300x231.png 300w, https:\/\/ecmicrophones.com\/wp-content\/uploads\/2024\/07\/appearance-dimension_ecm-b6027nl50-y504-223-16x12.png 16w\" sizes=\"auto, (max-width: 588px) 100vw, 588px\" \/><\/p>\n<p>La capsula misura 6 mm di diametro e 2,7 mm di altezza. La parte anteriore \u00e8 dotata di una rete antipolvere, mentre la parte posteriore include una porta acustica per l'ingresso del suono.<\/p>","protected":false},"excerpt":{"rendered":"<p>L'ECM-B6027NL50-Y504-223 \u00e8 una capsula microfonica bidirezionale da 6 \u00d7 2,7 mm, progettata per essere utilizzata nei microfoni delle cuffie. Presenta una sensibilit\u00e0 di -50 dB\u00b12 e un rapporto segnale\/rumore di 55 dB, garantendo prestazioni audio affidabili. Questa capsula \u00e8 ideale per catturare un suono mirato nelle applicazioni intercomunicanti.<\/p>","protected":false},"featured_media":2726,"comment_status":"open","ping_status":"closed","template":"","meta":[],"product_brand":[721],"product_cat":[16,22],"product_tag":[283,109,288],"class_list":{"0":"post-1687","1":"product","2":"type-product","3":"status-publish","4":"has-post-thumbnail","6":"product_brand-ecmic","7":"product_cat-electret-microphones","8":"product_cat-bidirectional-microphones","9":"product_tag-6mm","10":"product_tag-intercom","11":"product_tag-solder-pads","13":"first","14":"instock","15":"shipping-taxable","16":"purchasable","17":"product-type-simple"},"_links":{"self":[{"href":"https:\/\/ecmicrophones.com\/it\/wp-json\/wp\/v2\/product\/1687","targetHints":{"allow":["GET"]}}],"collection":[{"href":"https:\/\/ecmicrophones.com\/it\/wp-json\/wp\/v2\/product"}],"about":[{"href":"https:\/\/ecmicrophones.com\/it\/wp-json\/wp\/v2\/types\/product"}],"replies":[{"embeddable":true,"href":"https:\/\/ecmicrophones.com\/it\/wp-json\/wp\/v2\/comments?post=1687"}],"wp:featuredmedia":[{"embeddable":true,"href":"https:\/\/ecmicrophones.com\/it\/wp-json\/wp\/v2\/media\/2726"}],"wp:attachment":[{"href":"https:\/\/ecmicrophones.com\/it\/wp-json\/wp\/v2\/media?parent=1687"}],"wp:term":[{"taxonomy":"product_brand","embeddable":true,"href":"https:\/\/ecmicrophones.com\/it\/wp-json\/wp\/v2\/product_brand?post=1687"},{"taxonomy":"product_cat","embeddable":true,"href":"https:\/\/ecmicrophones.com\/it\/wp-json\/wp\/v2\/product_cat?post=1687"},{"taxonomy":"product_tag","embeddable":true,"href":"https:\/\/ecmicrophones.com\/it\/wp-json\/wp\/v2\/product_tag?post=1687"}],"curies":[{"name":"wp","href":"https:\/\/api.w.org\/{rel}","templated":true}]}}