{"id":1723,"date":"2024-07-25T17:56:03","date_gmt":"2024-07-25T09:56:03","guid":{"rendered":"https:\/\/ecmicrophones.com\/?post_type=product&#038;p=1723"},"modified":"2026-03-19T15:18:09","modified_gmt":"2026-03-19T07:18:09","slug":"6mm-omnidirectional-electret-lavalier-microphone-element-for-lapel-mics","status":"publish","type":"product","link":"https:\/\/ecmicrophones.com\/it\/6mm-omnidirectional-electret-lavalier-microphone-element-for-lapel-mics\/","title":{"rendered":"Elemento microfonico electret lavalier omnidirezionale da 6 mm per microfoni a bavero"},"content":{"rendered":"<h2 class=\"text-start\">Specifiche tecniche<\/h2>\n<p class=\"text-start\">La capsula microfonica omnidirezionale 6027 \u00e8 dotata di doppi condensatori incorporati, che minimizzano efficacemente le interferenze per un'acquisizione audio chiara e affidabile. Progettata con materiali ecologici, questa capsula \u00e8 certificata dagli standard internazionali ROSH, a garanzia di qualit\u00e0 e sostenibilit\u00e0.<\/p>\n<h3 class=\"pt-5 text-start\">Circuito di prova standard<\/h3>\n<p><img loading=\"lazy\" decoding=\"async\" class=\"alignnone size-full wp-image-1731\" src=\"https:\/\/ecmicrophones.com\/wp-content\/uploads\/2024\/07\/standard-test-circuit_ecm-f6027al48-sbc.png\" alt=\"Circuito di prova standard\" width=\"1080\" height=\"443\" \/><\/p>\n<p>Condizioni di prova: Resistenza di carico (RL) = 2,2k\u03a9, tensione di alimentazione (VS) = 3V, condensatore di accoppiamento (C) = 1\u03bcF.<\/p>\n<h3 class=\"pt-5 text-start\">Risposta in frequenza tipica<\/h3>\n<p><img loading=\"lazy\" decoding=\"async\" class=\"alignnone size-full wp-image-1732\" src=\"https:\/\/ecmicrophones.com\/wp-content\/uploads\/2024\/07\/typical-frequency-response_ecm-f6027al48-sbc.png\" alt=\"Risposta in frequenza tipica\" width=\"1080\" height=\"443\" srcset=\"https:\/\/ecmicrophones.com\/wp-content\/uploads\/2024\/07\/typical-frequency-response_ecm-f6027al48-sbc.png 1080w, https:\/\/ecmicrophones.com\/wp-content\/uploads\/2024\/07\/typical-frequency-response_ecm-f6027al48-sbc-300x123.png 300w, https:\/\/ecmicrophones.com\/wp-content\/uploads\/2024\/07\/typical-frequency-response_ecm-f6027al48-sbc-1024x420.png 1024w, https:\/\/ecmicrophones.com\/wp-content\/uploads\/2024\/07\/typical-frequency-response_ecm-f6027al48-sbc-768x315.png 768w, https:\/\/ecmicrophones.com\/wp-content\/uploads\/2024\/07\/typical-frequency-response_ecm-f6027al48-sbc-18x7.png 18w, https:\/\/ecmicrophones.com\/wp-content\/uploads\/2024\/07\/typical-frequency-response_ecm-f6027al48-sbc-600x246.png 600w\" sizes=\"auto, (max-width: 1080px) 100vw, 1080px\" \/><\/p>\n<p>La risposta in frequenza va da 20Hz a 16kHz. La curva rimane piatta fino a circa 8kHz, poi mostra un leggero aumento tra 8kHz e 10kHz. Dopo una leggera flessione, riprende in prossimit\u00e0 dei 13 kHz, aggiungendo una sottile brillantezza in gamma alta.<\/p>\n<h3 class=\"pt-5 text-start\">Dimensioni (UNIT\u00c0: mm)<\/h3>\n<p><img loading=\"lazy\" decoding=\"async\" class=\"alignnone wp-image-1730 size-large\" src=\"https:\/\/ecmicrophones.com\/wp-content\/uploads\/2024\/07\/appearance-dimension_ecm-f6027al48-sbc-1024x349.png\" alt=\"Aspetto Dimensione\" width=\"1024\" height=\"349\" srcset=\"https:\/\/ecmicrophones.com\/wp-content\/uploads\/2024\/07\/appearance-dimension_ecm-f6027al48-sbc-1024x349.png 1024w, https:\/\/ecmicrophones.com\/wp-content\/uploads\/2024\/07\/appearance-dimension_ecm-f6027al48-sbc-300x102.png 300w, https:\/\/ecmicrophones.com\/wp-content\/uploads\/2024\/07\/appearance-dimension_ecm-f6027al48-sbc-768x261.png 768w, https:\/\/ecmicrophones.com\/wp-content\/uploads\/2024\/07\/appearance-dimension_ecm-f6027al48-sbc-18x6.png 18w, https:\/\/ecmicrophones.com\/wp-content\/uploads\/2024\/07\/appearance-dimension_ecm-f6027al48-sbc-600x204.png 600w, https:\/\/ecmicrophones.com\/wp-content\/uploads\/2024\/07\/appearance-dimension_ecm-f6027al48-sbc.png 1272w\" sizes=\"auto, (max-width: 1024px) 100vw, 1024px\" \/><\/p>\n<p>Diametro: 6,0 mm; altezza: 2,7 mm. Il lato anteriore \u00e8 dotato di una rete antipolvere. Il lato posteriore \u00e8 sigillato, senza porta audio.<\/p>","protected":false},"excerpt":{"rendered":"<p>L'ECM-F6027AL48-SBC \u00e8 una capsula microfonica omnidirezionale da 6 \u00d7 2,7 mm, perfetta per i microfoni lavalier. Presenta una sensibilit\u00e0 di -48 dB\u00b12 e un rapporto segnale\/rumore di 58 dB, garantendo un'acquisizione audio chiara e coerente in vari ambienti.<\/p>","protected":false},"featured_media":2762,"comment_status":"open","ping_status":"closed","template":"","meta":[],"product_brand":[721],"product_cat":[16,20],"product_tag":[283,235,288],"class_list":{"0":"post-1723","1":"product","2":"type-product","3":"status-publish","4":"has-post-thumbnail","6":"product_brand-ecmic","7":"product_cat-electret-microphones","8":"product_cat-omnidirectional-microphones","9":"product_tag-6mm","10":"product_tag-conference","11":"product_tag-solder-pads","13":"first","14":"instock","15":"shipping-taxable","16":"purchasable","17":"product-type-simple"},"_links":{"self":[{"href":"https:\/\/ecmicrophones.com\/it\/wp-json\/wp\/v2\/product\/1723","targetHints":{"allow":["GET"]}}],"collection":[{"href":"https:\/\/ecmicrophones.com\/it\/wp-json\/wp\/v2\/product"}],"about":[{"href":"https:\/\/ecmicrophones.com\/it\/wp-json\/wp\/v2\/types\/product"}],"replies":[{"embeddable":true,"href":"https:\/\/ecmicrophones.com\/it\/wp-json\/wp\/v2\/comments?post=1723"}],"wp:featuredmedia":[{"embeddable":true,"href":"https:\/\/ecmicrophones.com\/it\/wp-json\/wp\/v2\/media\/2762"}],"wp:attachment":[{"href":"https:\/\/ecmicrophones.com\/it\/wp-json\/wp\/v2\/media?parent=1723"}],"wp:term":[{"taxonomy":"product_brand","embeddable":true,"href":"https:\/\/ecmicrophones.com\/it\/wp-json\/wp\/v2\/product_brand?post=1723"},{"taxonomy":"product_cat","embeddable":true,"href":"https:\/\/ecmicrophones.com\/it\/wp-json\/wp\/v2\/product_cat?post=1723"},{"taxonomy":"product_tag","embeddable":true,"href":"https:\/\/ecmicrophones.com\/it\/wp-json\/wp\/v2\/product_tag?post=1723"}],"curies":[{"name":"wp","href":"https:\/\/api.w.org\/{rel}","templated":true}]}}