{"id":1786,"date":"2024-07-30T09:24:06","date_gmt":"2024-07-30T01:24:06","guid":{"rendered":"https:\/\/ecmicrophones.com\/?post_type=product&#038;p=1786"},"modified":"2026-03-19T15:16:19","modified_gmt":"2026-03-19T07:16:19","slug":"9-7mm-unidirectional-microphone-element-for-headset-microphones","status":"publish","type":"product","link":"https:\/\/ecmicrophones.com\/it\/9-7mm-unidirectional-microphone-element-for-headset-microphones\/","title":{"rendered":"Elemento microfonico unidirezionale da 9,7 mm per microfoni per auricolari"},"content":{"rendered":"<h2 class=\"text-start\">Specifiche tecniche<\/h2>\n<p class=\"text-start\">La capsula microfonica unidirezionale 9750 offre un'elevata sensibilit\u00e0 e una qualit\u00e0 del suono superiore con funzioni di riduzione del rumore, antirumore e antiinterferenza.<\/p>\n<h3 class=\"pt-5 text-start\">Circuito di prova standard<\/h3>\n<p> <img loading=\"lazy\" decoding=\"async\" src=\"https:\/\/ecmicrophones.com\/wp-content\/uploads\/2024\/07\/standard-test-circuit_ecm-b9750ul-sbn-44.png\" alt=\"Circuito di prova standard\" width=\"466\" height=\"181\" class=\"alignnone size-full wp-image-1788\" srcset=\"https:\/\/ecmicrophones.com\/wp-content\/uploads\/2024\/07\/standard-test-circuit_ecm-b9750ul-sbn-44.png 466w, https:\/\/ecmicrophones.com\/wp-content\/uploads\/2024\/07\/standard-test-circuit_ecm-b9750ul-sbn-44-300x117.png 300w, https:\/\/ecmicrophones.com\/wp-content\/uploads\/2024\/07\/standard-test-circuit_ecm-b9750ul-sbn-44-18x7.png 18w\" sizes=\"auto, (max-width: 466px) 100vw, 466px\" \/> <\/p>\n<p>Condizioni di prova: Resistenza di carico (RL) = 680\u03a9, tensione di alimentazione (VS) = 1,5 V, condensatore di accoppiamento (C) = 1\u03bcF.<\/p>\n<h3 class=\"pt-5 text-start\">Risposta in frequenza tipica<\/h3>\n<p> <img loading=\"lazy\" decoding=\"async\" src=\"https:\/\/ecmicrophones.com\/wp-content\/uploads\/2024\/07\/typical-frequency-response_ecm-b9750ul-sbn-44.png\" alt=\"Risposta in frequenza tipica\" width=\"596\" height=\"184\" class=\"alignnone size-full wp-image-1789\" srcset=\"https:\/\/ecmicrophones.com\/wp-content\/uploads\/2024\/07\/typical-frequency-response_ecm-b9750ul-sbn-44.png 596w, https:\/\/ecmicrophones.com\/wp-content\/uploads\/2024\/07\/typical-frequency-response_ecm-b9750ul-sbn-44-300x93.png 300w, https:\/\/ecmicrophones.com\/wp-content\/uploads\/2024\/07\/typical-frequency-response_ecm-b9750ul-sbn-44-18x6.png 18w\" sizes=\"auto, (max-width: 596px) 100vw, 596px\" \/> <\/p>\n<p>La risposta in frequenza va da 100Hz a 16kHz. Presenta un notevole guadagno alle basse frequenze per catturare la voce in modo corposo, un'attenuazione delle medie frequenze e un leggero roll-off vicino ai 10 kHz, ideale per ridurre al minimo le sibilanti e il rumore di fondo.<\/p>\n<h3 class=\"pt-5 text-start\">Dimensioni (UNIT\u00c0: mm)<\/h3>\n<p> <img loading=\"lazy\" decoding=\"async\" src=\"https:\/\/ecmicrophones.com\/wp-content\/uploads\/2024\/07\/appearance-dimension_ecm-b9750ul-sbn-44.png\" alt=\"Aspetto Dimensione\" width=\"290\" height=\"281\" class=\"alignnone size-full wp-image-1787\" srcset=\"https:\/\/ecmicrophones.com\/wp-content\/uploads\/2024\/07\/appearance-dimension_ecm-b9750ul-sbn-44.png 290w, https:\/\/ecmicrophones.com\/wp-content\/uploads\/2024\/07\/appearance-dimension_ecm-b9750ul-sbn-44-12x12.png 12w\" sizes=\"auto, (max-width: 290px) 100vw, 290px\" \/> <\/p>\n<p>Diametro: 9,7 mm; altezza: 5,0 mm. La parte anteriore \u00e8 dotata di rete antipolvere; la parte posteriore include una porta audio.<\/p>","protected":false},"excerpt":{"rendered":"<p>L'ECM-B9750UL-SBN-44 \u00e8 una capsula microfonica unidirezionale da 9,7 \u00d7 5 mm, adatta per cuffie, microfoni a bavero e applicazioni simili. Presenta una sensibilit\u00e0 di -44 dB\u00b13 e un rapporto segnale\/rumore di 58 dB, garantendo un'acquisizione audio chiara e mirata.<\/p>","protected":false},"featured_media":2741,"comment_status":"open","ping_status":"closed","template":"","meta":[],"product_brand":[721],"product_cat":[16,21],"product_tag":[282,235,288],"class_list":{"0":"post-1786","1":"product","2":"type-product","3":"status-publish","4":"has-post-thumbnail","6":"product_brand-ecmic","7":"product_cat-electret-microphones","8":"product_cat-unidirectional-microphones","9":"product_tag-9-7mm","10":"product_tag-conference","11":"product_tag-solder-pads","13":"first","14":"instock","15":"shipping-taxable","16":"purchasable","17":"product-type-simple"},"_links":{"self":[{"href":"https:\/\/ecmicrophones.com\/it\/wp-json\/wp\/v2\/product\/1786","targetHints":{"allow":["GET"]}}],"collection":[{"href":"https:\/\/ecmicrophones.com\/it\/wp-json\/wp\/v2\/product"}],"about":[{"href":"https:\/\/ecmicrophones.com\/it\/wp-json\/wp\/v2\/types\/product"}],"replies":[{"embeddable":true,"href":"https:\/\/ecmicrophones.com\/it\/wp-json\/wp\/v2\/comments?post=1786"}],"wp:featuredmedia":[{"embeddable":true,"href":"https:\/\/ecmicrophones.com\/it\/wp-json\/wp\/v2\/media\/2741"}],"wp:attachment":[{"href":"https:\/\/ecmicrophones.com\/it\/wp-json\/wp\/v2\/media?parent=1786"}],"wp:term":[{"taxonomy":"product_brand","embeddable":true,"href":"https:\/\/ecmicrophones.com\/it\/wp-json\/wp\/v2\/product_brand?post=1786"},{"taxonomy":"product_cat","embeddable":true,"href":"https:\/\/ecmicrophones.com\/it\/wp-json\/wp\/v2\/product_cat?post=1786"},{"taxonomy":"product_tag","embeddable":true,"href":"https:\/\/ecmicrophones.com\/it\/wp-json\/wp\/v2\/product_tag?post=1786"}],"curies":[{"name":"wp","href":"https:\/\/api.w.org\/{rel}","templated":true}]}}