{"id":1795,"date":"2024-07-29T14:59:57","date_gmt":"2024-07-29T06:59:57","guid":{"rendered":"https:\/\/ecmicrophones.com\/?post_type=product&#038;p=1795"},"modified":"2026-03-19T15:17:03","modified_gmt":"2026-03-19T07:17:03","slug":"9-7mm-omnidirectional-electret-microphone-capsule-with-pins-without-fet","status":"publish","type":"product","link":"https:\/\/ecmicrophones.com\/it\/9-7mm-omnidirectional-electret-microphone-capsule-with-pins-without-fet\/","title":{"rendered":"Capsula microfonica a elettrete omnidirezionale da 9,7 mm con pin senza FET"},"content":{"rendered":"<h2 class=\"text-start\">Specifiche tecniche<\/h2>\n<p class=\"text-start\">La testa del microfono 9745, con dimensioni di 9,7 \u00d7 4,5 mm, \u00e8 un trasduttore omnidirezionale con una sensibilit\u00e0 di -36 dB. Garantisce un'efficace ripresa del suono a lunga distanza e prestazioni stabili e affidabili.<\/p>\n<h3 class=\"pt-5 text-start\">Circuito di prova standard<\/h3>\n<p><img loading=\"lazy\" decoding=\"async\" class=\"alignnone size-full wp-image-1797\" src=\"https:\/\/ecmicrophones.com\/wp-content\/uploads\/2024\/07\/standard-test-circuit_ecm-f9745al36-856.png\" alt=\"Circuito di prova standard\" width=\"583\" height=\"260\" srcset=\"https:\/\/ecmicrophones.com\/wp-content\/uploads\/2024\/07\/standard-test-circuit_ecm-f9745al36-856.png 583w, https:\/\/ecmicrophones.com\/wp-content\/uploads\/2024\/07\/standard-test-circuit_ecm-f9745al36-856-300x134.png 300w, https:\/\/ecmicrophones.com\/wp-content\/uploads\/2024\/07\/standard-test-circuit_ecm-f9745al36-856-18x8.png 18w\" sizes=\"auto, (max-width: 583px) 100vw, 583px\" \/><\/p>\n<p>Condizioni di prova: Resistenza di carico (RL) = 2,2k\u03a9, tensione di alimentazione (VS) = 4,5V, condensatore di accoppiamento (C) = 1\u03bcF.<\/p>\n<h3 class=\"pt-5 text-start\">Risposta in frequenza tipica<\/h3>\n<p><img loading=\"lazy\" decoding=\"async\" class=\"alignnone size-full wp-image-1798\" src=\"https:\/\/ecmicrophones.com\/wp-content\/uploads\/2024\/07\/typical-frequency-response_ecm-f9745al36-856.png\" alt=\"Risposta in frequenza tipica\" width=\"637\" height=\"407\" srcset=\"https:\/\/ecmicrophones.com\/wp-content\/uploads\/2024\/07\/typical-frequency-response_ecm-f9745al36-856.png 637w, https:\/\/ecmicrophones.com\/wp-content\/uploads\/2024\/07\/typical-frequency-response_ecm-f9745al36-856-300x192.png 300w, https:\/\/ecmicrophones.com\/wp-content\/uploads\/2024\/07\/typical-frequency-response_ecm-f9745al36-856-18x12.png 18w, https:\/\/ecmicrophones.com\/wp-content\/uploads\/2024\/07\/typical-frequency-response_ecm-f9745al36-856-600x383.png 600w\" sizes=\"auto, (max-width: 637px) 100vw, 637px\" \/><\/p>\n<p>La risposta in frequenza va da 50Hz a 20kHz. Rimane per lo pi\u00f9 piatta da 50Hz a 3kHz, aumenta fino a un picco intorno a 5kHz, quindi diminuisce gradualmente.<\/p>\n<h3 class=\"pt-5 text-start\">Dimensioni (UNIT\u00c0: mm)<\/h3>\n<p><img loading=\"lazy\" decoding=\"async\" class=\"alignnone size-full wp-image-1796\" src=\"https:\/\/ecmicrophones.com\/wp-content\/uploads\/2024\/07\/appearance-dimension_ecm-f9745al36-856.png\" alt=\"Aspetto Dimensione\" width=\"491\" height=\"465\" srcset=\"https:\/\/ecmicrophones.com\/wp-content\/uploads\/2024\/07\/appearance-dimension_ecm-f9745al36-856.png 491w, https:\/\/ecmicrophones.com\/wp-content\/uploads\/2024\/07\/appearance-dimension_ecm-f9745al36-856-300x284.png 300w, https:\/\/ecmicrophones.com\/wp-content\/uploads\/2024\/07\/appearance-dimension_ecm-f9745al36-856-13x12.png 13w\" sizes=\"auto, (max-width: 491px) 100vw, 491px\" \/><\/p>\n<p>\nDiametro: 9,7 mm; altezza: 4,5 mm. La parte anteriore \u00e8 dotata di una rete antipolvere, mentre la parte posteriore \u00e8 sigillata senza fori. La capsula \u00e8 dotata di perni da 4,5 mm, con una distanza di 2,54 mm.\n<\/p>\n<p>\n  <strong>Nota:<\/strong> Questa capsula microfonica non include un FET esterno; i clienti devono fornire il proprio FET nel circuito applicativo.<\/p>","protected":false},"excerpt":{"rendered":"<p>L'ECM-F9745AP36-856 \u00e8 una capsula microfonica omnidirezionale a elettrete da 9,7 \u00d7 4,5 mm con pin e senza FET incorporato, che richiede un amplificatore esterno. \u00c8 ideale per applicazioni di amplificazione personalizzate come citofoni, registratori vocali, microfoni a bavero, sistemi per conferenze e telecamere di sicurezza. Il suo pattern omnidirezionale e l'elevato rapporto segnale\/rumore garantiscono un audio chiaro e costante in diversi ambienti.<\/p>","protected":false},"featured_media":2757,"comment_status":"open","ping_status":"closed","template":"","meta":[],"product_brand":[721],"product_cat":[20,16],"product_tag":[282,109,300,291],"class_list":{"0":"post-1795","1":"product","2":"type-product","3":"status-publish","4":"has-post-thumbnail","6":"product_brand-ecmic","7":"product_cat-omnidirectional-microphones","8":"product_cat-electret-microphones","9":"product_tag-9-7mm","10":"product_tag-intercom","11":"product_tag-without-fet","12":"product_tag-pin-type","14":"first","15":"instock","16":"shipping-taxable","17":"purchasable","18":"product-type-simple"},"_links":{"self":[{"href":"https:\/\/ecmicrophones.com\/it\/wp-json\/wp\/v2\/product\/1795","targetHints":{"allow":["GET"]}}],"collection":[{"href":"https:\/\/ecmicrophones.com\/it\/wp-json\/wp\/v2\/product"}],"about":[{"href":"https:\/\/ecmicrophones.com\/it\/wp-json\/wp\/v2\/types\/product"}],"replies":[{"embeddable":true,"href":"https:\/\/ecmicrophones.com\/it\/wp-json\/wp\/v2\/comments?post=1795"}],"wp:featuredmedia":[{"embeddable":true,"href":"https:\/\/ecmicrophones.com\/it\/wp-json\/wp\/v2\/media\/2757"}],"wp:attachment":[{"href":"https:\/\/ecmicrophones.com\/it\/wp-json\/wp\/v2\/media?parent=1795"}],"wp:term":[{"taxonomy":"product_brand","embeddable":true,"href":"https:\/\/ecmicrophones.com\/it\/wp-json\/wp\/v2\/product_brand?post=1795"},{"taxonomy":"product_cat","embeddable":true,"href":"https:\/\/ecmicrophones.com\/it\/wp-json\/wp\/v2\/product_cat?post=1795"},{"taxonomy":"product_tag","embeddable":true,"href":"https:\/\/ecmicrophones.com\/it\/wp-json\/wp\/v2\/product_tag?post=1795"}],"curies":[{"name":"wp","href":"https:\/\/api.w.org\/{rel}","templated":true}]}}