{"id":1813,"date":"2024-07-30T10:22:11","date_gmt":"2024-07-30T02:22:11","guid":{"rendered":"https:\/\/ecmicrophones.com\/?post_type=product&#038;p=1813"},"modified":"2026-03-19T15:14:54","modified_gmt":"2026-03-19T07:14:54","slug":"9-7mm-cardioid-dual-chamber-microphone-capsule-for-ktv-karaoke","status":"publish","type":"product","link":"https:\/\/ecmicrophones.com\/it\/9-7mm-cardioid-dual-chamber-microphone-capsule-for-ktv-karaoke\/","title":{"rendered":"Capsula microfonica cardioide a doppia campana da 9,7 mm per KTV Karaoke"},"content":{"rendered":"<h2 class=\"text-start\">Specifiche tecniche<\/h2>\n<p class=\"text-start\">Il nostro microfono cardioide 9750, progettato per il karaoke, \u00e8 dotato di un design a doppia camera per prestazioni migliori.<\/p>\n<h3 class=\"pt-5 text-start\">Circuito di prova standard<\/h3>\n<p><img loading=\"lazy\" decoding=\"async\" class=\"alignnone size-full wp-image-1814\" src=\"https:\/\/ecmicrophones.com\/wp-content\/uploads\/2024\/07\/standard-test-circuit_ecm-f9750ul-48.png\" alt=\"Circuito di prova standard\" width=\"571\" height=\"252\" srcset=\"https:\/\/ecmicrophones.com\/wp-content\/uploads\/2024\/07\/standard-test-circuit_ecm-f9750ul-48.png 571w, https:\/\/ecmicrophones.com\/wp-content\/uploads\/2024\/07\/standard-test-circuit_ecm-f9750ul-48-300x132.png 300w, https:\/\/ecmicrophones.com\/wp-content\/uploads\/2024\/07\/standard-test-circuit_ecm-f9750ul-48-18x8.png 18w\" sizes=\"auto, (max-width: 571px) 100vw, 571px\" \/><\/p>\n<p>Condizioni di prova: Resistenza di carico (RL) = 680\u03a9, tensione di alimentazione (VS) = 1,5 V, condensatore di accoppiamento (C) = 1\u03bcF.<\/p>\n<h3 class=\"pt-5 text-start\">Risposta in frequenza tipica<\/h3>\n<p><img loading=\"lazy\" decoding=\"async\" class=\"alignnone size-full wp-image-1816\" src=\"https:\/\/ecmicrophones.com\/wp-content\/uploads\/2024\/07\/typical-frequency-response_ecm-f9750ul-48.png\" alt=\"Risposta in frequenza tipica\" width=\"628\" height=\"245\" srcset=\"https:\/\/ecmicrophones.com\/wp-content\/uploads\/2024\/07\/typical-frequency-response_ecm-f9750ul-48.png 628w, https:\/\/ecmicrophones.com\/wp-content\/uploads\/2024\/07\/typical-frequency-response_ecm-f9750ul-48-300x117.png 300w, https:\/\/ecmicrophones.com\/wp-content\/uploads\/2024\/07\/typical-frequency-response_ecm-f9750ul-48-18x7.png 18w, https:\/\/ecmicrophones.com\/wp-content\/uploads\/2024\/07\/typical-frequency-response_ecm-f9750ul-48-600x234.png 600w\" sizes=\"auto, (max-width: 628px) 100vw, 628px\" \/><\/p>\n<p>\n  La risposta in frequenza va da 100Hz a 10kHz. La curva mostra un aumento costante da 100Hz a circa 1kHz, seguito da una gamma media relativamente piatta e in leggera ascesa. In prossimit\u00e0 dei 4 kHz inizia un leggero roll-off. Questo rende la capsula adatta alla ripresa di voci con un carattere tonale equilibrato.\n<\/p>\n<h3 class=\"pt-5 text-start\">Dimensioni (UNIT\u00c0: mm)<\/h3>\n<p><img loading=\"lazy\" decoding=\"async\" class=\"alignnone size-full wp-image-1815\" src=\"https:\/\/ecmicrophones.com\/wp-content\/uploads\/2024\/07\/appearance-dimension_ecm-f9750ul-48.png\" alt=\"Aspetto Dimensione\" width=\"583\" height=\"468\" srcset=\"https:\/\/ecmicrophones.com\/wp-content\/uploads\/2024\/07\/appearance-dimension_ecm-f9750ul-48.png 583w, https:\/\/ecmicrophones.com\/wp-content\/uploads\/2024\/07\/appearance-dimension_ecm-f9750ul-48-300x241.png 300w, https:\/\/ecmicrophones.com\/wp-content\/uploads\/2024\/07\/appearance-dimension_ecm-f9750ul-48-15x12.png 15w\" sizes=\"auto, (max-width: 583px) 100vw, 583px\" \/><\/p>\n<p>\n  Diametro: 9,7 mm; altezza: 5,0 mm. La parte anteriore \u00e8 dotata di una rete antipolvere, mentre la parte posteriore include una porta audio per il rilevamento direzionale.<\/p>","protected":false},"excerpt":{"rendered":"<p>L'ECM-F9750UL-48 \u00e8 una capsula microfonica unidirezionale da 9,7 \u00d7 5 mm progettata per applicazioni karaoke. Caratterizzato da un design a doppia camera, offre una sensibilit\u00e0 di -48dB\u00b11 e un rapporto segnale\/rumore di 55dB, garantendo un'eccellente qualit\u00e0 audio.<\/p>","protected":false},"featured_media":2751,"comment_status":"open","ping_status":"closed","template":"","meta":[],"product_brand":[721],"product_cat":[16,21],"product_tag":[282,288,116],"class_list":{"0":"post-1813","1":"product","2":"type-product","3":"status-publish","4":"has-post-thumbnail","6":"product_brand-ecmic","7":"product_cat-electret-microphones","8":"product_cat-unidirectional-microphones","9":"product_tag-9-7mm","10":"product_tag-solder-pads","11":"product_tag-vocal","13":"first","14":"instock","15":"shipping-taxable","16":"purchasable","17":"product-type-simple"},"_links":{"self":[{"href":"https:\/\/ecmicrophones.com\/it\/wp-json\/wp\/v2\/product\/1813","targetHints":{"allow":["GET"]}}],"collection":[{"href":"https:\/\/ecmicrophones.com\/it\/wp-json\/wp\/v2\/product"}],"about":[{"href":"https:\/\/ecmicrophones.com\/it\/wp-json\/wp\/v2\/types\/product"}],"replies":[{"embeddable":true,"href":"https:\/\/ecmicrophones.com\/it\/wp-json\/wp\/v2\/comments?post=1813"}],"wp:featuredmedia":[{"embeddable":true,"href":"https:\/\/ecmicrophones.com\/it\/wp-json\/wp\/v2\/media\/2751"}],"wp:attachment":[{"href":"https:\/\/ecmicrophones.com\/it\/wp-json\/wp\/v2\/media?parent=1813"}],"wp:term":[{"taxonomy":"product_brand","embeddable":true,"href":"https:\/\/ecmicrophones.com\/it\/wp-json\/wp\/v2\/product_brand?post=1813"},{"taxonomy":"product_cat","embeddable":true,"href":"https:\/\/ecmicrophones.com\/it\/wp-json\/wp\/v2\/product_cat?post=1813"},{"taxonomy":"product_tag","embeddable":true,"href":"https:\/\/ecmicrophones.com\/it\/wp-json\/wp\/v2\/product_tag?post=1813"}],"curies":[{"name":"wp","href":"https:\/\/api.w.org\/{rel}","templated":true}]}}