{"id":1819,"date":"2024-07-30T11:03:14","date_gmt":"2024-07-30T03:03:14","guid":{"rendered":"https:\/\/ecmicrophones.com\/?post_type=product&#038;p=1819"},"modified":"2026-03-19T15:14:44","modified_gmt":"2026-03-19T07:14:44","slug":"9-7mm-unidirectional-electret-mic-capsule-for-karaoke-microphone","status":"publish","type":"product","link":"https:\/\/ecmicrophones.com\/it\/9-7mm-unidirectional-electret-mic-capsule-for-karaoke-microphone\/","title":{"rendered":"Capsula microfonica electret unidirezionale da 9,7 mm per microfono karaoke"},"content":{"rendered":"<h2 class=\"text-start\">Specifiche tecniche<\/h2>\n<p class=\"text-start\">Il nostro microfono unidirezionale 9750, progettato per il karaoke, presenta un design a doppia camera per prestazioni superiori.<\/p>\n<h3 class=\"pt-5 text-start\">Circuito di prova standard<\/h3>\n<p><img loading=\"lazy\" decoding=\"async\" src=\"https:\/\/ecmicrophones.com\/wp-content\/uploads\/2024\/07\/standard-test-circuit_ecm-f9750ul-50.png\" alt=\"Circuito di prova standard\" width=\"540\" height=\"247\" class=\"alignnone size-full wp-image-1821\" srcset=\"https:\/\/ecmicrophones.com\/wp-content\/uploads\/2024\/07\/standard-test-circuit_ecm-f9750ul-50.png 540w, https:\/\/ecmicrophones.com\/wp-content\/uploads\/2024\/07\/standard-test-circuit_ecm-f9750ul-50-300x137.png 300w, https:\/\/ecmicrophones.com\/wp-content\/uploads\/2024\/07\/standard-test-circuit_ecm-f9750ul-50-18x8.png 18w\" sizes=\"auto, (max-width: 540px) 100vw, 540px\" \/><\/p>\n<p>Condizioni di prova: Resistenza di carico (RL) = 680\u03a9, tensione di alimentazione (VS) = 1,5 V, condensatore di accoppiamento (C) = 1\u03bcF.<\/p>\n<h3 class=\"pt-5 text-start\">Risposta in frequenza tipica<\/h3>\n<p><img loading=\"lazy\" decoding=\"async\" src=\"https:\/\/ecmicrophones.com\/wp-content\/uploads\/2024\/07\/typical-frequency-response_ecm-f9750ul-50.png\" alt=\"Risposta in frequenza tipica\" width=\"628\" height=\"245\" class=\"alignnone size-full wp-image-1822\" srcset=\"https:\/\/ecmicrophones.com\/wp-content\/uploads\/2024\/07\/typical-frequency-response_ecm-f9750ul-50.png 628w, https:\/\/ecmicrophones.com\/wp-content\/uploads\/2024\/07\/typical-frequency-response_ecm-f9750ul-50-300x117.png 300w, https:\/\/ecmicrophones.com\/wp-content\/uploads\/2024\/07\/typical-frequency-response_ecm-f9750ul-50-18x7.png 18w, https:\/\/ecmicrophones.com\/wp-content\/uploads\/2024\/07\/typical-frequency-response_ecm-f9750ul-50-600x234.png 600w\" sizes=\"auto, (max-width: 628px) 100vw, 628px\" \/><\/p>\n<p>\nRisposta in frequenza: 100Hz-10kHz. La curva sale da 100Hz a circa 1kHz, poi rimane relativamente piatta con una leggera tendenza all'aumento. In prossimit\u00e0 dei 4 kHz inizia un leggero roll-off.\n<\/p>\n<h3 class=\"pt-5 text-start\">Dimensioni (UNIT\u00c0: mm)<\/h3>\n<p><img loading=\"lazy\" decoding=\"async\" src=\"https:\/\/ecmicrophones.com\/wp-content\/uploads\/2024\/07\/appearance-dimension_ecm-f9750ul-50.png\" alt=\"Aspetto Dimensione\" width=\"607\" height=\"466\" class=\"alignnone size-full wp-image-1820\" srcset=\"https:\/\/ecmicrophones.com\/wp-content\/uploads\/2024\/07\/appearance-dimension_ecm-f9750ul-50.png 607w, https:\/\/ecmicrophones.com\/wp-content\/uploads\/2024\/07\/appearance-dimension_ecm-f9750ul-50-300x230.png 300w, https:\/\/ecmicrophones.com\/wp-content\/uploads\/2024\/07\/appearance-dimension_ecm-f9750ul-50-16x12.png 16w, https:\/\/ecmicrophones.com\/wp-content\/uploads\/2024\/07\/appearance-dimension_ecm-f9750ul-50-600x461.png 600w\" sizes=\"auto, (max-width: 607px) 100vw, 607px\" \/><\/p>\n<p>\nDiametro: 9,7 mm; altezza: 5,0 mm. La parte anteriore \u00e8 dotata di una rete antipolvere; la parte posteriore include un'apertura per il rilevamento del suono.<\/p>","protected":false},"excerpt":{"rendered":"<p>L'ECM-F9750UL-50 \u00e8 una capsula microfonica unidirezionale da 9,7 \u00d7 5 mm ideale per le applicazioni karaoke. Caratterizzato da un design a doppia camera, ha una sensibilit\u00e0 di -50dB\u00b11 e un rapporto segnale\/rumore di 50dB, garantendo prestazioni audio chiare e di alta qualit\u00e0.<\/p>","protected":false},"featured_media":2748,"comment_status":"open","ping_status":"closed","template":"","meta":[],"product_brand":[721],"product_cat":[21,16],"product_tag":[282,288,116],"class_list":{"0":"post-1819","1":"product","2":"type-product","3":"status-publish","4":"has-post-thumbnail","6":"product_brand-ecmic","7":"product_cat-unidirectional-microphones","8":"product_cat-electret-microphones","9":"product_tag-9-7mm","10":"product_tag-solder-pads","11":"product_tag-vocal","13":"first","14":"instock","15":"shipping-taxable","16":"purchasable","17":"product-type-simple"},"_links":{"self":[{"href":"https:\/\/ecmicrophones.com\/it\/wp-json\/wp\/v2\/product\/1819","targetHints":{"allow":["GET"]}}],"collection":[{"href":"https:\/\/ecmicrophones.com\/it\/wp-json\/wp\/v2\/product"}],"about":[{"href":"https:\/\/ecmicrophones.com\/it\/wp-json\/wp\/v2\/types\/product"}],"replies":[{"embeddable":true,"href":"https:\/\/ecmicrophones.com\/it\/wp-json\/wp\/v2\/comments?post=1819"}],"wp:featuredmedia":[{"embeddable":true,"href":"https:\/\/ecmicrophones.com\/it\/wp-json\/wp\/v2\/media\/2748"}],"wp:attachment":[{"href":"https:\/\/ecmicrophones.com\/it\/wp-json\/wp\/v2\/media?parent=1819"}],"wp:term":[{"taxonomy":"product_brand","embeddable":true,"href":"https:\/\/ecmicrophones.com\/it\/wp-json\/wp\/v2\/product_brand?post=1819"},{"taxonomy":"product_cat","embeddable":true,"href":"https:\/\/ecmicrophones.com\/it\/wp-json\/wp\/v2\/product_cat?post=1819"},{"taxonomy":"product_tag","embeddable":true,"href":"https:\/\/ecmicrophones.com\/it\/wp-json\/wp\/v2\/product_tag?post=1819"}],"curies":[{"name":"wp","href":"https:\/\/api.w.org\/{rel}","templated":true}]}}