{"id":1841,"date":"2024-07-31T08:54:06","date_gmt":"2024-07-31T00:54:06","guid":{"rendered":"https:\/\/ecmicrophones.com\/?post_type=product&#038;p=1841"},"modified":"2026-03-19T15:12:38","modified_gmt":"2026-03-19T07:12:38","slug":"9-7mm-unidirectional-electret-mic-element-for-headset-microphones","status":"publish","type":"product","link":"https:\/\/ecmicrophones.com\/it\/9-7mm-unidirectional-electret-mic-element-for-headset-microphones\/","title":{"rendered":"Elemento microfonico a elettrete unidirezionale da 9,7 mm per microfoni auricolari"},"content":{"rendered":"<h2 class=\"text-start\">Specifiche tecniche<\/h2>\n<p class=\"text-start\">La testina microfonica unidirezionale 9767 \u00e8 dotata di riduzione del rumore e resistenza alle interferenze, per garantire una chiara acquisizione vocale.<\/p>\n<h3 class=\"pt-5 text-start\">Circuito di prova standard<\/h3>\n<p><img loading=\"lazy\" decoding=\"async\" src=\"https:\/\/ecmicrophones.com\/wp-content\/uploads\/2024\/07\/standard-test-circuit_ecm-f9767ul-44.png\" alt=\"Circuito di prova standard\" width=\"485\" height=\"211\" class=\"alignnone size-full wp-image-1842\" srcset=\"https:\/\/ecmicrophones.com\/wp-content\/uploads\/2024\/07\/standard-test-circuit_ecm-f9767ul-44.png 485w, https:\/\/ecmicrophones.com\/wp-content\/uploads\/2024\/07\/standard-test-circuit_ecm-f9767ul-44-300x131.png 300w, https:\/\/ecmicrophones.com\/wp-content\/uploads\/2024\/07\/standard-test-circuit_ecm-f9767ul-44-18x8.png 18w\" sizes=\"auto, (max-width: 485px) 100vw, 485px\" \/><\/p>\n<p>Condizioni di prova: Resistenza di carico (RL) = 680\u03a9, tensione di alimentazione (VS) = 1,5 V, condensatore di accoppiamento (C) = 1\u03bcF.<\/p>\n<h3 class=\"pt-5 text-start\">Risposta in frequenza tipica<\/h3>\n<p><img loading=\"lazy\" decoding=\"async\" src=\"https:\/\/ecmicrophones.com\/wp-content\/uploads\/2024\/07\/typical-frequency-response_ecm-f9767ul-44.png\" alt=\"Risposta in frequenza tipica\" width=\"596\" height=\"252\" class=\"alignnone size-full wp-image-1844\" srcset=\"https:\/\/ecmicrophones.com\/wp-content\/uploads\/2024\/07\/typical-frequency-response_ecm-f9767ul-44.png 596w, https:\/\/ecmicrophones.com\/wp-content\/uploads\/2024\/07\/typical-frequency-response_ecm-f9767ul-44-300x127.png 300w, https:\/\/ecmicrophones.com\/wp-content\/uploads\/2024\/07\/typical-frequency-response_ecm-f9767ul-44-18x8.png 18w\" sizes=\"auto, (max-width: 596px) 100vw, 596px\" \/><\/p>\n<p>Risposta in frequenza: 100Hz-10kHz. La curva mostra un aumento costante fino a 1 kHz, seguito da una regione relativamente stabile, quindi inizia a diminuire intorno ai 5 kHz.<\/p>\n<h3 class=\"pt-5 text-start\">Dimensioni (UNIT\u00c0: mm)<\/h3>\n<p><img loading=\"lazy\" decoding=\"async\" src=\"https:\/\/ecmicrophones.com\/wp-content\/uploads\/2024\/07\/appearance-dimension_ecm-f9767ul-44.png\" alt=\"Aspetto Dimensione\" width=\"610\" height=\"450\" class=\"alignnone size-full wp-image-1843\" srcset=\"https:\/\/ecmicrophones.com\/wp-content\/uploads\/2024\/07\/appearance-dimension_ecm-f9767ul-44.png 610w, https:\/\/ecmicrophones.com\/wp-content\/uploads\/2024\/07\/appearance-dimension_ecm-f9767ul-44-300x221.png 300w, https:\/\/ecmicrophones.com\/wp-content\/uploads\/2024\/07\/appearance-dimension_ecm-f9767ul-44-16x12.png 16w, https:\/\/ecmicrophones.com\/wp-content\/uploads\/2024\/07\/appearance-dimension_ecm-f9767ul-44-600x443.png 600w\" sizes=\"auto, (max-width: 610px) 100vw, 610px\" \/><\/p>\n<p>Diametro: 9,7 mm; altezza: 6,7 mm. La parte anteriore \u00e8 dotata di una rete antipolvere; la parte posteriore \u00e8 sigillata senza aperture.<\/p>","protected":false},"excerpt":{"rendered":"<p>L'ECM-F9767UL-44 \u00e8 una capsula microfonica unidirezionale da 9,7 \u00d7 6,7 mm adatta ai microfoni delle cuffie. Presenta una sensibilit\u00e0 di -44 dB\u00b12 e un rapporto segnale\/rumore di 60 dB, garantendo prestazioni audio chiare e affidabili.<\/p>","protected":false},"featured_media":2744,"comment_status":"open","ping_status":"closed","template":"","meta":[],"product_brand":[721],"product_cat":[16,21],"product_tag":[282,235,288],"class_list":{"0":"post-1841","1":"product","2":"type-product","3":"status-publish","4":"has-post-thumbnail","6":"product_brand-ecmic","7":"product_cat-electret-microphones","8":"product_cat-unidirectional-microphones","9":"product_tag-9-7mm","10":"product_tag-conference","11":"product_tag-solder-pads","13":"first","14":"instock","15":"shipping-taxable","16":"purchasable","17":"product-type-simple"},"_links":{"self":[{"href":"https:\/\/ecmicrophones.com\/it\/wp-json\/wp\/v2\/product\/1841","targetHints":{"allow":["GET"]}}],"collection":[{"href":"https:\/\/ecmicrophones.com\/it\/wp-json\/wp\/v2\/product"}],"about":[{"href":"https:\/\/ecmicrophones.com\/it\/wp-json\/wp\/v2\/types\/product"}],"replies":[{"embeddable":true,"href":"https:\/\/ecmicrophones.com\/it\/wp-json\/wp\/v2\/comments?post=1841"}],"wp:featuredmedia":[{"embeddable":true,"href":"https:\/\/ecmicrophones.com\/it\/wp-json\/wp\/v2\/media\/2744"}],"wp:attachment":[{"href":"https:\/\/ecmicrophones.com\/it\/wp-json\/wp\/v2\/media?parent=1841"}],"wp:term":[{"taxonomy":"product_brand","embeddable":true,"href":"https:\/\/ecmicrophones.com\/it\/wp-json\/wp\/v2\/product_brand?post=1841"},{"taxonomy":"product_cat","embeddable":true,"href":"https:\/\/ecmicrophones.com\/it\/wp-json\/wp\/v2\/product_cat?post=1841"},{"taxonomy":"product_tag","embeddable":true,"href":"https:\/\/ecmicrophones.com\/it\/wp-json\/wp\/v2\/product_tag?post=1841"}],"curies":[{"name":"wp","href":"https:\/\/api.w.org\/{rel}","templated":true}]}}