{"id":187,"date":"2024-03-27T12:06:12","date_gmt":"2024-03-27T12:06:12","guid":{"rendered":"https:\/\/ecmicrophones.com\/?post_type=product&#038;p=187"},"modified":"2026-03-19T15:42:56","modified_gmt":"2026-03-19T07:42:56","slug":"security-camera-microphone-capsule-6mm","status":"publish","type":"product","link":"https:\/\/ecmicrophones.com\/it\/security-camera-microphone-capsule-6mm\/","title":{"rendered":"Capsula microfonica per telecamera di sicurezza 6 mm"},"content":{"rendered":"<h2 class=\"text-start\">Specifiche tecniche<\/h2>\n<p class=\"text-start\">L'ECM-B6027AL30RC \u00e8 una capsula microfonica omnidirezionale compatta da 6 mm progettata per le telecamere di sicurezza, che offre un'acquisizione audio di alta qualit\u00e0 in vari ambienti di sorveglianza. Con una sensibilit\u00e0 di -30 dB e un rapporto segnale\/rumore di 74 dB, garantisce una registrazione audio chiara e precisa, anche in condizioni di rumore. La risposta in frequenza da 50Hz a 10kHz cattura accuratamente i suoni a bassa e alta frequenza, rendendolo ideale per una sorveglianza completa.<\/p>\n<p class=\"text-start\">Realizzata con materiali resistenti in lega di Al e Mg, questa capsula microfonica \u00e8 costruita per garantire affidabilit\u00e0 e longevit\u00e0, anche in ambienti esterni difficili. Funzionante a 2 Vdc, \u00e8 perfetta per l'integrazione in sistemi di telecamere cablate e wireless che richiedono un microfono piccolo, efficiente e affidabile con interferenze minime.<\/p>\n<p class=\"text-start\">Per un uso pi\u00f9 robusto all'aperto, prendete in considerazione il modello <a href=\"https:\/\/ecmicrophones.com\/it\/wireless-interview-microphone-capsule-6mm\/\">ECM-B6027AL30-L100DFS<\/a>che offre caratteristiche di impermeabilit\u00e0 migliorate per le condizioni pi\u00f9 difficili.<\/p>\n<h3 class=\"pt-5 text-start\">Circuito di prova standard<\/h3>\n<p><img loading=\"lazy\" decoding=\"async\" class=\"alignnone size-full wp-image-307\" src=\"https:\/\/ecmicrophones.com\/wp-content\/uploads\/2024\/03\/standard-test-circuit_ecm-b6027al30rc.png\" alt=\"Circuito di test ECM-B6027AL30RC: polarizzazione 2,2k\u03a9, alimentazione 2V, uscita 1\u03bcF\" width=\"608\" height=\"250\" srcset=\"https:\/\/ecmicrophones.com\/wp-content\/uploads\/2024\/03\/standard-test-circuit_ecm-b6027al30rc.png 608w, https:\/\/ecmicrophones.com\/wp-content\/uploads\/2024\/03\/standard-test-circuit_ecm-b6027al30rc-300x123.png 300w, https:\/\/ecmicrophones.com\/wp-content\/uploads\/2024\/03\/standard-test-circuit_ecm-b6027al30rc-18x7.png 18w, https:\/\/ecmicrophones.com\/wp-content\/uploads\/2024\/03\/standard-test-circuit_ecm-b6027al30rc-600x247.png 600w\" sizes=\"auto, (max-width: 608px) 100vw, 608px\" \/><\/p>\n<p>Resistenza di polarizzazione da 2,2k\u03a9, alimentazione da 2V, condensatore di uscita da 1\u03bcF. Ottimizzato per l'acquisizione di voci chiare.<\/p>\n<h3 class=\"pt-5 text-start\">Risposta in frequenza tipica<\/h3>\n<p><img loading=\"lazy\" decoding=\"async\" class=\"alignnone size-full wp-image-308\" src=\"https:\/\/ecmicrophones.com\/wp-content\/uploads\/2024\/03\/typical-frequency-response_ecm-b6027al30rc.png\" alt=\"ECM-B6027AL30RC Risposta in frequenza: Risposta piatta con un leggero calo sopra i 10 kHz\" width=\"570\" height=\"301\" srcset=\"https:\/\/ecmicrophones.com\/wp-content\/uploads\/2024\/03\/typical-frequency-response_ecm-b6027al30rc.png 570w, https:\/\/ecmicrophones.com\/wp-content\/uploads\/2024\/03\/typical-frequency-response_ecm-b6027al30rc-300x158.png 300w, https:\/\/ecmicrophones.com\/wp-content\/uploads\/2024\/03\/typical-frequency-response_ecm-b6027al30rc-18x10.png 18w\" sizes=\"auto, (max-width: 570px) 100vw, 570px\" \/><\/p>\n<p>Risposta piatta con un leggero declino sopra i 10 kHz.<\/p>\n<h3 class=\"pt-5 text-start\">Dimensioni (unit\u00e0: mm)<\/h3>\n<p><img loading=\"lazy\" decoding=\"async\" class=\"alignnone size-full wp-image-306\" src=\"https:\/\/ecmicrophones.com\/wp-content\/uploads\/2024\/03\/appearance-dimension_ecm-b6027al30rc.png\" alt=\"ECM-B6027AL30RC Dimensioni: \u03a66\u00d72,7 mm con rete antipolvere anteriore (retro sigillato)\" width=\"723\" height=\"638\" srcset=\"https:\/\/ecmicrophones.com\/wp-content\/uploads\/2024\/03\/appearance-dimension_ecm-b6027al30rc.png 723w, https:\/\/ecmicrophones.com\/wp-content\/uploads\/2024\/03\/appearance-dimension_ecm-b6027al30rc-300x265.png 300w, https:\/\/ecmicrophones.com\/wp-content\/uploads\/2024\/03\/appearance-dimension_ecm-b6027al30rc-14x12.png 14w, https:\/\/ecmicrophones.com\/wp-content\/uploads\/2024\/03\/appearance-dimension_ecm-b6027al30rc-600x529.png 600w\" sizes=\"auto, (max-width: 723px) 100vw, 723px\" \/><\/p>\n<p>\u03a66\u00d72,7 mm con rete antipolvere anteriore (design posteriore sigillato).<\/p>","protected":false},"excerpt":{"rendered":"<p>Capsula microfonica omnidirezionale da 6 mm ad alte prestazioni con sensibilit\u00e0 eccellente e ampia risposta in frequenza, ideale per sistemi di telecamere di sicurezza e applicazioni di sorveglianza. Per un uso esterno pi\u00f9 robusto, vedere il modello <a href=\"https:\/\/ecmicrophones.com\/it\/wireless-interview-microphone-capsule-6mm\/\">ECM-B6027AL30-L100DFS<\/a> con caratteristiche di impermeabilit\u00e0.<\/p>","protected":false},"featured_media":2660,"comment_status":"open","ping_status":"closed","template":"","meta":[],"product_brand":[721],"product_cat":[16,20],"product_tag":[283,230,288],"class_list":{"0":"post-187","1":"product","2":"type-product","3":"status-publish","4":"has-post-thumbnail","6":"product_brand-ecmic","7":"product_cat-electret-microphones","8":"product_cat-omnidirectional-microphones","9":"product_tag-6mm","10":"product_tag-security","11":"product_tag-solder-pads","13":"first","14":"instock","15":"shipping-taxable","16":"purchasable","17":"product-type-simple"},"_links":{"self":[{"href":"https:\/\/ecmicrophones.com\/it\/wp-json\/wp\/v2\/product\/187","targetHints":{"allow":["GET"]}}],"collection":[{"href":"https:\/\/ecmicrophones.com\/it\/wp-json\/wp\/v2\/product"}],"about":[{"href":"https:\/\/ecmicrophones.com\/it\/wp-json\/wp\/v2\/types\/product"}],"replies":[{"embeddable":true,"href":"https:\/\/ecmicrophones.com\/it\/wp-json\/wp\/v2\/comments?post=187"}],"wp:featuredmedia":[{"embeddable":true,"href":"https:\/\/ecmicrophones.com\/it\/wp-json\/wp\/v2\/media\/2660"}],"wp:attachment":[{"href":"https:\/\/ecmicrophones.com\/it\/wp-json\/wp\/v2\/media?parent=187"}],"wp:term":[{"taxonomy":"product_brand","embeddable":true,"href":"https:\/\/ecmicrophones.com\/it\/wp-json\/wp\/v2\/product_brand?post=187"},{"taxonomy":"product_cat","embeddable":true,"href":"https:\/\/ecmicrophones.com\/it\/wp-json\/wp\/v2\/product_cat?post=187"},{"taxonomy":"product_tag","embeddable":true,"href":"https:\/\/ecmicrophones.com\/it\/wp-json\/wp\/v2\/product_tag?post=187"}],"curies":[{"name":"wp","href":"https:\/\/api.w.org\/{rel}","templated":true}]}}