{"id":1929,"date":"2024-09-11T15:41:00","date_gmt":"2024-09-11T07:41:00","guid":{"rendered":"https:\/\/ecmicrophones.com\/?post_type=product&#038;p=1929"},"modified":"2026-03-19T15:11:44","modified_gmt":"2026-03-19T07:11:44","slug":"9-7mm-lavalier-microphone-capsule-for-conference","status":"publish","type":"product","link":"https:\/\/ecmicrophones.com\/it\/9-7mm-lavalier-microphone-capsule-for-conference\/","title":{"rendered":"Capsula microfonica lavalier da 9,7 mm per conferenze"},"content":{"rendered":"<h2 class=\"text-start\">Specifiche tecniche<\/h2>\n<p class=\"text-start\">La nostra capsula microfonica unidirezionale a doppio condensatore 9750, ideale per i microfoni lavalier da conferenza, offre una forte schermatura dalle interferenze RF per un audio chiaro e affidabile. Il suo design robusto garantisce un'eccellente riduzione del rumore e prestazioni costanti e di alta qualit\u00e0.<\/p>\n<h3 class=\"pt-5 text-start\">Circuito di prova standard<\/h3>\n<p><img loading=\"lazy\" decoding=\"async\" class=\"alignnone size-full wp-image-1932\" src=\"https:\/\/ecmicrophones.com\/wp-content\/uploads\/2024\/09\/standard-test-circuit_ecm-921u.png\" alt=\"Circuito di prova standard\" width=\"580\" height=\"208\" \/><\/p>\n<p>Condizioni di prova: RL = 680\u03a9, VS = 1,5 V, C = 1\u03bcF.<\/p>\n<h3 class=\"pt-5 text-start\">Risposta in frequenza tipica<\/h3>\n<p><img loading=\"lazy\" decoding=\"async\" class=\"alignnone size-full wp-image-1933\" src=\"https:\/\/ecmicrophones.com\/wp-content\/uploads\/2024\/09\/typical-frequency-response_ecm-921u.png\" alt=\"Risposta in frequenza tipica\" width=\"542\" height=\"224\" srcset=\"https:\/\/ecmicrophones.com\/wp-content\/uploads\/2024\/09\/typical-frequency-response_ecm-921u.png 542w, https:\/\/ecmicrophones.com\/wp-content\/uploads\/2024\/09\/typical-frequency-response_ecm-921u-300x124.png 300w, https:\/\/ecmicrophones.com\/wp-content\/uploads\/2024\/09\/typical-frequency-response_ecm-921u-18x7.png 18w\" sizes=\"auto, (max-width: 542px) 100vw, 542px\" \/><\/p>\n<p>La risposta aumenta costantemente da 100Hz a 700Hz, rimane piatta fino a 7kHz, per poi diminuire gradualmente verso i 10kHz.<\/p>\n<h3 class=\"pt-5 text-start\">Dimensioni (UNIT\u00c0: mm)<\/h3>\n<p><img loading=\"lazy\" decoding=\"async\" class=\"alignnone size-full wp-image-1931\" src=\"https:\/\/ecmicrophones.com\/wp-content\/uploads\/2024\/09\/appearance-dimension_ecm-921u.png\" alt=\"Aspetto Dimensione\" width=\"533\" height=\"367\" srcset=\"https:\/\/ecmicrophones.com\/wp-content\/uploads\/2024\/09\/appearance-dimension_ecm-921u.png 533w, https:\/\/ecmicrophones.com\/wp-content\/uploads\/2024\/09\/appearance-dimension_ecm-921u-300x207.png 300w, https:\/\/ecmicrophones.com\/wp-content\/uploads\/2024\/09\/appearance-dimension_ecm-921u-18x12.png 18w\" sizes=\"auto, (max-width: 533px) 100vw, 533px\" \/><\/p>\n<p>La capsula misura 9,7 mm di diametro e 5 mm di altezza, \u00e8 dotata di una rete antipolvere anteriore e di una porta acustica posteriore.<\/p>","protected":false},"excerpt":{"rendered":"<p>L'ECM-921U \u00e8 una capsula microfonica unidirezionale da 9,7 \u00d7 5 mm con una sensibilit\u00e0 di -44 dB\u00b12 e un rapporto segnale\/rumore di 60 dB. \u00c8 ideale per i microfoni lavalier e offre una cattura del suono mirata per prestazioni audio chiare in diversi ambienti.<\/p>","protected":false},"featured_media":2697,"comment_status":"open","ping_status":"closed","template":"","meta":[],"product_brand":[721],"product_cat":[21,16],"product_tag":[282,235,288],"class_list":{"0":"post-1929","1":"product","2":"type-product","3":"status-publish","4":"has-post-thumbnail","6":"product_brand-ecmic","7":"product_cat-unidirectional-microphones","8":"product_cat-electret-microphones","9":"product_tag-9-7mm","10":"product_tag-conference","11":"product_tag-solder-pads","13":"first","14":"instock","15":"shipping-taxable","16":"purchasable","17":"product-type-simple"},"_links":{"self":[{"href":"https:\/\/ecmicrophones.com\/it\/wp-json\/wp\/v2\/product\/1929","targetHints":{"allow":["GET"]}}],"collection":[{"href":"https:\/\/ecmicrophones.com\/it\/wp-json\/wp\/v2\/product"}],"about":[{"href":"https:\/\/ecmicrophones.com\/it\/wp-json\/wp\/v2\/types\/product"}],"replies":[{"embeddable":true,"href":"https:\/\/ecmicrophones.com\/it\/wp-json\/wp\/v2\/comments?post=1929"}],"wp:featuredmedia":[{"embeddable":true,"href":"https:\/\/ecmicrophones.com\/it\/wp-json\/wp\/v2\/media\/2697"}],"wp:attachment":[{"href":"https:\/\/ecmicrophones.com\/it\/wp-json\/wp\/v2\/media?parent=1929"}],"wp:term":[{"taxonomy":"product_brand","embeddable":true,"href":"https:\/\/ecmicrophones.com\/it\/wp-json\/wp\/v2\/product_brand?post=1929"},{"taxonomy":"product_cat","embeddable":true,"href":"https:\/\/ecmicrophones.com\/it\/wp-json\/wp\/v2\/product_cat?post=1929"},{"taxonomy":"product_tag","embeddable":true,"href":"https:\/\/ecmicrophones.com\/it\/wp-json\/wp\/v2\/product_tag?post=1929"}],"curies":[{"name":"wp","href":"https:\/\/api.w.org\/{rel}","templated":true}]}}