{"id":2081,"date":"2024-11-21T18:14:06","date_gmt":"2024-11-21T10:14:06","guid":{"rendered":"https:\/\/ecmicrophones.com\/?post_type=product&#038;p=2081"},"modified":"2026-03-19T15:10:44","modified_gmt":"2026-03-19T07:10:44","slug":"compact-silicon-microphone-for-clear-audio","status":"publish","type":"product","link":"https:\/\/ecmicrophones.com\/it\/compact-silicon-microphone-for-clear-audio\/","title":{"rendered":"Microfono MEMS ottimizzato per array, telecamere e laptop"},"content":{"rendered":"<h2 class=\"text-start\">Specifiche tecniche<\/h2>\n<p class=\"text-start\">L'ECM-IM3729T421-N313H \u00e8 un microfono MEMS analogico ad alte prestazioni progettato per l'elettronica di consumo che richiede un'acquisizione audio chiara in progetti compatti. Con una sensibilit\u00e0 di -42dBV\/Pa \u00b13dB e un SNR di 58dB, offre prestazioni audio affidabili in un'ampia gamma dinamica. Il suo punto di sovraccarico acustico di 132 dB SPL garantisce una registrazione priva di distorsioni anche in ambienti ad alto volume. Il microfono \u00e8 dotato di un'eccellente immunit\u00e0 alle radiofrequenze, che riduce le interferenze in prossimit\u00e0 delle antenne wireless. La tensione di funzionamento va da 1,6V a 3,6V, rendendolo ideale per i dispositivi alimentati a batteria. Alloggiato in un pacchetto compatto di 3,76 mm x 2,95 mm x 1,10 mm, funziona in modo affidabile da -40\u2103 a +100\u2103, rendendolo adatto ad array di microfoni, telecamere e laptop.<\/p>\n<h3 class=\"text-start\">Scenari di applicazione<\/h3>\n<ul class=\"list-unstyled text-start\">\n<li><i class=\"fa fa-check-circle me-2 text-primary\"><\/i>Array di microfoni: Adatto per array di microfoni, consente di catturare l'audio in modo chiaro in ambienti complessi.<\/li>\n<li><i class=\"fa fa-check-circle me-2 text-primary\"><\/i>Telecamere: Ideale per telecamere di sicurezza e action camera, offre una registrazione audio chiara anche in condizioni di rumore elevato.<\/li>\n<li><i class=\"fa fa-check-circle me-2 text-primary\"><\/i>Computer portatili: Progettato per i computer portatili, offre una comunicazione vocale chiara e una qualit\u00e0 di registrazione.<\/li>\n<\/ul>\n<h3 class=\"pt-5 text-start\">Circuito di interfaccia consigliato<\/h3>\n<p><img loading=\"lazy\" decoding=\"async\" class=\"alignnone size-full wp-image-2082\" src=\"https:\/\/ecmicrophones.com\/wp-content\/uploads\/2024\/11\/standard-test-circuit_ecm-im3729t421-n313h.jpg\" alt=\"Circuito di prova standard\" width=\"480\" height=\"240\" srcset=\"https:\/\/ecmicrophones.com\/wp-content\/uploads\/2024\/11\/standard-test-circuit_ecm-im3729t421-n313h.jpg 480w, https:\/\/ecmicrophones.com\/wp-content\/uploads\/2024\/11\/standard-test-circuit_ecm-im3729t421-n313h-300x150.jpg 300w, https:\/\/ecmicrophones.com\/wp-content\/uploads\/2024\/11\/standard-test-circuit_ecm-im3729t421-n313h-18x9.jpg 18w\" sizes=\"auto, (max-width: 480px) 100vw, 480px\" \/><\/p>\n<h3 class=\"pt-5 text-start\">Curva di risposta in frequenza<\/h3>\n<p><img loading=\"lazy\" decoding=\"async\" class=\"alignnone size-full wp-image-2084\" src=\"https:\/\/ecmicrophones.com\/wp-content\/uploads\/2024\/11\/typical-frequency-response_ecm-im3729t421-n313h.jpg\" alt=\"Risposta in frequenza tipica\" width=\"550\" height=\"328\" srcset=\"https:\/\/ecmicrophones.com\/wp-content\/uploads\/2024\/11\/typical-frequency-response_ecm-im3729t421-n313h.jpg 550w, https:\/\/ecmicrophones.com\/wp-content\/uploads\/2024\/11\/typical-frequency-response_ecm-im3729t421-n313h-300x179.jpg 300w, https:\/\/ecmicrophones.com\/wp-content\/uploads\/2024\/11\/typical-frequency-response_ecm-im3729t421-n313h-18x12.jpg 18w\" sizes=\"auto, (max-width: 550px) 100vw, 550px\" \/><\/p>\n<h3 class=\"pt-5 text-start\">Dimensioni (UNIT\u00c0: mm)<\/h3>\n<p><img loading=\"lazy\" decoding=\"async\" class=\"alignnone size-full wp-image-2083\" src=\"https:\/\/ecmicrophones.com\/wp-content\/uploads\/2024\/11\/appearance-dimension_ecm-im3729t421-n313h.jpg\" alt=\"Aspetto Dimensione\" width=\"610\" height=\"260\" srcset=\"https:\/\/ecmicrophones.com\/wp-content\/uploads\/2024\/11\/appearance-dimension_ecm-im3729t421-n313h.jpg 610w, https:\/\/ecmicrophones.com\/wp-content\/uploads\/2024\/11\/appearance-dimension_ecm-im3729t421-n313h-300x128.jpg 300w, https:\/\/ecmicrophones.com\/wp-content\/uploads\/2024\/11\/appearance-dimension_ecm-im3729t421-n313h-18x8.jpg 18w, https:\/\/ecmicrophones.com\/wp-content\/uploads\/2024\/11\/appearance-dimension_ecm-im3729t421-n313h-600x256.jpg 600w\" sizes=\"auto, (max-width: 610px) 100vw, 610px\" \/><\/p>","protected":false},"excerpt":{"rendered":"<p>Microfono MEMS analogico ad alte prestazioni con sensibilit\u00e0 di -42dBV\/Pa, SNR di 58dB e AOP di 132dB. Eccellente immunit\u00e0 alle radiofrequenze per array di microfoni, telecamere e laptop.<\/p>","protected":false},"featured_media":2440,"comment_status":"open","ping_status":"closed","template":"","meta":[],"product_brand":[721],"product_cat":[91,19],"product_tag":[708,710,718,699,711,709],"class_list":{"0":"post-2081","1":"product","2":"type-product","3":"status-publish","4":"has-post-thumbnail","6":"product_brand-ecmic","7":"product_cat-analog-microphones","8":"product_cat-mems-microphones","9":"product_tag-analog","10":"product_tag-high-aop","11":"product_tag-industrial-grade","12":"product_tag-mems-mics","13":"product_tag-rf-immunity","14":"product_tag-top-port","16":"first","17":"instock","18":"shipping-taxable","19":"purchasable","20":"product-type-simple"},"_links":{"self":[{"href":"https:\/\/ecmicrophones.com\/it\/wp-json\/wp\/v2\/product\/2081","targetHints":{"allow":["GET"]}}],"collection":[{"href":"https:\/\/ecmicrophones.com\/it\/wp-json\/wp\/v2\/product"}],"about":[{"href":"https:\/\/ecmicrophones.com\/it\/wp-json\/wp\/v2\/types\/product"}],"replies":[{"embeddable":true,"href":"https:\/\/ecmicrophones.com\/it\/wp-json\/wp\/v2\/comments?post=2081"}],"wp:featuredmedia":[{"embeddable":true,"href":"https:\/\/ecmicrophones.com\/it\/wp-json\/wp\/v2\/media\/2440"}],"wp:attachment":[{"href":"https:\/\/ecmicrophones.com\/it\/wp-json\/wp\/v2\/media?parent=2081"}],"wp:term":[{"taxonomy":"product_brand","embeddable":true,"href":"https:\/\/ecmicrophones.com\/it\/wp-json\/wp\/v2\/product_brand?post=2081"},{"taxonomy":"product_cat","embeddable":true,"href":"https:\/\/ecmicrophones.com\/it\/wp-json\/wp\/v2\/product_cat?post=2081"},{"taxonomy":"product_tag","embeddable":true,"href":"https:\/\/ecmicrophones.com\/it\/wp-json\/wp\/v2\/product_tag?post=2081"}],"curies":[{"name":"wp","href":"https:\/\/api.w.org\/{rel}","templated":true}]}}