{"id":2134,"date":"2024-12-13T16:20:00","date_gmt":"2024-12-13T08:20:00","guid":{"rendered":"https:\/\/ecmicrophones.com\/?post_type=product&#038;p=2134"},"modified":"2026-03-19T15:09:39","modified_gmt":"2026-03-19T07:09:39","slug":"4mm-gold-plated-unidirectional-microphone-capsule-for-two-way-radios","status":"publish","type":"product","link":"https:\/\/ecmicrophones.com\/it\/4mm-gold-plated-unidirectional-microphone-capsule-for-two-way-radios\/","title":{"rendered":"Capsula microfonica unidirezionale da 4 mm placcata oro per radio a due vie"},"content":{"rendered":"<h2 class=\"text-start\">Specifiche tecniche<\/h2>\n<p class=\"text-start\">L'ECM-B4015UP40-474 \u00e8 una capsula microfonica unidirezionale da 4 mm progettata appositamente per le radio ricetrasmittenti. Il suo design a triplo condensatore garantisce una stabilit\u00e0 eccezionale, riducendo le interferenze e mantenendo una qualit\u00e0 audio costante anche in condizioni dinamiche.<\/p>\n<p class=\"text-start\">Con una sensibilit\u00e0 di -40dB\u00b12 e un rapporto segnale\/rumore di 52dB, questa capsula microfonica cattura segnali vocali chiari e intelligibili riducendo al minimo il rumore di fondo. La sua risposta in frequenza di 100Hz-16kHz, unita alla capacit\u00e0 di gestire fino a 105dB SPL, lo rende ideale per l'uso in ambienti in cui la comunicazione chiara \u00e8 essenziale.<\/p>\n<p class=\"text-start\">Questa capsula \u00e8 dotata di pin in Cu placcati in oro, che offrono un'eccellente conduttivit\u00e0 elettrica e resistenza all'ossidazione, garantendo un'affidabilit\u00e0 a lungo termine. Con dimensioni di soli 4 mm \u00d7 1,5 mm, il design compatto consente una perfetta integrazione nei dispositivi di comunicazione.<\/p>\n<p class=\"text-start\">Perfettamente adatto per le radio ricetrasmittenti in settori quali la sicurezza, la vendita al dettaglio e le comunicazioni all'aperto, l'ECM-B4015UP40-474 offre prestazioni superiori con particolare attenzione alla durata e all'affidabilit\u00e0.<\/p>\n<h3 class=\"pt-5 text-start\">Circuito di prova standard<\/h3>\n<p><img loading=\"lazy\" decoding=\"async\" class=\"alignnone size-full wp-image-2141\" src=\"https:\/\/ecmicrophones.com\/wp-content\/uploads\/2024\/12\/standard-test-circuit_ecm-b4015up40-474.png\" alt=\"Circuito di test ECM-B4015UP40-474: polarizzazione 2,2k\u03a9, alimentazione 2V, condensatore di accoppiamento 1\u03bcF\" width=\"503\" height=\"223\" srcset=\"https:\/\/ecmicrophones.com\/wp-content\/uploads\/2024\/12\/standard-test-circuit_ecm-b4015up40-474.png 503w, https:\/\/ecmicrophones.com\/wp-content\/uploads\/2024\/12\/standard-test-circuit_ecm-b4015up40-474-300x133.png 300w, https:\/\/ecmicrophones.com\/wp-content\/uploads\/2024\/12\/standard-test-circuit_ecm-b4015up40-474-18x8.png 18w\" sizes=\"auto, (max-width: 503px) 100vw, 503px\" \/><\/p>\n<p>Resistenza di polarizzazione da 2,2k\u03a9, alimentazione da 2V CC, condensatore di accoppiamento da 1\u03bcF.<\/p>\n<h3 class=\"pt-5 text-start\">Risposta in frequenza tipica<\/h3>\n<p><img loading=\"lazy\" decoding=\"async\" class=\"alignnone wp-image-2142 size-large\" src=\"https:\/\/ecmicrophones.com\/wp-content\/uploads\/2024\/12\/typical-frequency-response_ecm-b4015up40-474-1024x512.png\" alt=\"ECM-B4015UP40-474 Risposta in frequenza: Risposta in aumento da circa 200Hz a 16kHz\" width=\"1024\" height=\"512\" srcset=\"https:\/\/ecmicrophones.com\/wp-content\/uploads\/2024\/12\/typical-frequency-response_ecm-b4015up40-474-1024x512.png 1024w, https:\/\/ecmicrophones.com\/wp-content\/uploads\/2024\/12\/typical-frequency-response_ecm-b4015up40-474-300x150.png 300w, https:\/\/ecmicrophones.com\/wp-content\/uploads\/2024\/12\/typical-frequency-response_ecm-b4015up40-474-768x384.png 768w, https:\/\/ecmicrophones.com\/wp-content\/uploads\/2024\/12\/typical-frequency-response_ecm-b4015up40-474-1536x768.png 1536w, https:\/\/ecmicrophones.com\/wp-content\/uploads\/2024\/12\/typical-frequency-response_ecm-b4015up40-474-18x9.png 18w, https:\/\/ecmicrophones.com\/wp-content\/uploads\/2024\/12\/typical-frequency-response_ecm-b4015up40-474-600x300.png 600w, https:\/\/ecmicrophones.com\/wp-content\/uploads\/2024\/12\/typical-frequency-response_ecm-b4015up40-474.png 1580w\" sizes=\"auto, (max-width: 1024px) 100vw, 1024px\" \/><\/p>\n<p>Risposta gradualmente crescente da circa 200Hz a 16kHz, sintonizzata per la chiarezza della voce nelle applicazioni con microfono per cuffie.<\/p>\n<h3 class=\"pt-5 text-start\">Dimensioni (unit\u00e0: mm)<\/h3>\n<p><img loading=\"lazy\" decoding=\"async\" class=\"alignnone size-full wp-image-2140\" src=\"https:\/\/ecmicrophones.com\/wp-content\/uploads\/2024\/12\/appearance-dimension_ecm-b4015up40-474.png\" alt=\"ECM-B4015UP40-474 Dimensioni: \u03a64,0\u00d71,5mm con rete antipolvere anteriore e porta audio posteriore\" width=\"528\" height=\"406\" srcset=\"https:\/\/ecmicrophones.com\/wp-content\/uploads\/2024\/12\/appearance-dimension_ecm-b4015up40-474.png 528w, https:\/\/ecmicrophones.com\/wp-content\/uploads\/2024\/12\/appearance-dimension_ecm-b4015up40-474-300x231.png 300w, https:\/\/ecmicrophones.com\/wp-content\/uploads\/2024\/12\/appearance-dimension_ecm-b4015up40-474-16x12.png 16w\" sizes=\"auto, (max-width: 528px) 100vw, 528px\" \/><\/p>\n<p>Alloggiamento compatto da 4,0\u00d71,5 mm con rete antipolvere frontale, porta audio posteriore, pin da 2,8 mm con spaziatura di 1,4 mm.<\/p>","protected":false},"excerpt":{"rendered":"<p>Capsula microfonica unidirezionale compatta da 4 mm progettata per le radio ricetrasmittenti. Presenta un design a triplo condensatore per una maggiore stabilit\u00e0, pin placcati in oro per una conduttivit\u00e0 superiore e uno schema di ripresa con cancellazione del rumore per offrire una trasmissione vocale chiara e affidabile in ambienti difficili.<\/p>","protected":false},"featured_media":2716,"comment_status":"open","ping_status":"closed","template":"","meta":[],"product_brand":[721],"product_cat":[16,21],"product_tag":[284,235,291],"class_list":{"0":"post-2134","1":"product","2":"type-product","3":"status-publish","4":"has-post-thumbnail","6":"product_brand-ecmic","7":"product_cat-electret-microphones","8":"product_cat-unidirectional-microphones","9":"product_tag-4mm","10":"product_tag-conference","11":"product_tag-pin-type","13":"first","14":"instock","15":"shipping-taxable","16":"purchasable","17":"product-type-simple"},"_links":{"self":[{"href":"https:\/\/ecmicrophones.com\/it\/wp-json\/wp\/v2\/product\/2134","targetHints":{"allow":["GET"]}}],"collection":[{"href":"https:\/\/ecmicrophones.com\/it\/wp-json\/wp\/v2\/product"}],"about":[{"href":"https:\/\/ecmicrophones.com\/it\/wp-json\/wp\/v2\/types\/product"}],"replies":[{"embeddable":true,"href":"https:\/\/ecmicrophones.com\/it\/wp-json\/wp\/v2\/comments?post=2134"}],"wp:featuredmedia":[{"embeddable":true,"href":"https:\/\/ecmicrophones.com\/it\/wp-json\/wp\/v2\/media\/2716"}],"wp:attachment":[{"href":"https:\/\/ecmicrophones.com\/it\/wp-json\/wp\/v2\/media?parent=2134"}],"wp:term":[{"taxonomy":"product_brand","embeddable":true,"href":"https:\/\/ecmicrophones.com\/it\/wp-json\/wp\/v2\/product_brand?post=2134"},{"taxonomy":"product_cat","embeddable":true,"href":"https:\/\/ecmicrophones.com\/it\/wp-json\/wp\/v2\/product_cat?post=2134"},{"taxonomy":"product_tag","embeddable":true,"href":"https:\/\/ecmicrophones.com\/it\/wp-json\/wp\/v2\/product_tag?post=2134"}],"curies":[{"name":"wp","href":"https:\/\/api.w.org\/{rel}","templated":true}]}}