{"id":328,"date":"2024-04-15T09:13:49","date_gmt":"2024-04-15T09:13:49","guid":{"rendered":"https:\/\/ecmicrophones.com\/?post_type=product&#038;p=328"},"modified":"2026-03-19T15:47:38","modified_gmt":"2026-03-19T07:47:38","slug":"waterproof-lavalier-microphone-capsule-9-7mm","status":"publish","type":"product","link":"https:\/\/ecmicrophones.com\/it\/waterproof-lavalier-microphone-capsule-9-7mm\/","title":{"rendered":"Capsula microfonica lavalier impermeabile 9,7 mm"},"content":{"rendered":"<h2 class=\"text-start\">Specifiche tecniche<\/h2>\n<p class=\"text-start\">La testa microfonica impermeabile 9745 con grado di protezione IP67 \u00e8 caratterizzata da un'elevata sensibilit\u00e0, che la rende ideale per i microfoni a bavero. Realizzata su misura con un RF JFET coreano e una rete impermeabile americana di alta qualit\u00e0, garantisce prestazioni stabili e affidabili.<\/p>\n<h3 class=\"pt-5 text-start\">Circuito di prova standard<\/h3>\n<p> <img loading=\"lazy\" decoding=\"async\" class=\"alignnone size-full wp-image-333\" src=\"https:\/\/ecmicrophones.com\/wp-content\/uploads\/2024\/04\/standard-test-circuit_ecm-f9745al36-ip67.jpg\" alt=\"Circuito di prova standard\" width=\"723\" height=\"283\" srcset=\"https:\/\/ecmicrophones.com\/wp-content\/uploads\/2024\/04\/standard-test-circuit_ecm-f9745al36-ip67.jpg 723w, https:\/\/ecmicrophones.com\/wp-content\/uploads\/2024\/04\/standard-test-circuit_ecm-f9745al36-ip67-300x117.jpg 300w, https:\/\/ecmicrophones.com\/wp-content\/uploads\/2024\/04\/standard-test-circuit_ecm-f9745al36-ip67-18x7.jpg 18w, https:\/\/ecmicrophones.com\/wp-content\/uploads\/2024\/04\/standard-test-circuit_ecm-f9745al36-ip67-600x235.jpg 600w\" sizes=\"auto, (max-width: 723px) 100vw, 723px\" \/> <\/p>\n<p>Circuito di prova con RL=2,2K\u03a9, VS=2V e C=1\u03bcF.<\/p>\n<h3 class=\"pt-5 text-start\">Risposta in frequenza tipica<\/h3>\n<p> <img loading=\"lazy\" decoding=\"async\" class=\"alignnone size-full wp-image-331\" src=\"https:\/\/ecmicrophones.com\/wp-content\/uploads\/2024\/04\/typical-frequency-response_ecm-f9745al36-ip67.jpg\" alt=\"Risposta in frequenza tipica\" width=\"718\" height=\"509\" srcset=\"https:\/\/ecmicrophones.com\/wp-content\/uploads\/2024\/04\/typical-frequency-response_ecm-f9745al36-ip67.jpg 718w, https:\/\/ecmicrophones.com\/wp-content\/uploads\/2024\/04\/typical-frequency-response_ecm-f9745al36-ip67-300x213.jpg 300w, https:\/\/ecmicrophones.com\/wp-content\/uploads\/2024\/04\/typical-frequency-response_ecm-f9745al36-ip67-18x12.jpg 18w, https:\/\/ecmicrophones.com\/wp-content\/uploads\/2024\/04\/typical-frequency-response_ecm-f9745al36-ip67-600x425.jpg 600w\" sizes=\"auto, (max-width: 718px) 100vw, 718px\" \/> <\/p>\n<p>La risposta in frequenza diminuisce da 50Hz a 3kHz, quindi aumenta tra 3kHz e 5kHz prima di diminuire gradualmente fino a 20kHz.<\/p>\n<h3 class=\"pt-5 text-start\">Dimensioni (UNIT\u00c0: mm)<\/h3>\n<p> <img loading=\"lazy\" decoding=\"async\" class=\"alignnone size-full wp-image-332\" src=\"https:\/\/ecmicrophones.com\/wp-content\/uploads\/2024\/04\/appearance-dimension_ecm-f9745al36-ip67.jpg\" alt=\"Aspetto Dimensione\" width=\"432\" height=\"488\" srcset=\"https:\/\/ecmicrophones.com\/wp-content\/uploads\/2024\/04\/appearance-dimension_ecm-f9745al36-ip67.jpg 432w, https:\/\/ecmicrophones.com\/wp-content\/uploads\/2024\/04\/appearance-dimension_ecm-f9745al36-ip67-266x300.jpg 266w, https:\/\/ecmicrophones.com\/wp-content\/uploads\/2024\/04\/appearance-dimension_ecm-f9745al36-ip67-11x12.jpg 11w\" sizes=\"auto, (max-width: 432px) 100vw, 432px\" \/> <\/p>\n<p>Diametro 9,7 mm, altezza 4,5 mm, con membrana impermeabile sul lato anteriore e nessuna apertura sul lato posteriore.<\/p>","protected":false},"excerpt":{"rendered":"<p>L'ECM-F9745AL36-IP67 \u00e8 una capsula microfonica omnidirezionale da 9,7 \u00d7 4,5 mm progettata per soddisfare elevati requisiti di impermeabilit\u00e0 nei prodotti pickup. Presenta una sensibilit\u00e0 di -36 dB\u00b12 e un rapporto segnale\/rumore di 65 dB, garantendo prestazioni affidabili in ambienti difficili.<\/p>","protected":false},"featured_media":2790,"comment_status":"open","ping_status":"closed","template":"","meta":[],"product_brand":[721],"product_cat":[20,16],"product_tag":[282,235,288],"class_list":{"0":"post-328","1":"product","2":"type-product","3":"status-publish","4":"has-post-thumbnail","6":"product_brand-ecmic","7":"product_cat-omnidirectional-microphones","8":"product_cat-electret-microphones","9":"product_tag-9-7mm","10":"product_tag-conference","11":"product_tag-solder-pads","13":"first","14":"instock","15":"shipping-taxable","16":"purchasable","17":"product-type-simple"},"_links":{"self":[{"href":"https:\/\/ecmicrophones.com\/it\/wp-json\/wp\/v2\/product\/328","targetHints":{"allow":["GET"]}}],"collection":[{"href":"https:\/\/ecmicrophones.com\/it\/wp-json\/wp\/v2\/product"}],"about":[{"href":"https:\/\/ecmicrophones.com\/it\/wp-json\/wp\/v2\/types\/product"}],"replies":[{"embeddable":true,"href":"https:\/\/ecmicrophones.com\/it\/wp-json\/wp\/v2\/comments?post=328"}],"wp:featuredmedia":[{"embeddable":true,"href":"https:\/\/ecmicrophones.com\/it\/wp-json\/wp\/v2\/media\/2790"}],"wp:attachment":[{"href":"https:\/\/ecmicrophones.com\/it\/wp-json\/wp\/v2\/media?parent=328"}],"wp:term":[{"taxonomy":"product_brand","embeddable":true,"href":"https:\/\/ecmicrophones.com\/it\/wp-json\/wp\/v2\/product_brand?post=328"},{"taxonomy":"product_cat","embeddable":true,"href":"https:\/\/ecmicrophones.com\/it\/wp-json\/wp\/v2\/product_cat?post=328"},{"taxonomy":"product_tag","embeddable":true,"href":"https:\/\/ecmicrophones.com\/it\/wp-json\/wp\/v2\/product_tag?post=328"}],"curies":[{"name":"wp","href":"https:\/\/api.w.org\/{rel}","templated":true}]}}