{"id":3581,"date":"2025-10-08T09:19:11","date_gmt":"2025-10-08T01:19:11","guid":{"rendered":"https:\/\/ecmicrophones.com\/?post_type=product&#038;p=3581"},"modified":"2026-03-19T15:05:34","modified_gmt":"2026-03-19T07:05:34","slug":"14mm-unidirectional-microphone-capsule-for-broadcast","status":"publish","type":"product","link":"https:\/\/ecmicrophones.com\/it\/14mm-unidirectional-microphone-capsule-for-broadcast\/","title":{"rendered":"Capsula microfonica unidirezionale da 14 mm per trasmissioni radiotelevisive"},"content":{"rendered":"<h2 class=\"text-start\">Specifiche tecniche<\/h2>\n<p class=\"text-start\">La capsula microfonica unidirezionale 1455 offre una qualit\u00e0 audio Hi-Fi ad alta fedelt\u00e0 e a basso rumore.<br \/>\nCaratterizzato da un design a diaframma largo di nuova concezione, ottimizzato per le applicazioni di microfoni shotgun,<br \/>\nfornisce bassi potenti, medi ricchi e alti brillanti per una risposta audio equilibrata e a tutto spettro.<\/p>\n<h3 class=\"pt-5 text-start\">Circuito di prova standard<\/h3>\n<p><img loading=\"lazy\" decoding=\"async\" class=\"alignnone size-full wp-image-3588\" src=\"https:\/\/ecmicrophones.com\/wp-content\/uploads\/2025\/10\/standard-test-circuit_ecm-b1463uml35-750.png.png\" alt=\"Circuito di prova standard\" width=\"534\" height=\"237\" srcset=\"https:\/\/ecmicrophones.com\/wp-content\/uploads\/2025\/10\/standard-test-circuit_ecm-b1463uml35-750.png.png 534w, https:\/\/ecmicrophones.com\/wp-content\/uploads\/2025\/10\/standard-test-circuit_ecm-b1463uml35-750.png-300x133.png 300w, https:\/\/ecmicrophones.com\/wp-content\/uploads\/2025\/10\/standard-test-circuit_ecm-b1463uml35-750.png-18x8.png 18w\" sizes=\"auto, (max-width: 534px) 100vw, 534px\" \/><\/p>\n<p>Condizioni di prova: RL = 15K\u03a9, VS = 2V, C = 1\u03bcF.<\/p>\n<h3 class=\"pt-5 text-start\">Risposta in frequenza tipica<\/h3>\n<p><img loading=\"lazy\" decoding=\"async\" class=\"alignnone wp-image-3582 size-large\" src=\"https:\/\/ecmicrophones.com\/wp-content\/uploads\/2025\/10\/typical-frequency-response_ecm-b1463uml35-750-1024x460.png\" alt=\"Risposta in frequenza tipica\" width=\"1024\" height=\"460\" srcset=\"https:\/\/ecmicrophones.com\/wp-content\/uploads\/2025\/10\/typical-frequency-response_ecm-b1463uml35-750-1024x460.png 1024w, https:\/\/ecmicrophones.com\/wp-content\/uploads\/2025\/10\/typical-frequency-response_ecm-b1463uml35-750-300x135.png 300w, https:\/\/ecmicrophones.com\/wp-content\/uploads\/2025\/10\/typical-frequency-response_ecm-b1463uml35-750-768x345.png 768w, https:\/\/ecmicrophones.com\/wp-content\/uploads\/2025\/10\/typical-frequency-response_ecm-b1463uml35-750-1536x689.png 1536w, https:\/\/ecmicrophones.com\/wp-content\/uploads\/2025\/10\/typical-frequency-response_ecm-b1463uml35-750-18x8.png 18w, https:\/\/ecmicrophones.com\/wp-content\/uploads\/2025\/10\/typical-frequency-response_ecm-b1463uml35-750-600x269.png 600w, https:\/\/ecmicrophones.com\/wp-content\/uploads\/2025\/10\/typical-frequency-response_ecm-b1463uml35-750.png 1651w\" sizes=\"auto, (max-width: 1024px) 100vw, 1024px\" \/><\/p>\n<p>Presenta una risposta frontale morbida e leggermente crescente da circa 100Hz a 10kHz, con medi ricchi e alti brillanti,<br \/>\nmantenendo oltre 15 dB di reiezione posteriore - progettato per l'acquisizione unidirezionale della voce ad alta fedelt\u00e0<br \/>\nnei microfoni shotgun e da intervista.<\/p>\n<h3 class=\"pt-5 text-start\">Dimensioni (UNIT\u00c0: mm)<\/h3>\n<p><img loading=\"lazy\" decoding=\"async\" class=\"alignnone size-full wp-image-3583\" src=\"https:\/\/ecmicrophones.com\/wp-content\/uploads\/2025\/10\/appearance-dimension_ecm-b1463uml35-750.png\" alt=\"Aspetto Dimensione\" width=\"552\" height=\"312\" srcset=\"https:\/\/ecmicrophones.com\/wp-content\/uploads\/2025\/10\/appearance-dimension_ecm-b1463uml35-750.png 552w, https:\/\/ecmicrophones.com\/wp-content\/uploads\/2025\/10\/appearance-dimension_ecm-b1463uml35-750-300x170.png 300w, https:\/\/ecmicrophones.com\/wp-content\/uploads\/2025\/10\/appearance-dimension_ecm-b1463uml35-750-18x10.png 18w\" sizes=\"auto, (max-width: 552px) 100vw, 552px\" \/><\/p>\n<p>Dimensioni della capsula: \u00d814 \u00d7 6,3 mm.<br \/>\nDispone di una rete di protezione dalla polvere nella parte anteriore e di una porta acustica posteriore coperta da uno strato di rete smorzante<br \/>\nper prestazioni direzionali stabili.<\/p>","protected":false},"excerpt":{"rendered":"<p>L'ECM-B1463UML35-750 \u00e8 una capsula microfonica unidirezionale da 14\u00d76,3 mm per microfoni da intervista, con una sensibilit\u00e0 di -35 dB\u00b12, un SNR di 80 dB e un SPL massimo di 120 dB, con un'elevata sensibilit\u00e0. Distorsione &lt;1% per un audio chiaro e di alta qualit\u00e0.\n<\/p>","protected":false},"featured_media":3587,"comment_status":"open","ping_status":"closed","template":"","meta":[],"product_brand":[721],"product_cat":[16,21],"product_tag":[280,235,288],"class_list":{"0":"post-3581","1":"product","2":"type-product","3":"status-publish","4":"has-post-thumbnail","6":"product_brand-ecmic","7":"product_cat-electret-microphones","8":"product_cat-unidirectional-microphones","9":"product_tag-14mm","10":"product_tag-conference","11":"product_tag-solder-pads","13":"first","14":"instock","15":"shipping-taxable","16":"purchasable","17":"product-type-simple"},"_links":{"self":[{"href":"https:\/\/ecmicrophones.com\/it\/wp-json\/wp\/v2\/product\/3581","targetHints":{"allow":["GET"]}}],"collection":[{"href":"https:\/\/ecmicrophones.com\/it\/wp-json\/wp\/v2\/product"}],"about":[{"href":"https:\/\/ecmicrophones.com\/it\/wp-json\/wp\/v2\/types\/product"}],"replies":[{"embeddable":true,"href":"https:\/\/ecmicrophones.com\/it\/wp-json\/wp\/v2\/comments?post=3581"}],"wp:featuredmedia":[{"embeddable":true,"href":"https:\/\/ecmicrophones.com\/it\/wp-json\/wp\/v2\/media\/3587"}],"wp:attachment":[{"href":"https:\/\/ecmicrophones.com\/it\/wp-json\/wp\/v2\/media?parent=3581"}],"wp:term":[{"taxonomy":"product_brand","embeddable":true,"href":"https:\/\/ecmicrophones.com\/it\/wp-json\/wp\/v2\/product_brand?post=3581"},{"taxonomy":"product_cat","embeddable":true,"href":"https:\/\/ecmicrophones.com\/it\/wp-json\/wp\/v2\/product_cat?post=3581"},{"taxonomy":"product_tag","embeddable":true,"href":"https:\/\/ecmicrophones.com\/it\/wp-json\/wp\/v2\/product_tag?post=3581"}],"curies":[{"name":"wp","href":"https:\/\/api.w.org\/{rel}","templated":true}]}}