{"id":464,"date":"2024-04-28T05:43:16","date_gmt":"2024-04-28T05:43:16","guid":{"rendered":"https:\/\/ecmicrophones.com\/?post_type=product&#038;p=464"},"modified":"2026-03-19T15:48:57","modified_gmt":"2026-03-19T07:48:57","slug":"25mm-cardioid-electret-microphone-cartridge","status":"publish","type":"product","link":"https:\/\/ecmicrophones.com\/it\/25mm-cardioid-electret-microphone-cartridge\/","title":{"rendered":"Cartuccia per microfono a elettrete cardioide da 25 mm"},"content":{"rendered":"<h2 class=\"text-start\">Specifiche tecniche<\/h2>\n<p class=\"text-start\">Il nucleo del microfono 2583 garantisce un audio ad alta fedelt\u00e0, con un tasso di distorsione di 120 dB THD\u22641% e un impressionante rapporto segnale\/rumore di 83 dB.<\/p>\n<h3 class=\"pt-5 text-start\">Circuito di prova standard<\/h3>\n<p><img loading=\"lazy\" decoding=\"async\" class=\"alignnone size-full wp-image-467\" src=\"https:\/\/ecmicrophones.com\/wp-content\/uploads\/2024\/04\/standard-test-circuit_ecm-b2583uml32-23861.png\" alt=\"ECM-B2583UML32-23861 Circuito di test standard: Carico 15k\u03a9, alimentazione 2V, uscita 1\u03bcF\" width=\"613\" height=\"261\" srcset=\"https:\/\/ecmicrophones.com\/wp-content\/uploads\/2024\/04\/standard-test-circuit_ecm-b2583uml32-23861.png 613w, https:\/\/ecmicrophones.com\/wp-content\/uploads\/2024\/04\/standard-test-circuit_ecm-b2583uml32-23861-300x128.png 300w, https:\/\/ecmicrophones.com\/wp-content\/uploads\/2024\/04\/standard-test-circuit_ecm-b2583uml32-23861-18x8.png 18w, https:\/\/ecmicrophones.com\/wp-content\/uploads\/2024\/04\/standard-test-circuit_ecm-b2583uml32-23861-600x255.png 600w\" sizes=\"auto, (max-width: 613px) 100vw, 613px\" \/><\/p>\n<p>Testato con una resistenza di carico da 15k\u03a9, alimentazione a 2V CC e condensatore di accoppiamento da 1\u03bcF.<\/p>\n<h3 class=\"pt-5 text-start\">Risposta in frequenza tipica<\/h3>\n<p><img loading=\"lazy\" decoding=\"async\" class=\"alignnone size-full wp-image-468\" src=\"https:\/\/ecmicrophones.com\/wp-content\/uploads\/2024\/04\/typical-frequency-response_ecm-b2583uml32-23861.png\" alt=\"ECM-B2583UML32-23861 Curva di risposta in frequenza\" width=\"554\" height=\"352\" srcset=\"https:\/\/ecmicrophones.com\/wp-content\/uploads\/2024\/04\/typical-frequency-response_ecm-b2583uml32-23861.png 554w, https:\/\/ecmicrophones.com\/wp-content\/uploads\/2024\/04\/typical-frequency-response_ecm-b2583uml32-23861-300x191.png 300w, https:\/\/ecmicrophones.com\/wp-content\/uploads\/2024\/04\/typical-frequency-response_ecm-b2583uml32-23861-18x12.png 18w\" sizes=\"auto, (max-width: 554px) 100vw, 554px\" \/><\/p>\n<p>La risposta in frequenza mostra una notevole ascesa da 3kHz a 5kHz, con un picco evidente prima di un brusco calo a partire da 6kHz, garantendo una forte presenza in gamma media con un roll-off controllato delle alte frequenze.<\/p>\n<h3 class=\"pt-5 text-start\">Dimensioni (UNIT\u00c0: mm)<\/h3>\n<p><img loading=\"lazy\" decoding=\"async\" class=\"alignnone size-full wp-image-469\" src=\"https:\/\/ecmicrophones.com\/wp-content\/uploads\/2024\/04\/appearance-dimension_ecm-b2583uml32-23861.png\" alt=\"Dimensioni di ECM-B2583UML32-23861: \u03a625\u00d78,3 mm\" width=\"615\" height=\"403\" srcset=\"https:\/\/ecmicrophones.com\/wp-content\/uploads\/2024\/04\/appearance-dimension_ecm-b2583uml32-23861.png 615w, https:\/\/ecmicrophones.com\/wp-content\/uploads\/2024\/04\/appearance-dimension_ecm-b2583uml32-23861-300x197.png 300w, https:\/\/ecmicrophones.com\/wp-content\/uploads\/2024\/04\/appearance-dimension_ecm-b2583uml32-23861-18x12.png 18w, https:\/\/ecmicrophones.com\/wp-content\/uploads\/2024\/04\/appearance-dimension_ecm-b2583uml32-23861-600x393.png 600w\" sizes=\"auto, (max-width: 615px) 100vw, 615px\" \/><\/p>\n<p>Capsula di grandi dimensioni con dimensioni \u03a625 \u00d7 8,3 mm, dotata di un ingresso acustico posteriore per una migliore ripresa del suono.<\/p>","protected":false},"excerpt":{"rendered":"<p>L'ECM-B2583UML32-23861 \u00e8 una capsula microfonica unidirezionale a elettrete da 25 \u00d7 8,3 mm con una sensibilit\u00e0 di -32 dB\u00b12 e un SNR di 83 dB, adatta a microfoni professionali per karaoke, microfoni per trasmissioni dal vivo e apparecchiature di registrazione in studio.<\/p>","protected":false},"featured_media":2540,"comment_status":"open","ping_status":"closed","template":"","meta":[],"product_brand":[721],"product_cat":[21,16],"product_tag":[278,410,288,116],"class_list":{"0":"post-464","1":"product","2":"type-product","3":"status-publish","4":"has-post-thumbnail","6":"product_brand-ecmic","7":"product_cat-unidirectional-microphones","8":"product_cat-electret-microphones","9":"product_tag-25mm","10":"product_tag-high-snr","11":"product_tag-solder-pads","12":"product_tag-vocal","14":"first","15":"instock","16":"shipping-taxable","17":"purchasable","18":"product-type-simple"},"_links":{"self":[{"href":"https:\/\/ecmicrophones.com\/it\/wp-json\/wp\/v2\/product\/464","targetHints":{"allow":["GET"]}}],"collection":[{"href":"https:\/\/ecmicrophones.com\/it\/wp-json\/wp\/v2\/product"}],"about":[{"href":"https:\/\/ecmicrophones.com\/it\/wp-json\/wp\/v2\/types\/product"}],"replies":[{"embeddable":true,"href":"https:\/\/ecmicrophones.com\/it\/wp-json\/wp\/v2\/comments?post=464"}],"wp:featuredmedia":[{"embeddable":true,"href":"https:\/\/ecmicrophones.com\/it\/wp-json\/wp\/v2\/media\/2540"}],"wp:attachment":[{"href":"https:\/\/ecmicrophones.com\/it\/wp-json\/wp\/v2\/media?parent=464"}],"wp:term":[{"taxonomy":"product_brand","embeddable":true,"href":"https:\/\/ecmicrophones.com\/it\/wp-json\/wp\/v2\/product_brand?post=464"},{"taxonomy":"product_cat","embeddable":true,"href":"https:\/\/ecmicrophones.com\/it\/wp-json\/wp\/v2\/product_cat?post=464"},{"taxonomy":"product_tag","embeddable":true,"href":"https:\/\/ecmicrophones.com\/it\/wp-json\/wp\/v2\/product_tag?post=464"}],"curies":[{"name":"wp","href":"https:\/\/api.w.org\/{rel}","templated":true}]}}