{"id":548,"date":"2024-05-10T03:18:31","date_gmt":"2024-05-10T03:18:31","guid":{"rendered":"https:\/\/ecmicrophones.com\/?post_type=product&#038;p=548"},"modified":"2026-03-19T15:43:46","modified_gmt":"2026-03-19T07:43:46","slug":"tws-earbuds-microphone-analog-mems","status":"publish","type":"product","link":"https:\/\/ecmicrophones.com\/it\/tws-earbuds-microphone-analog-mems\/","title":{"rendered":"Soluzione MEMS a basso consumo per l'acquisizione chiara della voce"},"content":{"rendered":"<h2 class=\"text-start\">Specifiche tecniche<\/h2>\n<p class=\"text-start\">L'ECM-M3729T421 \u00e8 un microfono MEMS analogico a porta superiore ad alte prestazioni progettato per applicazioni audio complesse. Con una sensibilit\u00e0 di -42dBV\/Pa \u00b11dB e un SNR di 58dB, offre un'acquisizione audio pulita e coerente in un'ampia gamma dinamica. Il punto di sovraccarico acustico di 132 dB SPL, leader nel settore, garantisce una registrazione priva di distorsioni anche in ambienti ad alto volume. Il microfono presenta un'eccellente immunit\u00e0 alle radiofrequenze, che riduce le interferenze in prossimit\u00e0 delle antenne. La tensione di funzionamento varia da 1,6 V a 3,6 V, rendendolo ideale per i dispositivi alimentati a batteria. Il pacchetto compatto da 3,76 mm x 2,95 mm x 1,10 mm si adatta facilmente a progetti con limiti di spazio, mantenendo prestazioni affidabili da -40\u2103 a +100\u2103.<\/p>\n<h3 class=\"text-start\">Scenari di applicazione<\/h3>\n<ul class=\"list-unstyled text-start\">\n<li><i class=\"fa fa-check-circle me-2 text-primary\"><\/i>Smartphone e tablet: L'elevata immunit\u00e0 alle radiofrequenze e l'ampia gamma dinamica garantiscono chiamate chiare e registrazioni accurate in prossimit\u00e0 delle antenne.<\/li>\n<li><i class=\"fa fa-check-circle me-2 text-primary\"><\/i>Array di microfoni: La coerenza di fase superiore e la stretta tolleranza di sensibilit\u00e0 lo rendono ideale per il beamforming e la cancellazione del rumore negli altoparlanti intelligenti.<\/li>\n<li><i class=\"fa fa-check-circle me-2 text-primary\"><\/i>Registrazione professionale e telecamere: L'AOP di 132 dB consente di registrare senza distorsioni concerti e ambienti ad alto volume.<\/li>\n<\/ul>\n<h3 class=\"pt-5 text-start\">Circuito di interfaccia consigliato<\/h3>\n<p><img loading=\"lazy\" decoding=\"async\" class=\"alignnone wp-image-4001 size-full\" src=\"https:\/\/ecmicrophones.com\/wp-content\/uploads\/2024\/05\/standard-test-circuit_m3729t421.png\" alt=\"Circuito di prova standard\" width=\"450\" height=\"240\" srcset=\"https:\/\/ecmicrophones.com\/wp-content\/uploads\/2024\/05\/standard-test-circuit_m3729t421.png 450w, https:\/\/ecmicrophones.com\/wp-content\/uploads\/2024\/05\/standard-test-circuit_m3729t421-300x160.png 300w, https:\/\/ecmicrophones.com\/wp-content\/uploads\/2024\/05\/standard-test-circuit_m3729t421-18x10.png 18w\" sizes=\"auto, (max-width: 450px) 100vw, 450px\" \/><\/p>\n<h3 class=\"pt-5 text-start\">Curva di risposta in frequenza<\/h3>\n<p><img loading=\"lazy\" decoding=\"async\" class=\"alignnone wp-image-4002 size-full\" src=\"https:\/\/ecmicrophones.com\/wp-content\/uploads\/2024\/05\/typical-frequency-response_ecm-m3729t421.png\" alt=\"Risposta in frequenza tipica\" width=\"480\" height=\"290\" srcset=\"https:\/\/ecmicrophones.com\/wp-content\/uploads\/2024\/05\/typical-frequency-response_ecm-m3729t421.png 480w, https:\/\/ecmicrophones.com\/wp-content\/uploads\/2024\/05\/typical-frequency-response_ecm-m3729t421-300x181.png 300w, https:\/\/ecmicrophones.com\/wp-content\/uploads\/2024\/05\/typical-frequency-response_ecm-m3729t421-18x12.png 18w\" sizes=\"auto, (max-width: 480px) 100vw, 480px\" \/><\/p>\n<h3 class=\"pt-5 text-start\">Dimensioni (UNIT\u00c0: mm)<\/h3>\n<p><img loading=\"lazy\" decoding=\"async\" class=\"alignnone wp-image-4003 size-full\" src=\"https:\/\/ecmicrophones.com\/wp-content\/uploads\/2024\/05\/appearance-dimension_ecm-m3729t421.png\" alt=\"Aspetto Dimensione\" width=\"600\" height=\"280\" srcset=\"https:\/\/ecmicrophones.com\/wp-content\/uploads\/2024\/05\/appearance-dimension_ecm-m3729t421.png 600w, https:\/\/ecmicrophones.com\/wp-content\/uploads\/2024\/05\/appearance-dimension_ecm-m3729t421-300x140.png 300w, https:\/\/ecmicrophones.com\/wp-content\/uploads\/2024\/05\/appearance-dimension_ecm-m3729t421-18x8.png 18w\" sizes=\"auto, (max-width: 600px) 100vw, 600px\" \/><\/p>","protected":false},"excerpt":{"rendered":"<p>Microfono MEMS analogico ad alte prestazioni con sensibilit\u00e0 di -42dBV\/Pa \u00b11dB, SNR di 58dB e AOP di 132dB. Eccezionale immunit\u00e0 alle RF e coerenza da unit\u00e0 a unit\u00e0 per smartphone, tablet e array di microfoni.<\/p>","protected":false},"featured_media":3995,"comment_status":"open","ping_status":"closed","template":"","meta":[],"product_brand":[721],"product_cat":[19,91],"product_tag":[708,712,710,699,711,709],"class_list":{"0":"post-548","1":"product","2":"type-product","3":"status-publish","4":"has-post-thumbnail","6":"product_brand-ecmic","7":"product_cat-mems-microphones","8":"product_cat-analog-microphones","9":"product_tag-analog","10":"product_tag-hd-voice","11":"product_tag-high-aop","12":"product_tag-mems-mics","13":"product_tag-rf-immunity","14":"product_tag-top-port","16":"first","17":"instock","18":"shipping-taxable","19":"purchasable","20":"product-type-simple"},"_links":{"self":[{"href":"https:\/\/ecmicrophones.com\/it\/wp-json\/wp\/v2\/product\/548","targetHints":{"allow":["GET"]}}],"collection":[{"href":"https:\/\/ecmicrophones.com\/it\/wp-json\/wp\/v2\/product"}],"about":[{"href":"https:\/\/ecmicrophones.com\/it\/wp-json\/wp\/v2\/types\/product"}],"replies":[{"embeddable":true,"href":"https:\/\/ecmicrophones.com\/it\/wp-json\/wp\/v2\/comments?post=548"}],"wp:featuredmedia":[{"embeddable":true,"href":"https:\/\/ecmicrophones.com\/it\/wp-json\/wp\/v2\/media\/3995"}],"wp:attachment":[{"href":"https:\/\/ecmicrophones.com\/it\/wp-json\/wp\/v2\/media?parent=548"}],"wp:term":[{"taxonomy":"product_brand","embeddable":true,"href":"https:\/\/ecmicrophones.com\/it\/wp-json\/wp\/v2\/product_brand?post=548"},{"taxonomy":"product_cat","embeddable":true,"href":"https:\/\/ecmicrophones.com\/it\/wp-json\/wp\/v2\/product_cat?post=548"},{"taxonomy":"product_tag","embeddable":true,"href":"https:\/\/ecmicrophones.com\/it\/wp-json\/wp\/v2\/product_tag?post=548"}],"curies":[{"name":"wp","href":"https:\/\/api.w.org\/{rel}","templated":true}]}}