{"id":576,"date":"2024-05-10T09:23:27","date_gmt":"2024-05-10T09:23:27","guid":{"rendered":"https:\/\/ecmicrophones.com\/?post_type=product&#038;p=576"},"modified":"2026-03-19T15:44:11","modified_gmt":"2026-03-19T07:44:11","slug":"9-7mm-figure-8-element-microphone-cartridge","status":"publish","type":"product","link":"https:\/\/ecmicrophones.com\/it\/9-7mm-figure-8-element-microphone-cartridge\/","title":{"rendered":"Cartuccia microfonica con elemento Figura-8 da 9,7 mm"},"content":{"rendered":"<h2 class=\"text-start\">Specifiche tecniche<\/h2>\n<p class=\"text-start\">Il nucleo del microfono a cancellazione del rumore bidirezionale 9750, progettato specificamente per le cuffie, \u00e8 dotato di doppi condensatori per una schermatura efficace contro i segnali di interferenza RF. La sua struttura bidirezionale blocca inoltre efficacemente il rumore ambientale, garantendo una trasmissione audio chiara e ininterrotta.<\/p>\n<h3 class=\"pt-5 text-start\">Circuito di prova standard<\/h3>\n<p><img loading=\"lazy\" decoding=\"async\" src=\"https:\/\/ecmicrophones.com\/wp-content\/uploads\/2024\/05\/standard-test-circuit_ecm-f9750nl-48.png\" alt=\"Circuito di prova standard\" width=\"486\" height=\"210\" class=\"alignnone size-full wp-image-578\" srcset=\"https:\/\/ecmicrophones.com\/wp-content\/uploads\/2024\/05\/standard-test-circuit_ecm-f9750nl-48.png 486w, https:\/\/ecmicrophones.com\/wp-content\/uploads\/2024\/05\/standard-test-circuit_ecm-f9750nl-48-300x130.png 300w, https:\/\/ecmicrophones.com\/wp-content\/uploads\/2024\/05\/standard-test-circuit_ecm-f9750nl-48-18x8.png 18w\" sizes=\"auto, (max-width: 486px) 100vw, 486px\" \/><\/p>\n<p>Condizioni di prova: Resistenza di carico (RL) = 680\u03a9, tensione di alimentazione (VS) = 1,5 V, condensatore di accoppiamento (C) = 1\u03bcF.<\/p>\n<h3 class=\"pt-5 text-start\">Risposta in frequenza tipica<\/h3>\n<p><img loading=\"lazy\" decoding=\"async\" src=\"https:\/\/ecmicrophones.com\/wp-content\/uploads\/2024\/05\/typical-frequency-response_ecm-f9750nl-48.png\" alt=\"Risposta in frequenza tipica\" width=\"640\" height=\"193\" class=\"alignnone size-full wp-image-579\" srcset=\"https:\/\/ecmicrophones.com\/wp-content\/uploads\/2024\/05\/typical-frequency-response_ecm-f9750nl-48.png 640w, https:\/\/ecmicrophones.com\/wp-content\/uploads\/2024\/05\/typical-frequency-response_ecm-f9750nl-48-300x90.png 300w, https:\/\/ecmicrophones.com\/wp-content\/uploads\/2024\/05\/typical-frequency-response_ecm-f9750nl-48-18x5.png 18w, https:\/\/ecmicrophones.com\/wp-content\/uploads\/2024\/05\/typical-frequency-response_ecm-f9750nl-48-600x181.png 600w\" sizes=\"auto, (max-width: 640px) 100vw, 640px\" \/><\/p>\n<p>\n  La curva di risposta va da 100Hz a 10kHz. Rimane piatta da 100Hz a circa 1,5kHz, seguita da un notevole aumento. Il picco si verifica vicino a 3 kHz prima di diminuire gradualmente. Questo comportamento in frequenza si adatta bene ai microfoni indossati dalla testa, migliorando la chiarezza della voce e sopprimendo il rimbombo delle basse frequenze.\n<\/p>\n<h3 class=\"pt-5 text-start\">Dimensioni (UNIT\u00c0: mm)<\/h3>\n<p><img loading=\"lazy\" decoding=\"async\" src=\"https:\/\/ecmicrophones.com\/wp-content\/uploads\/2024\/05\/appearance-dimension_ecm-f9750nl-48.png\" alt=\"Aspetto Dimensione\" width=\"595\" height=\"204\" class=\"alignnone size-full wp-image-577\" srcset=\"https:\/\/ecmicrophones.com\/wp-content\/uploads\/2024\/05\/appearance-dimension_ecm-f9750nl-48.png 595w, https:\/\/ecmicrophones.com\/wp-content\/uploads\/2024\/05\/appearance-dimension_ecm-f9750nl-48-300x103.png 300w, https:\/\/ecmicrophones.com\/wp-content\/uploads\/2024\/05\/appearance-dimension_ecm-f9750nl-48-18x6.png 18w\" sizes=\"auto, (max-width: 595px) 100vw, 595px\" \/><\/p>\n<p>\n  Diametro: 9,7 mm; altezza: 5,0 mm. La parte anteriore comprende una rete antipolvere, mentre la parte posteriore \u00e8 dotata di una porta audio. Questo modello \u00e8 dotato di uno schema di ripresa bidirezionale, che lo rende ideale per i microfoni delle cuffie con riduzione del rumore.<\/p>","protected":false},"excerpt":{"rendered":"<p>L'ECM-F9750NL-48 \u00e8 una capsula microfonica bidirezionale da 9,7 \u00d7 5 mm adatta a cuffie a distanza ravvicinata e dispositivi simili. Con una sensibilit\u00e0 di -48 dB\u00b12 e un rapporto segnale\/rumore di 56 dB, garantisce una trasmissione audio chiara.<\/p>","protected":false},"featured_media":2786,"comment_status":"open","ping_status":"closed","template":"","meta":[],"product_brand":[721],"product_cat":[16,22],"product_tag":[282,235,288],"class_list":{"0":"post-576","1":"product","2":"type-product","3":"status-publish","4":"has-post-thumbnail","6":"product_brand-ecmic","7":"product_cat-electret-microphones","8":"product_cat-bidirectional-microphones","9":"product_tag-9-7mm","10":"product_tag-conference","11":"product_tag-solder-pads","13":"first","14":"instock","15":"shipping-taxable","16":"purchasable","17":"product-type-simple"},"_links":{"self":[{"href":"https:\/\/ecmicrophones.com\/it\/wp-json\/wp\/v2\/product\/576","targetHints":{"allow":["GET"]}}],"collection":[{"href":"https:\/\/ecmicrophones.com\/it\/wp-json\/wp\/v2\/product"}],"about":[{"href":"https:\/\/ecmicrophones.com\/it\/wp-json\/wp\/v2\/types\/product"}],"replies":[{"embeddable":true,"href":"https:\/\/ecmicrophones.com\/it\/wp-json\/wp\/v2\/comments?post=576"}],"wp:featuredmedia":[{"embeddable":true,"href":"https:\/\/ecmicrophones.com\/it\/wp-json\/wp\/v2\/media\/2786"}],"wp:attachment":[{"href":"https:\/\/ecmicrophones.com\/it\/wp-json\/wp\/v2\/media?parent=576"}],"wp:term":[{"taxonomy":"product_brand","embeddable":true,"href":"https:\/\/ecmicrophones.com\/it\/wp-json\/wp\/v2\/product_brand?post=576"},{"taxonomy":"product_cat","embeddable":true,"href":"https:\/\/ecmicrophones.com\/it\/wp-json\/wp\/v2\/product_cat?post=576"},{"taxonomy":"product_tag","embeddable":true,"href":"https:\/\/ecmicrophones.com\/it\/wp-json\/wp\/v2\/product_tag?post=576"}],"curies":[{"name":"wp","href":"https:\/\/api.w.org\/{rel}","templated":true}]}}