{"id":608,"date":"2024-05-13T17:33:52","date_gmt":"2024-05-13T09:33:52","guid":{"rendered":"https:\/\/ecmicrophones.com\/?post_type=product&#038;p=608"},"modified":"2026-03-19T15:32:39","modified_gmt":"2026-03-19T07:32:39","slug":"ukulele-pickup-microphone-capsule-6mm","status":"publish","type":"product","link":"https:\/\/ecmicrophones.com\/it\/ukulele-pickup-microphone-capsule-6mm\/","title":{"rendered":"Capsula microfonica a elettrete con pickup per ukulele da 6 mm con pin"},"content":{"rendered":"<h2 class=\"text-start\">Panoramica delle prestazioni<\/h2>\n<p class=\"text-start\">Prodotti con materiali ecologici e JFET Panasonic importati, i nostri nuclei microfonici omnidirezionali 6022 garantiscono prestazioni superiori.<\/p>\n<h3 class=\"pt-5 text-start\">Specifiche tecniche<\/h3>\n<p><img loading=\"lazy\" decoding=\"async\" class=\"alignnone size-full wp-image-612\" src=\"https:\/\/ecmicrophones.com\/wp-content\/uploads\/2024\/05\/standard-test-circuit_ecm-b6022ap2.8-49.png\" alt=\"Circuito di prova standard\" width=\"515\" height=\"219\" srcset=\"https:\/\/ecmicrophones.com\/wp-content\/uploads\/2024\/05\/standard-test-circuit_ecm-b6022ap2.8-49.png 515w, https:\/\/ecmicrophones.com\/wp-content\/uploads\/2024\/05\/standard-test-circuit_ecm-b6022ap2.8-49-300x128.png 300w, https:\/\/ecmicrophones.com\/wp-content\/uploads\/2024\/05\/standard-test-circuit_ecm-b6022ap2.8-49-18x8.png 18w\" sizes=\"auto, (max-width: 515px) 100vw, 515px\" \/><\/p>\n<p>Condizioni di test: Resistenza di polarizzazione da 2,2k\u03a9, tensione di alimentazione di 2V, condensatore di uscita da 1\u03bcF.<\/p>\n<h3 class=\"pt-5 text-start\">Risposta in frequenza tipica<\/h3>\n<p><img loading=\"lazy\" decoding=\"async\" class=\"alignnone size-full wp-image-613\" src=\"https:\/\/ecmicrophones.com\/wp-content\/uploads\/2024\/05\/typical-frequency-response_ecm-b6022ap2.8-49.png\" alt=\"Risposta in frequenza tipica\" width=\"397\" height=\"284\" srcset=\"https:\/\/ecmicrophones.com\/wp-content\/uploads\/2024\/05\/typical-frequency-response_ecm-b6022ap2.8-49.png 397w, https:\/\/ecmicrophones.com\/wp-content\/uploads\/2024\/05\/typical-frequency-response_ecm-b6022ap2.8-49-300x215.png 300w, https:\/\/ecmicrophones.com\/wp-content\/uploads\/2024\/05\/typical-frequency-response_ecm-b6022ap2.8-49-18x12.png 18w\" sizes=\"auto, (max-width: 397px) 100vw, 397px\" \/><\/p>\n<p>La risposta in frequenza da 50Hz a 20kHz \u00e8 generalmente piatta, con un leggero roll-off alle frequenze pi\u00f9 alte.<\/p>\n<h3 class=\"pt-5 text-start\">Dimensioni (UNIT\u00c0: mm)<\/h3>\n<p><img loading=\"lazy\" decoding=\"async\" class=\"alignnone size-full wp-image-611\" src=\"https:\/\/ecmicrophones.com\/wp-content\/uploads\/2024\/05\/appearance-dimension_ecm-b6022ap2.8-49.png\" alt=\"Aspetto Dimensione\" width=\"509\" height=\"391\" srcset=\"https:\/\/ecmicrophones.com\/wp-content\/uploads\/2024\/05\/appearance-dimension_ecm-b6022ap2.8-49.png 509w, https:\/\/ecmicrophones.com\/wp-content\/uploads\/2024\/05\/appearance-dimension_ecm-b6022ap2.8-49-300x230.png 300w, https:\/\/ecmicrophones.com\/wp-content\/uploads\/2024\/05\/appearance-dimension_ecm-b6022ap2.8-49-16x12.png 16w\" sizes=\"auto, (max-width: 509px) 100vw, 509px\" \/><\/p>\n<p>La capsula microfonica misura 6 mm di diametro e 2,2 mm di altezza, \u00e8 dotata di una rete antipolvere anteriore e di una parte posteriore sigillata senza porta acustica. Dotata di pin da 2,8 mm, con spaziatura di 1,9 mm.<\/p>","protected":false},"excerpt":{"rendered":"<p>L'ECM-B6022AP2.8-49 \u00e8 una capsula microfonica omnidirezionale da 6 \u00d7 2,2 mm con 2 pin, sensibilit\u00e0 di -49dB\u00b12 e SNR di 55dB. Perfetto per pickup di ukulele, metronomi e registrazione di strumenti.<\/p>","protected":false},"featured_media":2555,"comment_status":"open","ping_status":"closed","template":"","meta":[],"product_brand":[721],"product_cat":[16,20],"product_tag":[283,111,291],"class_list":{"0":"post-608","1":"product","2":"type-product","3":"status-publish","4":"has-post-thumbnail","6":"product_brand-ecmic","7":"product_cat-electret-microphones","8":"product_cat-omnidirectional-microphones","9":"product_tag-6mm","10":"product_tag-instrument","11":"product_tag-pin-type","13":"first","14":"instock","15":"shipping-taxable","16":"purchasable","17":"product-type-simple"},"_links":{"self":[{"href":"https:\/\/ecmicrophones.com\/it\/wp-json\/wp\/v2\/product\/608","targetHints":{"allow":["GET"]}}],"collection":[{"href":"https:\/\/ecmicrophones.com\/it\/wp-json\/wp\/v2\/product"}],"about":[{"href":"https:\/\/ecmicrophones.com\/it\/wp-json\/wp\/v2\/types\/product"}],"replies":[{"embeddable":true,"href":"https:\/\/ecmicrophones.com\/it\/wp-json\/wp\/v2\/comments?post=608"}],"wp:featuredmedia":[{"embeddable":true,"href":"https:\/\/ecmicrophones.com\/it\/wp-json\/wp\/v2\/media\/2555"}],"wp:attachment":[{"href":"https:\/\/ecmicrophones.com\/it\/wp-json\/wp\/v2\/media?parent=608"}],"wp:term":[{"taxonomy":"product_brand","embeddable":true,"href":"https:\/\/ecmicrophones.com\/it\/wp-json\/wp\/v2\/product_brand?post=608"},{"taxonomy":"product_cat","embeddable":true,"href":"https:\/\/ecmicrophones.com\/it\/wp-json\/wp\/v2\/product_cat?post=608"},{"taxonomy":"product_tag","embeddable":true,"href":"https:\/\/ecmicrophones.com\/it\/wp-json\/wp\/v2\/product_tag?post=608"}],"curies":[{"name":"wp","href":"https:\/\/api.w.org\/{rel}","templated":true}]}}