{"id":620,"date":"2024-05-12T06:24:32","date_gmt":"2024-05-12T06:24:32","guid":{"rendered":"https:\/\/ecmicrophones.com\/?post_type=product&#038;p=620"},"modified":"2026-03-19T15:33:49","modified_gmt":"2026-03-19T07:33:49","slug":"medium-diaphragm-microphone-capsule-16mm","status":"publish","type":"product","link":"https:\/\/ecmicrophones.com\/it\/medium-diaphragm-microphone-capsule-16mm\/","title":{"rendered":"Capsula microfonica a diaframma medio da 16 mm"},"content":{"rendered":"<h2 class=\"text-start\">Specifiche tecniche<\/h2>\n<p class=\"text-start\">Il nucleo del microfono a cancellazione di rumore monodirezionale 1668 offre un audio di alta qualit\u00e0 con un'ampia risposta in frequenza, riducendo efficacemente il rumore e resistendo alle interferenze.<\/p>\n<h3 class=\"pt-5 text-start\">Circuito di prova standard<\/h3>\n<p><img loading=\"lazy\" decoding=\"async\" class=\"alignnone size-full wp-image-623\" src=\"https:\/\/ecmicrophones.com\/wp-content\/uploads\/2024\/05\/standard-test-circuit_ecm-b1668ul46-320.png\" alt=\"Circuito di prova del microfono a elettrete con RL=680\u03a9\" width=\"523\" height=\"229\" srcset=\"https:\/\/ecmicrophones.com\/wp-content\/uploads\/2024\/05\/standard-test-circuit_ecm-b1668ul46-320.png 523w, https:\/\/ecmicrophones.com\/wp-content\/uploads\/2024\/05\/standard-test-circuit_ecm-b1668ul46-320-300x131.png 300w, https:\/\/ecmicrophones.com\/wp-content\/uploads\/2024\/05\/standard-test-circuit_ecm-b1668ul46-320-18x8.png 18w\" sizes=\"auto, (max-width: 523px) 100vw, 523px\" \/><\/p>\n<p>Condizioni di prova: RL=680\u03a9, VS=1,5V DC, C=1\u03bcF<\/p>\n<h3 class=\"pt-5 text-start\">Risposta in frequenza tipica<\/h3>\n<p><img loading=\"lazy\" decoding=\"async\" class=\"alignnone wp-image-625 size-large\" src=\"https:\/\/ecmicrophones.com\/wp-content\/uploads\/2024\/05\/typical-frequency-response_ecm-b1668ul46-320-1024x513.png\" alt=\"Curva di risposta in frequenza ad ampio raggio (100Hz-16kHz)\" width=\"1024\" height=\"513\" srcset=\"https:\/\/ecmicrophones.com\/wp-content\/uploads\/2024\/05\/typical-frequency-response_ecm-b1668ul46-320-1024x513.png 1024w, https:\/\/ecmicrophones.com\/wp-content\/uploads\/2024\/05\/typical-frequency-response_ecm-b1668ul46-320-300x150.png 300w, https:\/\/ecmicrophones.com\/wp-content\/uploads\/2024\/05\/typical-frequency-response_ecm-b1668ul46-320-768x385.png 768w, https:\/\/ecmicrophones.com\/wp-content\/uploads\/2024\/05\/typical-frequency-response_ecm-b1668ul46-320-1536x769.png 1536w, https:\/\/ecmicrophones.com\/wp-content\/uploads\/2024\/05\/typical-frequency-response_ecm-b1668ul46-320-18x9.png 18w, https:\/\/ecmicrophones.com\/wp-content\/uploads\/2024\/05\/typical-frequency-response_ecm-b1668ul46-320-600x301.png 600w, https:\/\/ecmicrophones.com\/wp-content\/uploads\/2024\/05\/typical-frequency-response_ecm-b1668ul46-320.png 1579w\" sizes=\"auto, (max-width: 1024px) 100vw, 1024px\" \/><\/p>\n<p>Caratteristiche di frequenza: Risposta piatta 100Hz-10kHz, aumento graduale da 10kHz-16kHz<\/p>\n<h3 class=\"pt-5 text-start\">Dimensioni (UNIT\u00c0: mm)<\/h3>\n<p><img loading=\"lazy\" decoding=\"async\" class=\"alignnone size-full wp-image-624\" src=\"https:\/\/ecmicrophones.com\/wp-content\/uploads\/2024\/05\/appearance-dimension_ecm-b1668ul46-320.png\" alt=\"Microfono da 16 mm con terminali a saldare\" width=\"512\" height=\"384\" srcset=\"https:\/\/ecmicrophones.com\/wp-content\/uploads\/2024\/05\/appearance-dimension_ecm-b1668ul46-320.png 512w, https:\/\/ecmicrophones.com\/wp-content\/uploads\/2024\/05\/appearance-dimension_ecm-b1668ul46-320-300x225.png 300w, https:\/\/ecmicrophones.com\/wp-content\/uploads\/2024\/05\/appearance-dimension_ecm-b1668ul46-320-16x12.png 16w\" sizes=\"auto, (max-width: 512px) 100vw, 512px\" \/><\/p>\n<p>Design compatto: \u00d816 mm \u00d7 6,8 mm di altezza, connessione con linguetta a saldare<\/p>","protected":false},"excerpt":{"rendered":"<p>L'ECM-B1668UL46-320 \u00e8 una capsula microfonica unidirezionale di misura 16 \u00d7 6,8 mm. Offre una sensibilit\u00e0 di -46dB\u00b12 e garantisce una trasmissione audio chiara con un rapporto segnale\/rumore di 68dB, ideale per lo streaming online e le trasmissioni in diretta.<\/p>","protected":false},"featured_media":2642,"comment_status":"open","ping_status":"closed","template":"","meta":[],"product_brand":[721],"product_cat":[16,21],"product_tag":[279,436,116],"class_list":{"0":"post-620","1":"product","2":"type-product","3":"status-publish","4":"has-post-thumbnail","6":"product_brand-ecmic","7":"product_cat-electret-microphones","8":"product_cat-unidirectional-microphones","9":"product_tag-16mm","10":"product_tag-solder-tabs","11":"product_tag-vocal","13":"first","14":"instock","15":"shipping-taxable","16":"purchasable","17":"product-type-simple"},"_links":{"self":[{"href":"https:\/\/ecmicrophones.com\/it\/wp-json\/wp\/v2\/product\/620","targetHints":{"allow":["GET"]}}],"collection":[{"href":"https:\/\/ecmicrophones.com\/it\/wp-json\/wp\/v2\/product"}],"about":[{"href":"https:\/\/ecmicrophones.com\/it\/wp-json\/wp\/v2\/types\/product"}],"replies":[{"embeddable":true,"href":"https:\/\/ecmicrophones.com\/it\/wp-json\/wp\/v2\/comments?post=620"}],"wp:featuredmedia":[{"embeddable":true,"href":"https:\/\/ecmicrophones.com\/it\/wp-json\/wp\/v2\/media\/2642"}],"wp:attachment":[{"href":"https:\/\/ecmicrophones.com\/it\/wp-json\/wp\/v2\/media?parent=620"}],"wp:term":[{"taxonomy":"product_brand","embeddable":true,"href":"https:\/\/ecmicrophones.com\/it\/wp-json\/wp\/v2\/product_brand?post=620"},{"taxonomy":"product_cat","embeddable":true,"href":"https:\/\/ecmicrophones.com\/it\/wp-json\/wp\/v2\/product_cat?post=620"},{"taxonomy":"product_tag","embeddable":true,"href":"https:\/\/ecmicrophones.com\/it\/wp-json\/wp\/v2\/product_tag?post=620"}],"curies":[{"name":"wp","href":"https:\/\/api.w.org\/{rel}","templated":true}]}}