{"id":644,"date":"2024-05-11T15:52:21","date_gmt":"2024-05-11T15:52:21","guid":{"rendered":"https:\/\/ecmicrophones.com\/?post_type=product&#038;p=644"},"modified":"2026-03-19T15:37:38","modified_gmt":"2026-03-19T07:37:38","slug":"9-7mm-cardioid-electret-microphone-for-automotive-use","status":"publish","type":"product","link":"https:\/\/ecmicrophones.com\/it\/9-7mm-cardioid-electret-microphone-for-automotive-use\/","title":{"rendered":"Microfono a elettrete cardioide da 9,7 mm per uso automobilistico"},"content":{"rendered":"<h2 class=\"text-start\">Punti salienti dell'applicazione per il settore automobilistico<\/h2>\n<p class=\"text-start\">\nL'ECM-B9750UP-45 \u00e8 stato progettato appositamente per i sistemi di interazione vocale a bordo dei veicoli. \u00c8 caratterizzato da un'elevata sensibilit\u00e0 con una stretta coerenza di \u00b11 dB per prestazioni stabili e uniformi, particolarmente efficaci se montato su console centrali o moduli per cruscotti.\n<\/p>\n<p class=\"text-start\">\nQuesto microfono funziona in modo affidabile in condizioni automobilistiche estreme, da -40\u00b0C a 85\u00b0C, e offre un'eccellente resistenza all'umidit\u00e0, agli impatti meccanici e alle EMI. La sua robusta struttura include la protezione dalle scariche elettrostatiche (livello 4) e mantiene la deviazione di fase entro \u22643\u00b0, offrendo una cattura vocale pulita e accurata per una qualit\u00e0 del suono chiara e naturale.\n<\/p>\n<h2 class=\"text-start\">Specifiche tecniche<\/h2>\n<p class=\"text-start\">\nRealizzata per garantire una cancellazione del rumore e una resistenza alle interferenze superiori, la capsula microfonica electret unidirezionale ECM-B9750UP-45 offre prestazioni vocali eccezionali in ambito automobilistico. La configurazione a 2 pin consente una perfetta integrazione in diversi moduli audio e di comunicazione del veicolo.\n<\/p>\n<h3 class=\"pt-5 text-start\">Circuito di prova standard<\/h3>\n<p><img loading=\"lazy\" decoding=\"async\" class=\"alignnone size-full wp-image-647\" src=\"https:\/\/ecmicrophones.com\/wp-content\/uploads\/2024\/05\/standard-test-circuit_ecm-b9750up-45.png\" alt=\"Circuito di prova standard\" width=\"530\" height=\"266\" srcset=\"https:\/\/ecmicrophones.com\/wp-content\/uploads\/2024\/05\/standard-test-circuit_ecm-b9750up-45.png 530w, https:\/\/ecmicrophones.com\/wp-content\/uploads\/2024\/05\/standard-test-circuit_ecm-b9750up-45-300x151.png 300w, https:\/\/ecmicrophones.com\/wp-content\/uploads\/2024\/05\/standard-test-circuit_ecm-b9750up-45-18x9.png 18w\" sizes=\"auto, (max-width: 530px) 100vw, 530px\" \/><\/p>\n<p>Testato con RL = 680\u03a9, Vs = 1,5 V e C = 1\u03bcF.<\/p>\n<h3 class=\"pt-5 text-start\">Risposta in frequenza tipica<\/h3>\n<p><img loading=\"lazy\" decoding=\"async\" class=\"alignnone size-full wp-image-648\" src=\"https:\/\/ecmicrophones.com\/wp-content\/uploads\/2024\/05\/typical-frequency-response_ecm-b9750up-45.png\" alt=\"Risposta in frequenza tipica\" width=\"845\" height=\"385\" srcset=\"https:\/\/ecmicrophones.com\/wp-content\/uploads\/2024\/05\/typical-frequency-response_ecm-b9750up-45.png 845w, https:\/\/ecmicrophones.com\/wp-content\/uploads\/2024\/05\/typical-frequency-response_ecm-b9750up-45-300x137.png 300w, https:\/\/ecmicrophones.com\/wp-content\/uploads\/2024\/05\/typical-frequency-response_ecm-b9750up-45-768x350.png 768w, https:\/\/ecmicrophones.com\/wp-content\/uploads\/2024\/05\/typical-frequency-response_ecm-b9750up-45-18x8.png 18w, https:\/\/ecmicrophones.com\/wp-content\/uploads\/2024\/05\/typical-frequency-response_ecm-b9750up-45-600x273.png 600w\" sizes=\"auto, (max-width: 845px) 100vw, 845px\" \/><\/p>\n<p>La risposta in frequenza aumenta costantemente da 100Hz a circa 6kHz, dove raggiunge il picco, per poi diminuire gradualmente. Forte guadagno alle basse frequenze con fluttuazioni moderate nella gamma medio-alta.<\/p>\n<h3 class=\"pt-5 text-start\">Dimensioni (UNIT\u00c0: mm)<\/h3>\n<p><img loading=\"lazy\" decoding=\"async\" class=\"alignnone wp-image-649 size-large\" src=\"https:\/\/ecmicrophones.com\/wp-content\/uploads\/2024\/05\/appearance-dimension_ecm-b9750up-45-1024x333.png\" alt=\"Aspetto Dimensione\" width=\"1024\" height=\"333\" srcset=\"https:\/\/ecmicrophones.com\/wp-content\/uploads\/2024\/05\/appearance-dimension_ecm-b9750up-45-1024x333.png 1024w, https:\/\/ecmicrophones.com\/wp-content\/uploads\/2024\/05\/appearance-dimension_ecm-b9750up-45-300x98.png 300w, https:\/\/ecmicrophones.com\/wp-content\/uploads\/2024\/05\/appearance-dimension_ecm-b9750up-45-768x250.png 768w, https:\/\/ecmicrophones.com\/wp-content\/uploads\/2024\/05\/appearance-dimension_ecm-b9750up-45-18x6.png 18w, https:\/\/ecmicrophones.com\/wp-content\/uploads\/2024\/05\/appearance-dimension_ecm-b9750up-45-600x195.png 600w, https:\/\/ecmicrophones.com\/wp-content\/uploads\/2024\/05\/appearance-dimension_ecm-b9750up-45.png 1431w\" sizes=\"auto, (max-width: 1024px) 100vw, 1024px\" \/><\/p>\n<p>Capsula da 9,7 \u00d7 5,0 mm con rete antipolvere anteriore e porta acustica posteriore. Dotata di pin da 2 mm, con spaziatura di 2,54 mm.<\/p>","protected":false},"excerpt":{"rendered":"<p>Capsula microfonica unidirezionale a elettrete di tipo automobilistico da 9,7 \u00d7 5 mm con sensibilit\u00e0 di -45 dB\u00b12, SNR di 58 dB e terminale a 2 pin, progettata per moduli di controllo vocale, infotainment e comunicazione a bordo dei veicoli.<\/p>","protected":false},"featured_media":2591,"comment_status":"open","ping_status":"closed","template":"","meta":[],"product_brand":[721],"product_cat":[16,21],"product_tag":[282,229,291],"class_list":{"0":"post-644","1":"product","2":"type-product","3":"status-publish","4":"has-post-thumbnail","6":"product_brand-ecmic","7":"product_cat-electret-microphones","8":"product_cat-unidirectional-microphones","9":"product_tag-9-7mm","10":"product_tag-equipment","11":"product_tag-pin-type","13":"first","14":"instock","15":"shipping-taxable","16":"purchasable","17":"product-type-simple"},"_links":{"self":[{"href":"https:\/\/ecmicrophones.com\/it\/wp-json\/wp\/v2\/product\/644","targetHints":{"allow":["GET"]}}],"collection":[{"href":"https:\/\/ecmicrophones.com\/it\/wp-json\/wp\/v2\/product"}],"about":[{"href":"https:\/\/ecmicrophones.com\/it\/wp-json\/wp\/v2\/types\/product"}],"replies":[{"embeddable":true,"href":"https:\/\/ecmicrophones.com\/it\/wp-json\/wp\/v2\/comments?post=644"}],"wp:featuredmedia":[{"embeddable":true,"href":"https:\/\/ecmicrophones.com\/it\/wp-json\/wp\/v2\/media\/2591"}],"wp:attachment":[{"href":"https:\/\/ecmicrophones.com\/it\/wp-json\/wp\/v2\/media?parent=644"}],"wp:term":[{"taxonomy":"product_brand","embeddable":true,"href":"https:\/\/ecmicrophones.com\/it\/wp-json\/wp\/v2\/product_brand?post=644"},{"taxonomy":"product_cat","embeddable":true,"href":"https:\/\/ecmicrophones.com\/it\/wp-json\/wp\/v2\/product_cat?post=644"},{"taxonomy":"product_tag","embeddable":true,"href":"https:\/\/ecmicrophones.com\/it\/wp-json\/wp\/v2\/product_tag?post=644"}],"curies":[{"name":"wp","href":"https:\/\/api.w.org\/{rel}","templated":true}]}}