{"id":734,"date":"2024-05-23T14:45:38","date_gmt":"2024-05-23T06:45:38","guid":{"rendered":"https:\/\/ecmicrophones.com\/?post_type=product&#038;p=734"},"modified":"2026-03-19T15:31:35","modified_gmt":"2026-03-19T07:31:35","slug":"dirt-bike-helmet-microphone-capsule","status":"publish","type":"product","link":"https:\/\/ecmicrophones.com\/it\/dirt-bike-helmet-microphone-capsule\/","title":{"rendered":"Capsula microfonica per casco da Dirt Bike"},"content":{"rendered":"<h2 class=\"text-start\">Specifiche tecniche<\/h2>\n<p class=\"text-start\">La nostra testa microfonica unidirezionale per casco 6027, prodotta professionalmente, protegge efficacemente dalle interferenze RF. \u00c8 dotata di un JFET RF coreano che garantisce una qualit\u00e0 stabile e affidabile.<\/p>\n<h3 class=\"pt-5 text-start\">Circuito di prova standard<\/h3>\n<p> <img loading=\"lazy\" decoding=\"async\" class=\"alignnone size-full wp-image-736\" src=\"https:\/\/ecmicrophones.com\/wp-content\/uploads\/2024\/05\/standard-test-circuit_ecm-b6027ul-50.png\" alt=\"Circuito di prova standard\" width=\"581\" height=\"249\" srcset=\"https:\/\/ecmicrophones.com\/wp-content\/uploads\/2024\/05\/standard-test-circuit_ecm-b6027ul-50.png 581w, https:\/\/ecmicrophones.com\/wp-content\/uploads\/2024\/05\/standard-test-circuit_ecm-b6027ul-50-300x129.png 300w, https:\/\/ecmicrophones.com\/wp-content\/uploads\/2024\/05\/standard-test-circuit_ecm-b6027ul-50-18x8.png 18w\" sizes=\"auto, (max-width: 581px) 100vw, 581px\" \/> <\/p>\n<p>Condizioni di prova: RL = 680\u03a9, Vs = 1,5V, C = 1\u03bcF<\/p>\n<h3 class=\"pt-5 text-start\">Risposta in frequenza tipica<\/h3>\n<p> <img loading=\"lazy\" decoding=\"async\" class=\"alignnone size-full wp-image-737\" src=\"https:\/\/ecmicrophones.com\/wp-content\/uploads\/2024\/05\/typical-frequency-response_ecm-b6027ul-50.png\" alt=\"Risposta in frequenza tipica\" width=\"634\" height=\"298\" srcset=\"https:\/\/ecmicrophones.com\/wp-content\/uploads\/2024\/05\/typical-frequency-response_ecm-b6027ul-50.png 634w, https:\/\/ecmicrophones.com\/wp-content\/uploads\/2024\/05\/typical-frequency-response_ecm-b6027ul-50-300x141.png 300w, https:\/\/ecmicrophones.com\/wp-content\/uploads\/2024\/05\/typical-frequency-response_ecm-b6027ul-50-18x8.png 18w, https:\/\/ecmicrophones.com\/wp-content\/uploads\/2024\/05\/typical-frequency-response_ecm-b6027ul-50-600x282.png 600w\" sizes=\"auto, (max-width: 634px) 100vw, 634px\" \/> <\/p>\n<p>La risposta in frequenza va da 100Hz a 16kHz, con una tendenza costante verso l'alto che migliora la chiarezza dell'intero spettro.<\/p>\n<h3 class=\"pt-5 text-start\">Dimensioni (UNIT\u00c0: mm)<\/h3>\n<p> <img loading=\"lazy\" decoding=\"async\" class=\"alignnone size-full wp-image-735\" src=\"https:\/\/ecmicrophones.com\/wp-content\/uploads\/2024\/05\/appearance-dimension_ecm-b6027ul-50.png\" alt=\"Aspetto Dimensione\" width=\"785\" height=\"253\" srcset=\"https:\/\/ecmicrophones.com\/wp-content\/uploads\/2024\/05\/appearance-dimension_ecm-b6027ul-50.png 785w, https:\/\/ecmicrophones.com\/wp-content\/uploads\/2024\/05\/appearance-dimension_ecm-b6027ul-50-300x97.png 300w, https:\/\/ecmicrophones.com\/wp-content\/uploads\/2024\/05\/appearance-dimension_ecm-b6027ul-50-768x248.png 768w, https:\/\/ecmicrophones.com\/wp-content\/uploads\/2024\/05\/appearance-dimension_ecm-b6027ul-50-18x6.png 18w, https:\/\/ecmicrophones.com\/wp-content\/uploads\/2024\/05\/appearance-dimension_ecm-b6027ul-50-600x193.png 600w\" sizes=\"auto, (max-width: 785px) 100vw, 785px\" \/> <\/p>\n<p>La capsula misura 6 mm di diametro e 2,7 mm di altezza. La parte anteriore \u00e8 protetta da una rete antipolvere, mentre la parte posteriore include una porta acustica per il rilevamento del suono.<\/p>","protected":false},"excerpt":{"rendered":"<p>L'ECM-B6027UL-50 \u00e8 una capsula microfonica unidirezionale da 6 \u00d7 2,7 mm progettata principalmente per applicazioni su caschi da ciclismo. Con una sensibilit\u00e0 di -50dB\u00b12 e un rapporto segnale\/rumore di 60dB, garantisce una chiara acquisizione del suono anche in ambienti esterni.<\/p>","protected":false},"featured_media":2666,"comment_status":"open","ping_status":"closed","template":"","meta":[],"product_brand":[721],"product_cat":[21,16],"product_tag":[283,229,288],"class_list":{"0":"post-734","1":"product","2":"type-product","3":"status-publish","4":"has-post-thumbnail","6":"product_brand-ecmic","7":"product_cat-unidirectional-microphones","8":"product_cat-electret-microphones","9":"product_tag-6mm","10":"product_tag-equipment","11":"product_tag-solder-pads","13":"first","14":"instock","15":"shipping-taxable","16":"purchasable","17":"product-type-simple"},"_links":{"self":[{"href":"https:\/\/ecmicrophones.com\/it\/wp-json\/wp\/v2\/product\/734","targetHints":{"allow":["GET"]}}],"collection":[{"href":"https:\/\/ecmicrophones.com\/it\/wp-json\/wp\/v2\/product"}],"about":[{"href":"https:\/\/ecmicrophones.com\/it\/wp-json\/wp\/v2\/types\/product"}],"replies":[{"embeddable":true,"href":"https:\/\/ecmicrophones.com\/it\/wp-json\/wp\/v2\/comments?post=734"}],"wp:featuredmedia":[{"embeddable":true,"href":"https:\/\/ecmicrophones.com\/it\/wp-json\/wp\/v2\/media\/2666"}],"wp:attachment":[{"href":"https:\/\/ecmicrophones.com\/it\/wp-json\/wp\/v2\/media?parent=734"}],"wp:term":[{"taxonomy":"product_brand","embeddable":true,"href":"https:\/\/ecmicrophones.com\/it\/wp-json\/wp\/v2\/product_brand?post=734"},{"taxonomy":"product_cat","embeddable":true,"href":"https:\/\/ecmicrophones.com\/it\/wp-json\/wp\/v2\/product_cat?post=734"},{"taxonomy":"product_tag","embeddable":true,"href":"https:\/\/ecmicrophones.com\/it\/wp-json\/wp\/v2\/product_tag?post=734"}],"curies":[{"name":"wp","href":"https:\/\/api.w.org\/{rel}","templated":true}]}}