{"id":748,"date":"2024-05-23T16:47:49","date_gmt":"2024-05-23T08:47:49","guid":{"rendered":"https:\/\/ecmicrophones.com\/?post_type=product&#038;p=748"},"modified":"2026-03-19T15:31:12","modified_gmt":"2026-03-19T07:31:12","slug":"bone-conduction-microphone-capsule-9-7mm","status":"publish","type":"product","link":"https:\/\/ecmicrophones.com\/it\/bone-conduction-microphone-capsule-9-7mm\/","title":{"rendered":"Capsula microfonica a conduzione ossea da 9,7 mm"},"content":{"rendered":"<h2 class=\"text-start\">Specifiche tecniche<\/h2>\n<p class=\"text-start\">Il nucleo del nostro microfono a conduzione ossea 9745 ad alta fedelt\u00e0 \u00e8 dotato di un preciso pompaggio degli impulsi e di sensori di micro-vibrazione ad alta sensibilit\u00e0, che assicurano una trasmissione accurata del segnale e una resistenza alle interferenze, con conseguenti prestazioni audio superiori.<\/p>\n<h3 class=\"pt-5 text-start\">Circuito di prova standard<\/h3>\n<p><img loading=\"lazy\" decoding=\"async\" class=\"alignnone size-full wp-image-752\" src=\"https:\/\/ecmicrophones.com\/wp-content\/uploads\/2024\/05\/standard-test-circuit_ecm-b9745al70-318a.png\" alt=\"Circuito di test ECM-B9745AL70: polarizzazione 2,2k\u03a9, alimentazione 4,5 V, uscita 1\u03bcF\" width=\"463\" height=\"205\" srcset=\"https:\/\/ecmicrophones.com\/wp-content\/uploads\/2024\/05\/standard-test-circuit_ecm-b9745al70-318a.png 463w, https:\/\/ecmicrophones.com\/wp-content\/uploads\/2024\/05\/standard-test-circuit_ecm-b9745al70-318a-300x133.png 300w, https:\/\/ecmicrophones.com\/wp-content\/uploads\/2024\/05\/standard-test-circuit_ecm-b9745al70-318a-18x8.png 18w\" sizes=\"auto, (max-width: 463px) 100vw, 463px\" \/><\/p>\n<p>Il circuito di prova impiega una resistenza di polarizzazione da 2,2k\u03a9, una tensione di alimentazione di 4,5 V CC e un condensatore di accoppiamento di uscita da 1\u03bcF, ottimizzato per l'acquisizione del segnale di conduzione ossea.<\/p>\n<h3 class=\"pt-5 text-start\">Risposta in frequenza tipica<\/h3>\n<p><img loading=\"lazy\" decoding=\"async\" class=\"alignnone size-full wp-image-753\" src=\"https:\/\/ecmicrophones.com\/wp-content\/uploads\/2024\/05\/typical-frequency-response_ecm-b9745al70-318a.png\" alt=\"ECM-B9745AL70 Risposta in frequenza: 100Hz-20kHz con picchi caratteristici\" width=\"1051\" height=\"450\" srcset=\"https:\/\/ecmicrophones.com\/wp-content\/uploads\/2024\/05\/typical-frequency-response_ecm-b9745al70-318a.png 1051w, https:\/\/ecmicrophones.com\/wp-content\/uploads\/2024\/05\/typical-frequency-response_ecm-b9745al70-318a-300x128.png 300w, https:\/\/ecmicrophones.com\/wp-content\/uploads\/2024\/05\/typical-frequency-response_ecm-b9745al70-318a-1024x438.png 1024w, https:\/\/ecmicrophones.com\/wp-content\/uploads\/2024\/05\/typical-frequency-response_ecm-b9745al70-318a-768x329.png 768w, https:\/\/ecmicrophones.com\/wp-content\/uploads\/2024\/05\/typical-frequency-response_ecm-b9745al70-318a-18x8.png 18w, https:\/\/ecmicrophones.com\/wp-content\/uploads\/2024\/05\/typical-frequency-response_ecm-b9745al70-318a-600x257.png 600w\" sizes=\"auto, (max-width: 1051px) 100vw, 1051px\" \/><\/p>\n<p>Risposta in frequenza: 100 Hz \u2013 20 kHz, effettivamente 100 Hz \u2013 7 kHz, con una risposta stabile fino a 3 kHz e un picco intorno ai 5 kHz per un rilevamento del segnale migliorato.<\/p>\n<h3 class=\"pt-5 text-start\">Dimensioni (unit\u00e0: mm)<\/h3>\n<p><img loading=\"lazy\" decoding=\"async\" class=\"alignnone size-full wp-image-751\" src=\"https:\/\/ecmicrophones.com\/wp-content\/uploads\/2024\/05\/appearance-dimension_ecm-b9745al70-318a.png\" alt=\"ECM-B9745AL70 Dimensioni: Capsula microfonica a conduzione ossea \u03a69,7\u00d74,5mm\" width=\"410\" height=\"272\" srcset=\"https:\/\/ecmicrophones.com\/wp-content\/uploads\/2024\/05\/appearance-dimension_ecm-b9745al70-318a.png 410w, https:\/\/ecmicrophones.com\/wp-content\/uploads\/2024\/05\/appearance-dimension_ecm-b9745al70-318a-300x199.png 300w, https:\/\/ecmicrophones.com\/wp-content\/uploads\/2024\/05\/appearance-dimension_ecm-b9745al70-318a-18x12.png 18w\" sizes=\"auto, (max-width: 410px) 100vw, 410px\" \/><\/p>\n<p>Capsula microfonica a conduzione ossea di dimensioni \u03a69,7\u00d74,5 mm, progettata specificamente per applicazioni mediche come il rilevamento del polso e gli stetoscopi elettronici.<\/p>","protected":false},"excerpt":{"rendered":"<p>L'ECM-B9745AL70-318A \u00e8 una capsula microfonica omnidirezionale da 9,7 \u00d7 4,5 mm adatta alla raccolta di impulsi, agli stetoscopi e alle applicazioni di ripresa di tamburi. Con una sensibilit\u00e0 di -70 dB\u00b13 e un rapporto segnale\/rumore di 40 dB, \u00e8 in grado di catturare un suono preciso per la diagnostica medica e la registrazione audio.<\/p>","protected":false},"featured_media":2492,"comment_status":"open","ping_status":"closed","template":"","meta":[],"product_brand":[721],"product_cat":[20,16],"product_tag":[282,229,288],"class_list":{"0":"post-748","1":"product","2":"type-product","3":"status-publish","4":"has-post-thumbnail","6":"product_brand-ecmic","7":"product_cat-omnidirectional-microphones","8":"product_cat-electret-microphones","9":"product_tag-9-7mm","10":"product_tag-equipment","11":"product_tag-solder-pads","13":"first","14":"instock","15":"shipping-taxable","16":"purchasable","17":"product-type-simple"},"_links":{"self":[{"href":"https:\/\/ecmicrophones.com\/it\/wp-json\/wp\/v2\/product\/748","targetHints":{"allow":["GET"]}}],"collection":[{"href":"https:\/\/ecmicrophones.com\/it\/wp-json\/wp\/v2\/product"}],"about":[{"href":"https:\/\/ecmicrophones.com\/it\/wp-json\/wp\/v2\/types\/product"}],"replies":[{"embeddable":true,"href":"https:\/\/ecmicrophones.com\/it\/wp-json\/wp\/v2\/comments?post=748"}],"wp:featuredmedia":[{"embeddable":true,"href":"https:\/\/ecmicrophones.com\/it\/wp-json\/wp\/v2\/media\/2492"}],"wp:attachment":[{"href":"https:\/\/ecmicrophones.com\/it\/wp-json\/wp\/v2\/media?parent=748"}],"wp:term":[{"taxonomy":"product_brand","embeddable":true,"href":"https:\/\/ecmicrophones.com\/it\/wp-json\/wp\/v2\/product_brand?post=748"},{"taxonomy":"product_cat","embeddable":true,"href":"https:\/\/ecmicrophones.com\/it\/wp-json\/wp\/v2\/product_cat?post=748"},{"taxonomy":"product_tag","embeddable":true,"href":"https:\/\/ecmicrophones.com\/it\/wp-json\/wp\/v2\/product_tag?post=748"}],"curies":[{"name":"wp","href":"https:\/\/api.w.org\/{rel}","templated":true}]}}