{"id":788,"date":"2024-05-24T10:18:38","date_gmt":"2024-05-24T02:18:38","guid":{"rendered":"https:\/\/ecmicrophones.com\/?post_type=product&#038;p=788"},"modified":"2026-03-19T15:30:10","modified_gmt":"2026-03-19T07:30:10","slug":"live-broadcast-microphone-capsule-25mm","status":"publish","type":"product","link":"https:\/\/ecmicrophones.com\/it\/live-broadcast-microphone-capsule-25mm\/","title":{"rendered":"Capsula microfonica per trasmissioni dal vivo 25 mm"},"content":{"rendered":"<h2 class=\"text-start\">Specifiche tecniche<\/h2>\n<p class=\"text-start\">La testa del microfono a condensatore unidirezionale a diaframma largo 2573 \u00e8 caratterizzata da un elevato rapporto segnale\/rumore e da un basso livello di rumore. Offre alta fedelt\u00e0, forte direzionalit\u00e0 ed eccellenti capacit\u00e0 anti-interferenza, garantendo una qualit\u00e0 audio e prestazioni superiori.<\/p>\n<h3 class=\"pt-5 text-start\">Circuito di prova standard<\/h3>\n<p><img loading=\"lazy\" decoding=\"async\" class=\"alignnone size-full wp-image-791\" src=\"https:\/\/ecmicrophones.com\/wp-content\/uploads\/2024\/05\/standard-test-circuit_ecm-b2573ul33-23221.png\" alt=\"Circuito di prova standard\" width=\"411\" height=\"183\" srcset=\"https:\/\/ecmicrophones.com\/wp-content\/uploads\/2024\/05\/standard-test-circuit_ecm-b2573ul33-23221.png 411w, https:\/\/ecmicrophones.com\/wp-content\/uploads\/2024\/05\/standard-test-circuit_ecm-b2573ul33-23221-300x134.png 300w, https:\/\/ecmicrophones.com\/wp-content\/uploads\/2024\/05\/standard-test-circuit_ecm-b2573ul33-23221-18x8.png 18w\" sizes=\"auto, (max-width: 411px) 100vw, 411px\" \/><\/p>\n<p>Configurazione di prova standard con una resistenza di polarizzazione da 2,2k\u03a9, alimentazione a 2V CC e condensatore di uscita da 1\u03bcF.<\/p>\n<h3 class=\"pt-5 text-start\">Risposta in frequenza tipica<\/h3>\n<p><img loading=\"lazy\" decoding=\"async\" class=\"alignnone wp-image-793 size-large\" src=\"https:\/\/ecmicrophones.com\/wp-content\/uploads\/2024\/05\/typical-frequency-response_ecm-b2573ul33-23221-1024x460.png\" alt=\"Risposta in frequenza tipica\" width=\"1024\" height=\"460\" srcset=\"https:\/\/ecmicrophones.com\/wp-content\/uploads\/2024\/05\/typical-frequency-response_ecm-b2573ul33-23221-1024x460.png 1024w, https:\/\/ecmicrophones.com\/wp-content\/uploads\/2024\/05\/typical-frequency-response_ecm-b2573ul33-23221-300x135.png 300w, https:\/\/ecmicrophones.com\/wp-content\/uploads\/2024\/05\/typical-frequency-response_ecm-b2573ul33-23221-768x345.png 768w, https:\/\/ecmicrophones.com\/wp-content\/uploads\/2024\/05\/typical-frequency-response_ecm-b2573ul33-23221-1536x689.png 1536w, https:\/\/ecmicrophones.com\/wp-content\/uploads\/2024\/05\/typical-frequency-response_ecm-b2573ul33-23221-18x8.png 18w, https:\/\/ecmicrophones.com\/wp-content\/uploads\/2024\/05\/typical-frequency-response_ecm-b2573ul33-23221-600x269.png 600w, https:\/\/ecmicrophones.com\/wp-content\/uploads\/2024\/05\/typical-frequency-response_ecm-b2573ul33-23221.png 1651w\" sizes=\"auto, (max-width: 1024px) 100vw, 1024px\" \/><\/p>\n<p>La risposta in frequenza copre da 50Hz a 16kHz, iniziando con un leggero calo da 50Hz a 80Hz, seguito da un lieve aumento e da leggere fluttuazioni fino a 5kHz. La risposta raggiunge un picco vicino agli 8 kHz prima di diminuire gradualmente.<\/p>\n<h3 class=\"pt-5 text-start\">Dimensioni (UNIT\u00c0: mm)<\/h3>\n<p><img loading=\"lazy\" decoding=\"async\" class=\"alignnone size-full wp-image-792\" src=\"https:\/\/ecmicrophones.com\/wp-content\/uploads\/2024\/05\/appearance-dimension_ecm-b2573ul33-23221.png\" alt=\"Aspetto Dimensione\" width=\"627\" height=\"380\" srcset=\"https:\/\/ecmicrophones.com\/wp-content\/uploads\/2024\/05\/appearance-dimension_ecm-b2573ul33-23221.png 627w, https:\/\/ecmicrophones.com\/wp-content\/uploads\/2024\/05\/appearance-dimension_ecm-b2573ul33-23221-300x182.png 300w, https:\/\/ecmicrophones.com\/wp-content\/uploads\/2024\/05\/appearance-dimension_ecm-b2573ul33-23221-18x12.png 18w, https:\/\/ecmicrophones.com\/wp-content\/uploads\/2024\/05\/appearance-dimension_ecm-b2573ul33-23221-600x364.png 600w\" sizes=\"auto, (max-width: 627px) 100vw, 627px\" \/><\/p>\n<p>Capsula compatta \u03a625 \u00d7 7,3 mm con porta acustica posteriore per una migliore ripresa del suono.<\/p>","protected":false},"excerpt":{"rendered":"<p>L'ECM-B2573UL33-23221 \u00e8 una capsula microfonica unidirezionale da 25 \u00d7 7,3 mm utilizzata principalmente nei microfoni per broadcasting, live streaming e registrazione professionale. Con una sensibilit\u00e0 di -33dB\u00b12 e un rapporto segnale\/rumore di 77dB, offre una cattura del suono chiara e affidabile per applicazioni audio di alta qualit\u00e0.<\/p>","protected":false},"featured_media":2644,"comment_status":"open","ping_status":"closed","template":"","meta":[],"product_brand":[721],"product_cat":[21,16],"product_tag":[278,410,288,116],"class_list":{"0":"post-788","1":"product","2":"type-product","3":"status-publish","4":"has-post-thumbnail","6":"product_brand-ecmic","7":"product_cat-unidirectional-microphones","8":"product_cat-electret-microphones","9":"product_tag-25mm","10":"product_tag-high-snr","11":"product_tag-solder-pads","12":"product_tag-vocal","14":"first","15":"instock","16":"shipping-taxable","17":"purchasable","18":"product-type-simple"},"_links":{"self":[{"href":"https:\/\/ecmicrophones.com\/it\/wp-json\/wp\/v2\/product\/788","targetHints":{"allow":["GET"]}}],"collection":[{"href":"https:\/\/ecmicrophones.com\/it\/wp-json\/wp\/v2\/product"}],"about":[{"href":"https:\/\/ecmicrophones.com\/it\/wp-json\/wp\/v2\/types\/product"}],"replies":[{"embeddable":true,"href":"https:\/\/ecmicrophones.com\/it\/wp-json\/wp\/v2\/comments?post=788"}],"wp:featuredmedia":[{"embeddable":true,"href":"https:\/\/ecmicrophones.com\/it\/wp-json\/wp\/v2\/media\/2644"}],"wp:attachment":[{"href":"https:\/\/ecmicrophones.com\/it\/wp-json\/wp\/v2\/media?parent=788"}],"wp:term":[{"taxonomy":"product_brand","embeddable":true,"href":"https:\/\/ecmicrophones.com\/it\/wp-json\/wp\/v2\/product_brand?post=788"},{"taxonomy":"product_cat","embeddable":true,"href":"https:\/\/ecmicrophones.com\/it\/wp-json\/wp\/v2\/product_cat?post=788"},{"taxonomy":"product_tag","embeddable":true,"href":"https:\/\/ecmicrophones.com\/it\/wp-json\/wp\/v2\/product_tag?post=788"}],"curies":[{"name":"wp","href":"https:\/\/api.w.org\/{rel}","templated":true}]}}