{"id":796,"date":"2024-05-24T11:03:14","date_gmt":"2024-05-24T03:03:14","guid":{"rendered":"https:\/\/ecmicrophones.com\/?post_type=product&#038;p=796"},"modified":"2026-03-19T15:29:59","modified_gmt":"2026-03-19T07:29:59","slug":"9-7mm-omni-electret-capsule-with-pre-soldered-leads","status":"publish","type":"product","link":"https:\/\/ecmicrophones.com\/it\/9-7mm-omni-electret-capsule-with-pre-soldered-leads\/","title":{"rendered":"Capsula electret Omni da 9,7 mm con conduttori pre-saldati"},"content":{"rendered":"<h2 class=\"text-start\">Specifiche tecniche<\/h2>\n<p class=\"text-start\">La testina microfonica saldata omnidirezionale 9745 \u00e8 dotata di un filo smaltato da 30 mm ed \u00e8 realizzata specificamente con JFET di alta qualit\u00e0 per garantire prestazioni affidabili e durata nel tempo. Inoltre, forniamo servizi personalizzati che soddisfano le diverse esigenze applicative, offrendo una gamma di alternative di filo come il filo schermato, il filo isolato e il filo smaltato. Il filo offre una serie di possibilit\u00e0 di personalizzazione, tra cui vari calibri e materiali resistenti alle alte temperature. Ci\u00f2 garantisce prestazioni costanti e affidabili in un'ampia gamma di ambienti di lavoro.<\/p>\n<h3 class=\"pt-5 text-start\">Circuito di prova standard<\/h3>\n<p><img loading=\"lazy\" decoding=\"async\" class=\"alignnone size-full wp-image-799\" src=\"https:\/\/ecmicrophones.com\/wp-content\/uploads\/2024\/05\/standard-test-circuit_ecm-f9745al42-l30.png\" alt=\"Circuito di prova standard\" width=\"627\" height=\"286\" srcset=\"https:\/\/ecmicrophones.com\/wp-content\/uploads\/2024\/05\/standard-test-circuit_ecm-f9745al42-l30.png 627w, https:\/\/ecmicrophones.com\/wp-content\/uploads\/2024\/05\/standard-test-circuit_ecm-f9745al42-l30-300x137.png 300w, https:\/\/ecmicrophones.com\/wp-content\/uploads\/2024\/05\/standard-test-circuit_ecm-f9745al42-l30-18x8.png 18w, https:\/\/ecmicrophones.com\/wp-content\/uploads\/2024\/05\/standard-test-circuit_ecm-f9745al42-l30-600x274.png 600w\" sizes=\"auto, (max-width: 627px) 100vw, 627px\" \/><\/p>\n<p>Condizioni di prova: Resistenza di carico (RL) = 2,2k\u03a9, tensione di alimentazione (VS) = 4,5V, condensatore di accoppiamento (C) = 1\u03bcF.<\/p>\n<h3 class=\"pt-5 text-start\">Risposta in frequenza tipica<\/h3>\n<p><img loading=\"lazy\" decoding=\"async\" class=\"alignnone size-full wp-image-797\" src=\"https:\/\/ecmicrophones.com\/wp-content\/uploads\/2024\/05\/typical-frequency-response_ecm-f9745al42-l30.png\" alt=\"Risposta in frequenza tipica\" width=\"684\" height=\"441\" srcset=\"https:\/\/ecmicrophones.com\/wp-content\/uploads\/2024\/05\/typical-frequency-response_ecm-f9745al42-l30.png 684w, https:\/\/ecmicrophones.com\/wp-content\/uploads\/2024\/05\/typical-frequency-response_ecm-f9745al42-l30-300x193.png 300w, https:\/\/ecmicrophones.com\/wp-content\/uploads\/2024\/05\/typical-frequency-response_ecm-f9745al42-l30-18x12.png 18w, https:\/\/ecmicrophones.com\/wp-content\/uploads\/2024\/05\/typical-frequency-response_ecm-f9745al42-l30-600x387.png 600w\" sizes=\"auto, (max-width: 684px) 100vw, 684px\" \/><\/p>\n<p>La risposta in frequenza va da 50Hz a 20kHz. Rimane per lo pi\u00f9 piatta da 50Hz a circa 3kHz, poi aumenta fino a un picco vicino a 5kHz prima di diminuire gradualmente.<\/p>\n<h3 class=\"pt-5 text-start\">Dimensioni (UNIT\u00c0: mm)<\/h3>\n<p><img loading=\"lazy\" decoding=\"async\" class=\"alignnone size-full wp-image-798\" src=\"https:\/\/ecmicrophones.com\/wp-content\/uploads\/2024\/05\/appearance-dimension_ecm-f9745al42-l30.png\" alt=\"Aspetto Dimensione\" width=\"502\" height=\"366\" srcset=\"https:\/\/ecmicrophones.com\/wp-content\/uploads\/2024\/05\/appearance-dimension_ecm-f9745al42-l30.png 502w, https:\/\/ecmicrophones.com\/wp-content\/uploads\/2024\/05\/appearance-dimension_ecm-f9745al42-l30-300x219.png 300w, https:\/\/ecmicrophones.com\/wp-content\/uploads\/2024\/05\/appearance-dimension_ecm-f9745al42-l30-16x12.png 16w\" sizes=\"auto, (max-width: 502px) 100vw, 502px\" \/><\/p>\n<p>Diametro: 9,7 mm; altezza: 5 mm. La parte anteriore \u00e8 ricoperta da una rete antipolvere; la parte posteriore \u00e8 sigillata senza fori. Dotato di cavi paralleli saldati da 30 mm.<\/p>","protected":false},"excerpt":{"rendered":"<p>L'ECM-F9745AL42-L30 \u00e8 una capsula microfonica omnidirezionale da 9,7 x 4,5 mm con conduttori da 30 mm, sensibilit\u00e0 di -42 dB\u00b12 e SNR di 58 dB, adatta a varie applicazioni, compresi i sistemi di sorveglianza.<\/p>","protected":false},"featured_media":2594,"comment_status":"open","ping_status":"closed","template":"","meta":[],"product_brand":[721],"product_cat":[20,16],"product_tag":[282,235,290],"class_list":{"0":"post-796","1":"product","2":"type-product","3":"status-publish","4":"has-post-thumbnail","6":"product_brand-ecmic","7":"product_cat-omnidirectional-microphones","8":"product_cat-electret-microphones","9":"product_tag-9-7mm","10":"product_tag-conference","11":"product_tag-wire-leads","13":"first","14":"instock","15":"shipping-taxable","16":"purchasable","17":"product-type-simple"},"_links":{"self":[{"href":"https:\/\/ecmicrophones.com\/it\/wp-json\/wp\/v2\/product\/796","targetHints":{"allow":["GET"]}}],"collection":[{"href":"https:\/\/ecmicrophones.com\/it\/wp-json\/wp\/v2\/product"}],"about":[{"href":"https:\/\/ecmicrophones.com\/it\/wp-json\/wp\/v2\/types\/product"}],"replies":[{"embeddable":true,"href":"https:\/\/ecmicrophones.com\/it\/wp-json\/wp\/v2\/comments?post=796"}],"wp:featuredmedia":[{"embeddable":true,"href":"https:\/\/ecmicrophones.com\/it\/wp-json\/wp\/v2\/media\/2594"}],"wp:attachment":[{"href":"https:\/\/ecmicrophones.com\/it\/wp-json\/wp\/v2\/media?parent=796"}],"wp:term":[{"taxonomy":"product_brand","embeddable":true,"href":"https:\/\/ecmicrophones.com\/it\/wp-json\/wp\/v2\/product_brand?post=796"},{"taxonomy":"product_cat","embeddable":true,"href":"https:\/\/ecmicrophones.com\/it\/wp-json\/wp\/v2\/product_cat?post=796"},{"taxonomy":"product_tag","embeddable":true,"href":"https:\/\/ecmicrophones.com\/it\/wp-json\/wp\/v2\/product_tag?post=796"}],"curies":[{"name":"wp","href":"https:\/\/api.w.org\/{rel}","templated":true}]}}