{"id":803,"date":"2024-05-24T11:21:29","date_gmt":"2024-05-24T03:21:29","guid":{"rendered":"https:\/\/ecmicrophones.com\/?post_type=product&#038;p=803"},"modified":"2026-03-19T15:29:48","modified_gmt":"2026-03-19T07:29:48","slug":"25mm-cardioid-electret-condenser-microphone-element-for-online-recording","status":"publish","type":"product","link":"https:\/\/ecmicrophones.com\/it\/25mm-cardioid-electret-condenser-microphone-element-for-online-recording\/","title":{"rendered":"Elemento microfonico a condensatore elettrificato cardioide da 25 mm per la registrazione online"},"content":{"rendered":"<h2 class=\"text-start\">Specifiche tecniche<\/h2>\n<p class=\"text-start\">La testa del microfono a condensatore unidirezionale a diaframma largo 2573 offre un elevato rapporto segnale\/rumore, basso rumore, alta fedelt\u00e0, forte direttivit\u00e0 ed eccellente resistenza alle interferenze, assicurando una qualit\u00e0 audio eccellente e prestazioni affidabili.<\/p>\n<h3 class=\"pt-5 text-start\">Circuito di prova standard<\/h3>\n<p> <img loading=\"lazy\" decoding=\"async\" class=\"alignnone size-full wp-image-806\" src=\"https:\/\/ecmicrophones.com\/wp-content\/uploads\/2024\/05\/standard-test-circuit_ecm-b2573uml33-23823.png\" alt=\"Circuito di prova standard\" width=\"646\" height=\"270\" srcset=\"https:\/\/ecmicrophones.com\/wp-content\/uploads\/2024\/05\/standard-test-circuit_ecm-b2573uml33-23823.png 646w, https:\/\/ecmicrophones.com\/wp-content\/uploads\/2024\/05\/standard-test-circuit_ecm-b2573uml33-23823-300x125.png 300w, https:\/\/ecmicrophones.com\/wp-content\/uploads\/2024\/05\/standard-test-circuit_ecm-b2573uml33-23823-18x8.png 18w, https:\/\/ecmicrophones.com\/wp-content\/uploads\/2024\/05\/standard-test-circuit_ecm-b2573uml33-23823-600x251.png 600w\" sizes=\"auto, (max-width: 646px) 100vw, 646px\" \/> <\/p>\n<p>Condizioni di prova: RL = 15k\u03a9, Vs = 2V, C = 1\u03bcF<\/p>\n<h3 class=\"pt-5 text-start\">Risposta in frequenza tipica<\/h3>\n<p> <img loading=\"lazy\" decoding=\"async\" class=\"alignnone size-full wp-image-807\" src=\"https:\/\/ecmicrophones.com\/wp-content\/uploads\/2024\/05\/typical-frequency-response_ecm-b2573uml33-23823.png\" alt=\"Risposta in frequenza tipica\" width=\"577\" height=\"370\" srcset=\"https:\/\/ecmicrophones.com\/wp-content\/uploads\/2024\/05\/typical-frequency-response_ecm-b2573uml33-23823.png 577w, https:\/\/ecmicrophones.com\/wp-content\/uploads\/2024\/05\/typical-frequency-response_ecm-b2573uml33-23823-300x192.png 300w, https:\/\/ecmicrophones.com\/wp-content\/uploads\/2024\/05\/typical-frequency-response_ecm-b2573uml33-23823-18x12.png 18w\" sizes=\"auto, (max-width: 577px) 100vw, 577px\" \/> <\/p>\n<p>La risposta in frequenza copre da 50Hz a 20kHz con un forte aumento generale. La risposta aumenta sensibilmente in gamma bassa (50-200Hz), poi si livella leggermente prima di un altro aumento significativo intorno ai 2kHz. Un picco si verifica vicino a 5kHz, seguito da un rapido roll-off alle alte frequenze.<\/p>\n<h3 class=\"pt-5 text-start\">Dimensioni (UNIT\u00c0: mm)<\/h3>\n<p> <img loading=\"lazy\" decoding=\"async\" class=\"alignnone size-full wp-image-808\" src=\"https:\/\/ecmicrophones.com\/wp-content\/uploads\/2024\/05\/appearance-dimension_ecm-b2573uml33-23823.png\" alt=\"Aspetto Dimensione\" width=\"658\" height=\"440\" srcset=\"https:\/\/ecmicrophones.com\/wp-content\/uploads\/2024\/05\/appearance-dimension_ecm-b2573uml33-23823.png 658w, https:\/\/ecmicrophones.com\/wp-content\/uploads\/2024\/05\/appearance-dimension_ecm-b2573uml33-23823-300x201.png 300w, https:\/\/ecmicrophones.com\/wp-content\/uploads\/2024\/05\/appearance-dimension_ecm-b2573uml33-23823-18x12.png 18w, https:\/\/ecmicrophones.com\/wp-content\/uploads\/2024\/05\/appearance-dimension_ecm-b2573uml33-23823-600x401.png 600w\" sizes=\"auto, (max-width: 658px) 100vw, 658px\" \/> <\/p>\n<p>La capsula misura 25 mm di diametro e 7,3 mm di altezza. Il lato posteriore presenta cinque porte acustiche, ciascuna ricoperta da una rete di smorzamento per migliorare la stabilit\u00e0 e ridurre le risonanze indesiderate.<\/p>","protected":false},"excerpt":{"rendered":"<p>L'ECM-B2573UML33-23823 \u00e8 una capsula microfonica unidirezionale da 25 \u00d7 7,3 mm utilizzata principalmente nei microfoni per broadcasting, live streaming e registrazione. Con una sensibilit\u00e0 di -33dB\u00b12 e un rapporto segnale\/rumore di 82dB, garantisce una cattura del suono di alta qualit\u00e0, rendendolo adatto a vari ambienti audio professionali.<\/p>","protected":false},"featured_media":2538,"comment_status":"open","ping_status":"closed","template":"","meta":[],"product_brand":[721],"product_cat":[16,21],"product_tag":[278,410,288,116],"class_list":{"0":"post-803","1":"product","2":"type-product","3":"status-publish","4":"has-post-thumbnail","6":"product_brand-ecmic","7":"product_cat-electret-microphones","8":"product_cat-unidirectional-microphones","9":"product_tag-25mm","10":"product_tag-high-snr","11":"product_tag-solder-pads","12":"product_tag-vocal","14":"first","15":"instock","16":"shipping-taxable","17":"purchasable","18":"product-type-simple"},"_links":{"self":[{"href":"https:\/\/ecmicrophones.com\/it\/wp-json\/wp\/v2\/product\/803","targetHints":{"allow":["GET"]}}],"collection":[{"href":"https:\/\/ecmicrophones.com\/it\/wp-json\/wp\/v2\/product"}],"about":[{"href":"https:\/\/ecmicrophones.com\/it\/wp-json\/wp\/v2\/types\/product"}],"replies":[{"embeddable":true,"href":"https:\/\/ecmicrophones.com\/it\/wp-json\/wp\/v2\/comments?post=803"}],"wp:featuredmedia":[{"embeddable":true,"href":"https:\/\/ecmicrophones.com\/it\/wp-json\/wp\/v2\/media\/2538"}],"wp:attachment":[{"href":"https:\/\/ecmicrophones.com\/it\/wp-json\/wp\/v2\/media?parent=803"}],"wp:term":[{"taxonomy":"product_brand","embeddable":true,"href":"https:\/\/ecmicrophones.com\/it\/wp-json\/wp\/v2\/product_brand?post=803"},{"taxonomy":"product_cat","embeddable":true,"href":"https:\/\/ecmicrophones.com\/it\/wp-json\/wp\/v2\/product_cat?post=803"},{"taxonomy":"product_tag","embeddable":true,"href":"https:\/\/ecmicrophones.com\/it\/wp-json\/wp\/v2\/product_tag?post=803"}],"curies":[{"name":"wp","href":"https:\/\/api.w.org\/{rel}","templated":true}]}}