{"id":810,"date":"2024-05-24T11:50:40","date_gmt":"2024-05-24T03:50:40","guid":{"rendered":"https:\/\/ecmicrophones.com\/?post_type=product&#038;p=810"},"modified":"2026-03-19T15:29:36","modified_gmt":"2026-03-19T07:29:36","slug":"16mm-anti-interference-electret-condenser-microphone-for-karaoke","status":"publish","type":"product","link":"https:\/\/ecmicrophones.com\/it\/16mm-anti-interference-electret-condenser-microphone-for-karaoke\/","title":{"rendered":"Capsula a elettrete da 16 mm anti-interferenza per karaoke"},"content":{"rendered":"<h2 class=\"text-start\">Specifiche tecniche<\/h2>\n<p class=\"text-start\">La testina microfonica 1655 offre bassi profondi, voci prominenti, alti brillanti, un elevato rapporto segnale\/rumore e un basso livello di rumore. Inoltre, emula gli effetti sonori dei microfoni dinamici, garantendo un'esperienza audio completa.<\/p>\n<h3 class=\"pt-5 text-start\">Circuito di prova standard<\/h3>\n<p><img loading=\"lazy\" decoding=\"async\" class=\"alignnone size-full wp-image-812\" src=\"https:\/\/ecmicrophones.com\/wp-content\/uploads\/2024\/05\/standard-test-circuit_ecm-b1655ul45-541.png\" alt=\"Circuito di prova ECM-B1655UL45-541: Carico 680\u03a9, alimentazione 1,5 V, condensatore di uscita 1\u03bcF\" width=\"578\" height=\"281\" srcset=\"https:\/\/ecmicrophones.com\/wp-content\/uploads\/2024\/05\/standard-test-circuit_ecm-b1655ul45-541.png 578w, https:\/\/ecmicrophones.com\/wp-content\/uploads\/2024\/05\/standard-test-circuit_ecm-b1655ul45-541-300x146.png 300w, https:\/\/ecmicrophones.com\/wp-content\/uploads\/2024\/05\/standard-test-circuit_ecm-b1655ul45-541-18x9.png 18w\" sizes=\"auto, (max-width: 578px) 100vw, 578px\" \/><\/p>\n<p>Resistenza di carico da 680\u03a9, alimentazione da 1,5 V CC, condensatore di uscita da 1\u03bcF. Progettato per la configurazione a tre terminali.<\/p>\n<h3 class=\"pt-5 text-start\">Risposta in frequenza tipica<\/h3>\n<p><img loading=\"lazy\" decoding=\"async\" class=\"alignnone size-full wp-image-813\" src=\"https:\/\/ecmicrophones.com\/wp-content\/uploads\/2024\/05\/typical-frequency-response_ecm-b1655ul45-541.png\" alt=\"ECM-B1655UL45-541 Risposta in frequenza: 100Hz-10kHz con roll-off stabile delle medie e alte frequenze\" width=\"642\" height=\"294\" srcset=\"https:\/\/ecmicrophones.com\/wp-content\/uploads\/2024\/05\/typical-frequency-response_ecm-b1655ul45-541.png 642w, https:\/\/ecmicrophones.com\/wp-content\/uploads\/2024\/05\/typical-frequency-response_ecm-b1655ul45-541-300x137.png 300w, https:\/\/ecmicrophones.com\/wp-content\/uploads\/2024\/05\/typical-frequency-response_ecm-b1655ul45-541-18x8.png 18w, https:\/\/ecmicrophones.com\/wp-content\/uploads\/2024\/05\/typical-frequency-response_ecm-b1655ul45-541-600x275.png 600w\" sizes=\"auto, (max-width: 642px) 100vw, 642px\" \/><\/p>\n<p>Gamma di lavoro da 100Hz a 10kHz. La risposta rimane relativamente piatta da 800Hz a 4kHz, con un leggero aumento verso 5kHz e un roll-off graduale fino a 10kHz.<\/p>\n<h3 class=\"pt-5 text-start\">Dimensioni (unit\u00e0: mm)<\/h3>\n<p><img loading=\"lazy\" decoding=\"async\" class=\"alignnone size-full wp-image-811\" src=\"https:\/\/ecmicrophones.com\/wp-content\/uploads\/2024\/05\/appearance-dimension_ecm-b1655ul45-541.png\" alt=\"ECM-B1655UL45-541 Dimensioni: \u03a614\u00d76,3 mm con rete antipolvere anteriore e porta acustica posteriore\" width=\"605\" height=\"393\" srcset=\"https:\/\/ecmicrophones.com\/wp-content\/uploads\/2024\/05\/appearance-dimension_ecm-b1655ul45-541.png 605w, https:\/\/ecmicrophones.com\/wp-content\/uploads\/2024\/05\/appearance-dimension_ecm-b1655ul45-541-300x195.png 300w, https:\/\/ecmicrophones.com\/wp-content\/uploads\/2024\/05\/appearance-dimension_ecm-b1655ul45-541-18x12.png 18w, https:\/\/ecmicrophones.com\/wp-content\/uploads\/2024\/05\/appearance-dimension_ecm-b1655ul45-541-600x390.png 600w\" sizes=\"auto, (max-width: 605px) 100vw, 605px\" \/><\/p>\n<p>Alloggiamento cilindrico di 14\u00d76,3 mm con rete antipolvere anteriore e porta audio posteriore. Design a tre terminali di uscita.<\/p>","protected":false},"excerpt":{"rendered":"<p>L'ECM-B1655UL45-541 \u00e8 una capsula microfonica unidirezionale da 16 \u00d7 5,5 mm ideale per prodotti come i microfoni per karaoke e i microfoni per trasmissioni dal vivo. Con una sensibilit\u00e0 di -45dB\u00b12 e un rapporto segnale\/rumore di 70dB, garantisce un'acquisizione audio chiara per applicazioni di canto e trasmissione.<\/p>","protected":false},"featured_media":2637,"comment_status":"open","ping_status":"closed","template":"","meta":[],"product_brand":[721],"product_cat":[21,16],"product_tag":[279,292,116],"class_list":{"0":"post-810","1":"product","2":"type-product","3":"status-publish","4":"has-post-thumbnail","6":"product_brand-ecmic","7":"product_cat-unidirectional-microphones","8":"product_cat-electret-microphones","9":"product_tag-16mm","10":"product_tag-3-solder-pads","11":"product_tag-vocal","13":"first","14":"instock","15":"shipping-taxable","16":"purchasable","17":"product-type-simple"},"_links":{"self":[{"href":"https:\/\/ecmicrophones.com\/it\/wp-json\/wp\/v2\/product\/810","targetHints":{"allow":["GET"]}}],"collection":[{"href":"https:\/\/ecmicrophones.com\/it\/wp-json\/wp\/v2\/product"}],"about":[{"href":"https:\/\/ecmicrophones.com\/it\/wp-json\/wp\/v2\/types\/product"}],"replies":[{"embeddable":true,"href":"https:\/\/ecmicrophones.com\/it\/wp-json\/wp\/v2\/comments?post=810"}],"wp:featuredmedia":[{"embeddable":true,"href":"https:\/\/ecmicrophones.com\/it\/wp-json\/wp\/v2\/media\/2637"}],"wp:attachment":[{"href":"https:\/\/ecmicrophones.com\/it\/wp-json\/wp\/v2\/media?parent=810"}],"wp:term":[{"taxonomy":"product_brand","embeddable":true,"href":"https:\/\/ecmicrophones.com\/it\/wp-json\/wp\/v2\/product_brand?post=810"},{"taxonomy":"product_cat","embeddable":true,"href":"https:\/\/ecmicrophones.com\/it\/wp-json\/wp\/v2\/product_cat?post=810"},{"taxonomy":"product_tag","embeddable":true,"href":"https:\/\/ecmicrophones.com\/it\/wp-json\/wp\/v2\/product_tag?post=810"}],"curies":[{"name":"wp","href":"https:\/\/api.w.org\/{rel}","templated":true}]}}