{"id":824,"date":"2024-05-24T13:52:56","date_gmt":"2024-05-24T05:52:56","guid":{"rendered":"https:\/\/ecmicrophones.com\/?post_type=product&#038;p=824"},"modified":"2026-03-19T15:29:10","modified_gmt":"2026-03-19T07:29:10","slug":"14mm-cardioid-electret-microphone-insert-for-live-broadcast","status":"publish","type":"product","link":"https:\/\/ecmicrophones.com\/it\/14mm-cardioid-electret-microphone-insert-for-live-broadcast\/","title":{"rendered":"Inserto per microfono a elettrete cardioide da 14 mm per trasmissioni dal vivo"},"content":{"rendered":"<h2 class=\"text-start\">Specifiche tecniche<\/h2>\n<p class=\"text-start\">Il nucleo del microfono 1455 offre una qualit\u00e0 audio Hi-Fi, con un tasso di distorsione di \u22641% e un rapporto segnale\/rumore di 79dB. Grazie all'alta fedelt\u00e0, al basso rumore e alle eccellenti capacit\u00e0 di riproduzione, garantisce un'esperienza audio coinvolgente.<\/p>\n<h3 class=\"pt-5 text-start\">Circuito di prova standard<\/h3>\n<p><img loading=\"lazy\" decoding=\"async\" class=\"alignnone size-full wp-image-828\" src=\"https:\/\/ecmicrophones.com\/wp-content\/uploads\/2024\/05\/standard-test-circuit_ecm-b1455uml36-813.jpg\" alt=\"ECM-B1455UML36-813 Circuito di test standard: polarizzazione 15k\u03a9, alimentazione 2V, uscita 1\u03bcF\" width=\"590\" height=\"244\" srcset=\"https:\/\/ecmicrophones.com\/wp-content\/uploads\/2024\/05\/standard-test-circuit_ecm-b1455uml36-813.jpg 590w, https:\/\/ecmicrophones.com\/wp-content\/uploads\/2024\/05\/standard-test-circuit_ecm-b1455uml36-813-300x124.jpg 300w, https:\/\/ecmicrophones.com\/wp-content\/uploads\/2024\/05\/standard-test-circuit_ecm-b1455uml36-813-18x7.jpg 18w\" sizes=\"auto, (max-width: 590px) 100vw, 590px\" \/><\/p>\n<p>Resistenza di polarizzazione da 15k\u03a9, tensione di alimentazione di 2V CC e condensatore di uscita da 1\u03bcF nella configurazione di test standard.<\/p>\n<h3 class=\"pt-5 text-start\">Risposta in frequenza tipica<\/h3>\n<p><img loading=\"lazy\" decoding=\"async\" class=\"alignnone size-full wp-image-829\" src=\"https:\/\/ecmicrophones.com\/wp-content\/uploads\/2024\/05\/typical-frequency-response_ecm-b1455uml36-813.jpg\" alt=\"ECM-B1455UML36-813 Risposta in frequenza: risposta fluttuante da 100Hz a 16kHz con roll-off dopo 10kHz\" width=\"640\" height=\"290\" srcset=\"https:\/\/ecmicrophones.com\/wp-content\/uploads\/2024\/05\/typical-frequency-response_ecm-b1455uml36-813.jpg 640w, https:\/\/ecmicrophones.com\/wp-content\/uploads\/2024\/05\/typical-frequency-response_ecm-b1455uml36-813-300x136.jpg 300w, https:\/\/ecmicrophones.com\/wp-content\/uploads\/2024\/05\/typical-frequency-response_ecm-b1455uml36-813-18x8.jpg 18w, https:\/\/ecmicrophones.com\/wp-content\/uploads\/2024\/05\/typical-frequency-response_ecm-b1455uml36-813-600x272.jpg 600w\" sizes=\"auto, (max-width: 640px) 100vw, 640px\" \/><\/p>\n<p>La risposta in frequenza presenta una variazione moderata, con un netto calo a partire da 10 kHz e proseguendo verso le frequenze pi\u00f9 alte.<\/p>\n<h3 class=\"pt-5 text-start\">Dimensioni (UNIT\u00c0: mm)<\/h3>\n<p><img loading=\"lazy\" decoding=\"async\" class=\"alignnone size-full wp-image-827\" src=\"https:\/\/ecmicrophones.com\/wp-content\/uploads\/2024\/05\/appearance-dimension_ecm-b1455uml36-813.jpg\" alt=\"ECM-B1455UML36-813 Dimensioni: Capsula \u03a614 \u00d7 5,5 mm con rete antipolvere anteriore e porta acustica posteriore\" width=\"586\" height=\"329\" srcset=\"https:\/\/ecmicrophones.com\/wp-content\/uploads\/2024\/05\/appearance-dimension_ecm-b1455uml36-813.jpg 586w, https:\/\/ecmicrophones.com\/wp-content\/uploads\/2024\/05\/appearance-dimension_ecm-b1455uml36-813-300x168.jpg 300w, https:\/\/ecmicrophones.com\/wp-content\/uploads\/2024\/05\/appearance-dimension_ecm-b1455uml36-813-18x10.jpg 18w\" sizes=\"auto, (max-width: 586px) 100vw, 586px\" \/><br \/>\nCapsula \u03a614 \u00d7 5,5 mm dotata di una rete antipolvere anteriore e di due porte acustiche posteriori, entrambe coperte da una rete di smorzamento.<\/p>","protected":false},"excerpt":{"rendered":"<p>L'ECM-B1455UML36-813 \u00e8 una capsula microfonica unidirezionale da 14 \u00d7 5,5 mm adatta a prodotti microfonici come i microfoni per broadcasting e live streaming. Con una sensibilit\u00e0 di -36dB\u00b12 e un rapporto segnale\/rumore di 79dB, garantisce un'acquisizione audio di alta qualit\u00e0 per applicazioni di registrazione vocale e broadcasting.<\/p>","protected":false},"featured_media":2529,"comment_status":"open","ping_status":"closed","template":"","meta":[],"product_brand":[721],"product_cat":[16,21],"product_tag":[280,410,288,116],"class_list":{"0":"post-824","1":"product","2":"type-product","3":"status-publish","4":"has-post-thumbnail","6":"product_brand-ecmic","7":"product_cat-electret-microphones","8":"product_cat-unidirectional-microphones","9":"product_tag-14mm","10":"product_tag-high-snr","11":"product_tag-solder-pads","12":"product_tag-vocal","14":"first","15":"instock","16":"shipping-taxable","17":"purchasable","18":"product-type-simple"},"_links":{"self":[{"href":"https:\/\/ecmicrophones.com\/it\/wp-json\/wp\/v2\/product\/824","targetHints":{"allow":["GET"]}}],"collection":[{"href":"https:\/\/ecmicrophones.com\/it\/wp-json\/wp\/v2\/product"}],"about":[{"href":"https:\/\/ecmicrophones.com\/it\/wp-json\/wp\/v2\/types\/product"}],"replies":[{"embeddable":true,"href":"https:\/\/ecmicrophones.com\/it\/wp-json\/wp\/v2\/comments?post=824"}],"wp:featuredmedia":[{"embeddable":true,"href":"https:\/\/ecmicrophones.com\/it\/wp-json\/wp\/v2\/media\/2529"}],"wp:attachment":[{"href":"https:\/\/ecmicrophones.com\/it\/wp-json\/wp\/v2\/media?parent=824"}],"wp:term":[{"taxonomy":"product_brand","embeddable":true,"href":"https:\/\/ecmicrophones.com\/it\/wp-json\/wp\/v2\/product_brand?post=824"},{"taxonomy":"product_cat","embeddable":true,"href":"https:\/\/ecmicrophones.com\/it\/wp-json\/wp\/v2\/product_cat?post=824"},{"taxonomy":"product_tag","embeddable":true,"href":"https:\/\/ecmicrophones.com\/it\/wp-json\/wp\/v2\/product_tag?post=824"}],"curies":[{"name":"wp","href":"https:\/\/api.w.org\/{rel}","templated":true}]}}