{"id":882,"date":"2024-05-24T17:45:28","date_gmt":"2024-05-24T09:45:28","guid":{"rendered":"https:\/\/ecmicrophones.com\/?post_type=product&#038;p=882"},"modified":"2026-03-19T15:27:02","modified_gmt":"2026-03-19T07:27:02","slug":"16mm-cardioid-electret-microphone-element-for-anchor","status":"publish","type":"product","link":"https:\/\/ecmicrophones.com\/it\/16mm-cardioid-electret-microphone-element-for-anchor\/","title":{"rendered":"Elemento microfonico a elettrete cardioide da 16 mm per Anchor"},"content":{"rendered":"<h2 class=\"text-start\">Specifiche tecniche<\/h2>\n<p class=\"text-start\">La testina microfonica a condensatore monodirezionale 1655 \u00e8 pensata per le emittenti e vanta una qualit\u00e0 stabile e affidabile grazie a un JFET coreano. Dotata di doppi condensatori anti-interferenza, offre un'elevata qualit\u00e0 audio e un rapporto segnale\/rumore che garantisce un'eccellente riproduzione del suono per le applicazioni di broadcasting professionale.<\/p>\n<h3 class=\"pt-5 text-start\">Circuito di prova standard<\/h3>\n<p><img loading=\"lazy\" decoding=\"async\" class=\"alignnone size-full wp-image-1968\" src=\"https:\/\/ecmicrophones.com\/wp-content\/uploads\/2024\/05\/standard-test-circuit_ecm-b1655ul44-280.png\" alt=\"Schema del circuito di prova del microfono\" width=\"474\" height=\"208\" srcset=\"https:\/\/ecmicrophones.com\/wp-content\/uploads\/2024\/05\/standard-test-circuit_ecm-b1655ul44-280.png 474w, https:\/\/ecmicrophones.com\/wp-content\/uploads\/2024\/05\/standard-test-circuit_ecm-b1655ul44-280-300x132.png 300w, https:\/\/ecmicrophones.com\/wp-content\/uploads\/2024\/05\/standard-test-circuit_ecm-b1655ul44-280-18x8.png 18w\" sizes=\"auto, (max-width: 474px) 100vw, 474px\" \/><\/p>\n<p>Configurazione del test: RL=680\u03a9, VS=1,5V, C=1\u03bcF<\/p>\n<h3 class=\"pt-5 text-start\">Risposta in frequenza tipica<\/h3>\n<p><img loading=\"lazy\" decoding=\"async\" class=\"alignnone wp-image-1969 size-large\" src=\"https:\/\/ecmicrophones.com\/wp-content\/uploads\/2024\/05\/typical-frequency-response_ecm-b1655ul44-280-1024x512.png\" alt=\"Curva di risposta in frequenza che mostra l&#039;aumento iniziale, l&#039;abbassamento della gamma media e il roll-off delle alte frequenze\" width=\"1024\" height=\"512\" srcset=\"https:\/\/ecmicrophones.com\/wp-content\/uploads\/2024\/05\/typical-frequency-response_ecm-b1655ul44-280-1024x512.png 1024w, https:\/\/ecmicrophones.com\/wp-content\/uploads\/2024\/05\/typical-frequency-response_ecm-b1655ul44-280-300x150.png 300w, https:\/\/ecmicrophones.com\/wp-content\/uploads\/2024\/05\/typical-frequency-response_ecm-b1655ul44-280-768x384.png 768w, https:\/\/ecmicrophones.com\/wp-content\/uploads\/2024\/05\/typical-frequency-response_ecm-b1655ul44-280-1536x768.png 1536w, https:\/\/ecmicrophones.com\/wp-content\/uploads\/2024\/05\/typical-frequency-response_ecm-b1655ul44-280-18x9.png 18w, https:\/\/ecmicrophones.com\/wp-content\/uploads\/2024\/05\/typical-frequency-response_ecm-b1655ul44-280-600x300.png 600w, https:\/\/ecmicrophones.com\/wp-content\/uploads\/2024\/05\/typical-frequency-response_ecm-b1655ul44-280.png 1577w\" sizes=\"auto, (max-width: 1024px) 100vw, 1024px\" \/><\/p>\n<p>La risposta in frequenza sale costantemente da 100Hz a 6kHz fino al livello di picco, diminuisce fino a 6-7kHz, si riprende brevemente a 7-8kHz prima di scendere a 10kHz.<\/p>\n<h3 class=\"pt-5 text-start\">Dimensioni (UNIT\u00c0: mm)<\/h3>\n<p><img loading=\"lazy\" decoding=\"async\" class=\"alignnone size-full wp-image-1967\" src=\"https:\/\/ecmicrophones.com\/wp-content\/uploads\/2024\/05\/appearance-dimension_ecm-b1655ul44-280.png\" alt=\"Disegno delle dimensioni del microfono\" width=\"590\" height=\"400\" srcset=\"https:\/\/ecmicrophones.com\/wp-content\/uploads\/2024\/05\/appearance-dimension_ecm-b1655ul44-280.png 590w, https:\/\/ecmicrophones.com\/wp-content\/uploads\/2024\/05\/appearance-dimension_ecm-b1655ul44-280-300x203.png 300w, https:\/\/ecmicrophones.com\/wp-content\/uploads\/2024\/05\/appearance-dimension_ecm-b1655ul44-280-18x12.png 18w\" sizes=\"auto, (max-width: 590px) 100vw, 590px\" \/><\/p>\n<p>Dimensioni: 16 mm di diametro \u00d7 5,5 mm di altezza con rete anteriore e porte posteriori<\/p>","protected":false},"excerpt":{"rendered":"<p>L'ECM-B1655UL44-280 \u00e8 una capsula microfonica unidirezionale progettata principalmente per applicazioni di microfoni per emittenti. Con dimensioni di 16 \u00d7 5,5 mm, ha una sensibilit\u00e0 di -44 dB\u00b12 e un rapporto segnale\/rumore di 75 dB, che garantisce una cattura del suono di alta qualit\u00e0.<\/p>","protected":false},"featured_media":2471,"comment_status":"open","ping_status":"closed","template":"","meta":[],"product_brand":[721],"product_cat":[16,21],"product_tag":[279,288,116],"class_list":{"0":"post-882","1":"product","2":"type-product","3":"status-publish","4":"has-post-thumbnail","6":"product_brand-ecmic","7":"product_cat-electret-microphones","8":"product_cat-unidirectional-microphones","9":"product_tag-16mm","10":"product_tag-solder-pads","11":"product_tag-vocal","13":"first","14":"instock","15":"shipping-taxable","16":"purchasable","17":"product-type-simple"},"_links":{"self":[{"href":"https:\/\/ecmicrophones.com\/it\/wp-json\/wp\/v2\/product\/882","targetHints":{"allow":["GET"]}}],"collection":[{"href":"https:\/\/ecmicrophones.com\/it\/wp-json\/wp\/v2\/product"}],"about":[{"href":"https:\/\/ecmicrophones.com\/it\/wp-json\/wp\/v2\/types\/product"}],"replies":[{"embeddable":true,"href":"https:\/\/ecmicrophones.com\/it\/wp-json\/wp\/v2\/comments?post=882"}],"wp:featuredmedia":[{"embeddable":true,"href":"https:\/\/ecmicrophones.com\/it\/wp-json\/wp\/v2\/media\/2471"}],"wp:attachment":[{"href":"https:\/\/ecmicrophones.com\/it\/wp-json\/wp\/v2\/media?parent=882"}],"wp:term":[{"taxonomy":"product_brand","embeddable":true,"href":"https:\/\/ecmicrophones.com\/it\/wp-json\/wp\/v2\/product_brand?post=882"},{"taxonomy":"product_cat","embeddable":true,"href":"https:\/\/ecmicrophones.com\/it\/wp-json\/wp\/v2\/product_cat?post=882"},{"taxonomy":"product_tag","embeddable":true,"href":"https:\/\/ecmicrophones.com\/it\/wp-json\/wp\/v2\/product_tag?post=882"}],"curies":[{"name":"wp","href":"https:\/\/api.w.org\/{rel}","templated":true}]}}