{"id":989,"date":"2024-06-03T16:11:52","date_gmt":"2024-06-03T08:11:52","guid":{"rendered":"https:\/\/ecmicrophones.com\/?post_type=product&#038;p=989"},"modified":"2026-03-19T15:26:25","modified_gmt":"2026-03-19T07:26:25","slug":"8mm-electret-lavalier-mic-capsule-with-flat-frequency-response","status":"publish","type":"product","link":"https:\/\/ecmicrophones.com\/it\/8mm-electret-lavalier-mic-capsule-with-flat-frequency-response\/","title":{"rendered":"Capsula microfonica electret lavalier da 8 mm con risposta in frequenza piatta"},"content":{"rendered":"<h2 class=\"text-start\">Specifiche tecniche<\/h2>\n<p class=\"text-start\">Il nostro elemento microfonico omnidirezionale 8045 ha un tasso di distorsione di \u22642% a 120dB SPL. Ha un diametro di 8 mm e un'altezza di 4,5 mm. Questo microfono \u00e8 in grado di gestire bene le frequenze basse, medie e alte, il che lo rende ideale per i microfoni a bavero e per lo streaming. Offre un suono chiaro e dettagliato, soprattutto per le voci.<\/p>\n<h3 class=\"pt-5 text-start\">Circuito di prova standard<\/h3>\n<p><img loading=\"lazy\" decoding=\"async\" class=\"alignnone size-full wp-image-991\" src=\"https:\/\/ecmicrophones.com\/wp-content\/uploads\/2024\/06\/standard-test-circuit_ecm-b8045al38-24079.jpg\" alt=\"Circuito di test ECM-B8045AL38: polarizzazione 2,2k\u03a9, alimentazione 2V, uscita 1\u03bcF\" width=\"578\" height=\"256\" srcset=\"https:\/\/ecmicrophones.com\/wp-content\/uploads\/2024\/06\/standard-test-circuit_ecm-b8045al38-24079.jpg 578w, https:\/\/ecmicrophones.com\/wp-content\/uploads\/2024\/06\/standard-test-circuit_ecm-b8045al38-24079-300x133.jpg 300w, https:\/\/ecmicrophones.com\/wp-content\/uploads\/2024\/06\/standard-test-circuit_ecm-b8045al38-24079-18x8.jpg 18w\" sizes=\"auto, (max-width: 578px) 100vw, 578px\" \/><\/p>\n<p>Resistenza di polarizzazione da 2,2k\u03a9, alimentazione da 2V CC, condensatore di uscita da 1\u03bcF. Configurazione a frequenza vocale standard.<\/p>\n<h3 class=\"pt-5 text-start\">Risposta in frequenza tipica<\/h3>\n<p><img loading=\"lazy\" decoding=\"async\" class=\"alignnone size-full wp-image-992\" src=\"https:\/\/ecmicrophones.com\/wp-content\/uploads\/2024\/06\/typical-frequency-response_ecm-b8045al38-24079.jpg\" alt=\"ECM-B8045AL38 Risposta in frequenza: Risposta piatta\" width=\"573\" height=\"411\" srcset=\"https:\/\/ecmicrophones.com\/wp-content\/uploads\/2024\/06\/typical-frequency-response_ecm-b8045al38-24079.jpg 573w, https:\/\/ecmicrophones.com\/wp-content\/uploads\/2024\/06\/typical-frequency-response_ecm-b8045al38-24079-300x215.jpg 300w, https:\/\/ecmicrophones.com\/wp-content\/uploads\/2024\/06\/typical-frequency-response_ecm-b8045al38-24079-18x12.jpg 18w\" sizes=\"auto, (max-width: 573px) 100vw, 573px\" \/><\/p>\n<p>Risposta in frequenza piatta per una riproduzione accurata della voce.<\/p>\n<h3 class=\"pt-5 text-start\">Dimensioni (unit\u00e0: mm)<\/h3>\n<p><img loading=\"lazy\" decoding=\"async\" class=\"alignnone size-full wp-image-990\" src=\"https:\/\/ecmicrophones.com\/wp-content\/uploads\/2024\/06\/appearance-dimension_ecm-b8045al38-24079.jpg\" alt=\"ECM-B8045AL38 Dimensioni: \u03a68\u00d74,5mm con rete antipolvere anteriore (retro sigillato)\" width=\"498\" height=\"288\" srcset=\"https:\/\/ecmicrophones.com\/wp-content\/uploads\/2024\/06\/appearance-dimension_ecm-b8045al38-24079.jpg 498w, https:\/\/ecmicrophones.com\/wp-content\/uploads\/2024\/06\/appearance-dimension_ecm-b8045al38-24079-300x173.jpg 300w, https:\/\/ecmicrophones.com\/wp-content\/uploads\/2024\/06\/appearance-dimension_ecm-b8045al38-24079-18x10.jpg 18w\" sizes=\"auto, (max-width: 498px) 100vw, 498px\" \/><\/p>\n<p>Alloggiamento \u03a68\u00d74,5 mm con rete antipolvere anteriore (design posteriore non portante).<\/p>","protected":false},"excerpt":{"rendered":"<p>L'ECM-B8045AL38-24079 \u00e8 una capsula microfonica omnidirezionale da 8 \u00d7 4,5 mm con una sensibilit\u00e0 di -38dB\u00b12 e un rapporto segnale\/rumore di 70dB. Progettata per eccellere nella cattura delle voci umane, \u00e8 ideale per applicazioni come microfoni a bavero e microfoni per lo streaming. Questa capsula microfonica garantisce una riproduzione vocale chiara e prominente, perfetta per l'acquisizione di audio di alta qualit\u00e0.<\/p>","protected":false},"featured_media":2668,"comment_status":"open","ping_status":"closed","template":"","meta":[],"product_brand":[721],"product_cat":[16,20],"product_tag":[294,235,288],"class_list":{"0":"post-989","1":"product","2":"type-product","3":"status-publish","4":"has-post-thumbnail","6":"product_brand-ecmic","7":"product_cat-electret-microphones","8":"product_cat-omnidirectional-microphones","9":"product_tag-8mm","10":"product_tag-conference","11":"product_tag-solder-pads","13":"first","14":"instock","15":"shipping-taxable","16":"purchasable","17":"product-type-simple"},"_links":{"self":[{"href":"https:\/\/ecmicrophones.com\/it\/wp-json\/wp\/v2\/product\/989","targetHints":{"allow":["GET"]}}],"collection":[{"href":"https:\/\/ecmicrophones.com\/it\/wp-json\/wp\/v2\/product"}],"about":[{"href":"https:\/\/ecmicrophones.com\/it\/wp-json\/wp\/v2\/types\/product"}],"replies":[{"embeddable":true,"href":"https:\/\/ecmicrophones.com\/it\/wp-json\/wp\/v2\/comments?post=989"}],"wp:featuredmedia":[{"embeddable":true,"href":"https:\/\/ecmicrophones.com\/it\/wp-json\/wp\/v2\/media\/2668"}],"wp:attachment":[{"href":"https:\/\/ecmicrophones.com\/it\/wp-json\/wp\/v2\/media?parent=989"}],"wp:term":[{"taxonomy":"product_brand","embeddable":true,"href":"https:\/\/ecmicrophones.com\/it\/wp-json\/wp\/v2\/product_brand?post=989"},{"taxonomy":"product_cat","embeddable":true,"href":"https:\/\/ecmicrophones.com\/it\/wp-json\/wp\/v2\/product_cat?post=989"},{"taxonomy":"product_tag","embeddable":true,"href":"https:\/\/ecmicrophones.com\/it\/wp-json\/wp\/v2\/product_tag?post=989"}],"curies":[{"name":"wp","href":"https:\/\/api.w.org\/{rel}","templated":true}]}}