{"id":3255,"date":"2025-08-08T14:20:00","date_gmt":"2025-08-08T06:20:00","guid":{"rendered":"https:\/\/ecmicrophones.com\/?page_id=3255"},"modified":"2026-03-05T16:33:58","modified_gmt":"2026-03-05T08:33:58","slug":"electret-microphone-applications","status":"publish","type":"page","link":"https:\/\/ecmicrophones.com\/pt\/electret-microphone-applications\/","title":{"rendered":"Aplica\u00e7\u00f5es de microfones de eletreto"},"content":{"rendered":"<blockquote class=\"wp-block-quote is-layout-flow wp-block-quote-is-layout-flow\">\n<p>Conhe\u00e7a nossos elementos de microfone de eletreto de alta qualidade, projetados para diversas aplica\u00e7\u00f5es, como sistemas de confer\u00eancia, microfones de lapela, fones de ouvido e sistemas viva-voz automotivos. Explore as especifica\u00e7\u00f5es detalhadas, incluindo modelo, dimens\u00f5es e sensibilidade para obter um desempenho de \u00e1udio preciso.<\/p>\n<\/blockquote>","protected":false},"excerpt":{"rendered":"<p>Conhe\u00e7a nossos elementos de microfone de eletreto de alta qualidade, projetados para diversas aplica\u00e7\u00f5es, como sistemas de confer\u00eancia, microfones de lapela, fones de ouvido e sistemas viva-voz automotivos. Explore as especifica\u00e7\u00f5es detalhadas, incluindo modelo, dimens\u00f5es e sensibilidade para obter um desempenho de \u00e1udio preciso.<\/p>","protected":false},"author":1,"featured_media":0,"parent":0,"menu_order":0,"comment_status":"closed","ping_status":"closed","template":"","meta":{"footnotes":""},"class_list":["post-3255","page","type-page","status-publish","hentry"],"_links":{"self":[{"href":"https:\/\/ecmicrophones.com\/pt\/wp-json\/wp\/v2\/pages\/3255","targetHints":{"allow":["GET"]}}],"collection":[{"href":"https:\/\/ecmicrophones.com\/pt\/wp-json\/wp\/v2\/pages"}],"about":[{"href":"https:\/\/ecmicrophones.com\/pt\/wp-json\/wp\/v2\/types\/page"}],"author":[{"embeddable":true,"href":"https:\/\/ecmicrophones.com\/pt\/wp-json\/wp\/v2\/users\/1"}],"replies":[{"embeddable":true,"href":"https:\/\/ecmicrophones.com\/pt\/wp-json\/wp\/v2\/comments?post=3255"}],"version-history":[{"count":0,"href":"https:\/\/ecmicrophones.com\/pt\/wp-json\/wp\/v2\/pages\/3255\/revisions"}],"wp:attachment":[{"href":"https:\/\/ecmicrophones.com\/pt\/wp-json\/wp\/v2\/media?parent=3255"}],"curies":[{"name":"wp","href":"https:\/\/api.w.org\/{rel}","templated":true}]}}