{"id":3258,"date":"2025-08-08T14:20:16","date_gmt":"2025-08-08T06:20:16","guid":{"rendered":"https:\/\/ecmicrophones.com\/?page_id=3258"},"modified":"2026-03-05T16:34:23","modified_gmt":"2026-03-05T08:34:23","slug":"dynamic-microphone-applications","status":"publish","type":"page","link":"https:\/\/ecmicrophones.com\/pt\/dynamic-microphone-applications\/","title":{"rendered":"Aplica\u00e7\u00f5es de microfones din\u00e2micos"},"content":{"rendered":"<blockquote class=\"wp-block-quote is-layout-flow wp-block-quote-is-layout-flow\">\n<p>Explore nossos confi\u00e1veis elementos de microfone din\u00e2mico, ideais para vocais de palco, capta\u00e7\u00e3o de instrumentos, podcasts e comunica\u00e7\u00f5es por walkie-talkie. Encontre os detalhes do produto, como modelo, dimens\u00f5es e imped\u00e2ncia, para obter clareza sonora e durabilidade ideais.<\/p>\n<\/blockquote>","protected":false},"excerpt":{"rendered":"<p>Explore nossos confi\u00e1veis elementos de microfone din\u00e2mico, ideais para vocais de palco, capta\u00e7\u00e3o de instrumentos, podcasts e comunica\u00e7\u00f5es por walkie-talkie. Encontre os detalhes do produto, como modelo, dimens\u00f5es e imped\u00e2ncia, para obter clareza sonora e durabilidade ideais.<\/p>","protected":false},"author":1,"featured_media":0,"parent":0,"menu_order":0,"comment_status":"closed","ping_status":"closed","template":"","meta":{"footnotes":""},"class_list":["post-3258","page","type-page","status-publish","hentry"],"_links":{"self":[{"href":"https:\/\/ecmicrophones.com\/pt\/wp-json\/wp\/v2\/pages\/3258","targetHints":{"allow":["GET"]}}],"collection":[{"href":"https:\/\/ecmicrophones.com\/pt\/wp-json\/wp\/v2\/pages"}],"about":[{"href":"https:\/\/ecmicrophones.com\/pt\/wp-json\/wp\/v2\/types\/page"}],"author":[{"embeddable":true,"href":"https:\/\/ecmicrophones.com\/pt\/wp-json\/wp\/v2\/users\/1"}],"replies":[{"embeddable":true,"href":"https:\/\/ecmicrophones.com\/pt\/wp-json\/wp\/v2\/comments?post=3258"}],"version-history":[{"count":0,"href":"https:\/\/ecmicrophones.com\/pt\/wp-json\/wp\/v2\/pages\/3258\/revisions"}],"wp:attachment":[{"href":"https:\/\/ecmicrophones.com\/pt\/wp-json\/wp\/v2\/media?parent=3258"}],"curies":[{"name":"wp","href":"https:\/\/api.w.org\/{rel}","templated":true}]}}