{"id":401,"date":"2024-04-18T06:38:57","date_gmt":"2024-04-18T06:38:57","guid":{"rendered":"https:\/\/ecmicrophones.com\/?page_id=401"},"modified":"2026-03-05T16:37:24","modified_gmt":"2026-03-05T08:37:24","slug":"quality-control","status":"publish","type":"page","link":"https:\/\/ecmicrophones.com\/pt\/quality-control\/","title":{"rendered":"Controle de qualidade"},"content":{"rendered":"<p>A ECMIC implementa processos rigorosos de controle de qualidade com base nas normas ISO 9001 e IATF 16949, garantindo qualidade de fabrica\u00e7\u00e3o consistente, desempenho ac\u00fastico est\u00e1vel e confiabilidade de longo prazo para c\u00e1psulas de microfone usadas em aplica\u00e7\u00f5es profissionais e automotivas.<\/p>","protected":false},"excerpt":{"rendered":"<p>A ECMIC implementa processos rigorosos de controle de qualidade com base nas normas ISO 9001 e IATF 16949, garantindo qualidade de fabrica\u00e7\u00e3o consistente, desempenho ac\u00fastico est\u00e1vel e confiabilidade de longo prazo para c\u00e1psulas de microfone usadas em aplica\u00e7\u00f5es profissionais e automotivas.<\/p>","protected":false},"author":1,"featured_media":0,"parent":0,"menu_order":0,"comment_status":"closed","ping_status":"closed","template":"","meta":{"footnotes":""},"class_list":["post-401","page","type-page","status-publish","hentry"],"_links":{"self":[{"href":"https:\/\/ecmicrophones.com\/pt\/wp-json\/wp\/v2\/pages\/401","targetHints":{"allow":["GET"]}}],"collection":[{"href":"https:\/\/ecmicrophones.com\/pt\/wp-json\/wp\/v2\/pages"}],"about":[{"href":"https:\/\/ecmicrophones.com\/pt\/wp-json\/wp\/v2\/types\/page"}],"author":[{"embeddable":true,"href":"https:\/\/ecmicrophones.com\/pt\/wp-json\/wp\/v2\/users\/1"}],"replies":[{"embeddable":true,"href":"https:\/\/ecmicrophones.com\/pt\/wp-json\/wp\/v2\/comments?post=401"}],"version-history":[{"count":0,"href":"https:\/\/ecmicrophones.com\/pt\/wp-json\/wp\/v2\/pages\/401\/revisions"}],"wp:attachment":[{"href":"https:\/\/ecmicrophones.com\/pt\/wp-json\/wp\/v2\/media?parent=401"}],"curies":[{"name":"wp","href":"https:\/\/api.w.org\/{rel}","templated":true}]}}