{"id":1158,"date":"2024-06-19T08:54:22","date_gmt":"2024-06-19T00:54:22","guid":{"rendered":"https:\/\/ecmicrophones.com\/?post_type=product&#038;p=1158"},"modified":"2026-03-19T15:24:40","modified_gmt":"2026-03-19T07:24:40","slug":"conference-microphone-array-capsule-14mm","status":"publish","type":"product","link":"https:\/\/ecmicrophones.com\/pt\/conference-microphone-array-capsule-14mm\/","title":{"rendered":"C\u00e1psula 14mm da disposi\u00e7\u00e3o do microfone da confer\u00eancia"},"content":{"rendered":"<h2 class=\"text-start\">Especifica\u00e7\u00f5es t\u00e9cnicas<\/h2>\n<p class=\"text-start\">Nosso cabe\u00e7ote de microfone unidirecional 1465 oferece uma sensibilidade de -34\u00b12dB e uma rela\u00e7\u00e3o sinal-ru\u00eddo de 80dB. Esta cabe\u00e7a de microfone \u00e9 caracterizada por sua alta sensibilidade, alto SNR e redu\u00e7\u00e3o de ru\u00eddo eficaz, garantindo captura de \u00e1udio clara e precisa.<\/p>\n<h3 class=\"pt-5 text-start\">Circuito de teste padr\u00e3o<\/h3>\n<p><img loading=\"lazy\" decoding=\"async\" class=\"alignnone size-full wp-image-1164\" src=\"https:\/\/ecmicrophones.com\/wp-content\/uploads\/2024\/06\/standard-test-circuit_ecm-b1465ul34-24395.jpg\" alt=\"Circuito de teste ECM-B1465UL34: polariza\u00e7\u00e3o de 680\u03a9, alimenta\u00e7\u00e3o de 1,5V, sa\u00edda de 1\u03bcF\" width=\"537\" height=\"253\" srcset=\"https:\/\/ecmicrophones.com\/wp-content\/uploads\/2024\/06\/standard-test-circuit_ecm-b1465ul34-24395.jpg 537w, https:\/\/ecmicrophones.com\/wp-content\/uploads\/2024\/06\/standard-test-circuit_ecm-b1465ul34-24395-300x141.jpg 300w, https:\/\/ecmicrophones.com\/wp-content\/uploads\/2024\/06\/standard-test-circuit_ecm-b1465ul34-24395-18x8.jpg 18w\" sizes=\"auto, (max-width: 537px) 100vw, 537px\" \/><\/p>\n<p>Resistor de polariza\u00e7\u00e3o de 680\u03a9, alimenta\u00e7\u00e3o de 1,5V CC, capacitor de sa\u00edda de 1\u03bcF. Configura\u00e7\u00e3o de opera\u00e7\u00e3o em baixa tens\u00e3o.<\/p>\n<h3 class=\"pt-5 text-start\">Resposta de frequ\u00eancia t\u00edpica<\/h3>\n<p><img loading=\"lazy\" decoding=\"async\" class=\"alignnone size-full wp-image-1162\" src=\"https:\/\/ecmicrophones.com\/wp-content\/uploads\/2024\/06\/typical-frequency-response_ecm-b1465ul34-24395.jpg\" alt=\"Resposta de frequ\u00eancia ECM-B1465UL34: Aumento de 50 Hz a 5 kHz, queda na faixa m\u00e9dia e, em seguida, pico de 10 kHz antes da redu\u00e7\u00e3o final\" width=\"602\" height=\"385\" srcset=\"https:\/\/ecmicrophones.com\/wp-content\/uploads\/2024\/06\/typical-frequency-response_ecm-b1465ul34-24395.jpg 602w, https:\/\/ecmicrophones.com\/wp-content\/uploads\/2024\/06\/typical-frequency-response_ecm-b1465ul34-24395-300x192.jpg 300w, https:\/\/ecmicrophones.com\/wp-content\/uploads\/2024\/06\/typical-frequency-response_ecm-b1465ul34-24395-18x12.jpg 18w, https:\/\/ecmicrophones.com\/wp-content\/uploads\/2024\/06\/typical-frequency-response_ecm-b1465ul34-24395-600x384.jpg 600w\" sizes=\"auto, (max-width: 602px) 100vw, 602px\" \/><\/p>\n<p>Aumento dos graves de 50 Hz a 5 kHz com atenua\u00e7\u00e3o da faixa m\u00e9dia, seguido de um pico de presen\u00e7a de 10 kHz e redu\u00e7\u00e3o gradual dos agudos.<\/p>\n<h3 class=\"pt-5 text-start\">Dimens\u00f5es (unidade: mm)<\/h3>\n<p><img loading=\"lazy\" decoding=\"async\" class=\"alignnone size-full wp-image-1163\" src=\"https:\/\/ecmicrophones.com\/wp-content\/uploads\/2024\/06\/appearance-dimension_ecm-b1465ul34-24395.jpg\" alt=\"ECM-B1465UL34 Dimens\u00f5es: \u03a614\u00d76,5 mm com malha frontal contra poeira (traseira selada)\" width=\"553\" height=\"418\" srcset=\"https:\/\/ecmicrophones.com\/wp-content\/uploads\/2024\/06\/appearance-dimension_ecm-b1465ul34-24395.jpg 553w, https:\/\/ecmicrophones.com\/wp-content\/uploads\/2024\/06\/appearance-dimension_ecm-b1465ul34-24395-300x227.jpg 300w, https:\/\/ecmicrophones.com\/wp-content\/uploads\/2024\/06\/appearance-dimension_ecm-b1465ul34-24395-16x12.jpg 16w\" sizes=\"auto, (max-width: 553px) 100vw, 553px\" \/><\/p>\n<p>Caixa robusta de \u03a614\u00d76,5 mm com malha frontal contra poeira e porta ac\u00fastica traseira.<\/p>","protected":false},"excerpt":{"rendered":"<p>O ECM-B1465UL34-24395 \u00e9 uma c\u00e1psula de microfone unidirecional de 14 \u00d7 6,5 mm projetada para aplica\u00e7\u00f5es como microfones de transmiss\u00e3o e microfones de confer\u00eancia. Com uma sensibilidade de -34dB\u00b12 e uma rela\u00e7\u00e3o sinal-ru\u00eddo de 80dB, oferece excelente qualidade e clareza de som, tornando-o adequado para ambientes de \u00e1udio profissionais.<\/p>","protected":false},"featured_media":2508,"comment_status":"open","ping_status":"closed","template":"","meta":[],"product_brand":[721],"product_cat":[16,21],"product_tag":[280,235,410,288],"class_list":{"0":"post-1158","1":"product","2":"type-product","3":"status-publish","4":"has-post-thumbnail","6":"product_brand-ecmic","7":"product_cat-electret-microphones","8":"product_cat-unidirectional-microphones","9":"product_tag-14mm","10":"product_tag-conference","11":"product_tag-high-snr","12":"product_tag-solder-pads","14":"first","15":"instock","16":"shipping-taxable","17":"purchasable","18":"product-type-simple"},"_links":{"self":[{"href":"https:\/\/ecmicrophones.com\/pt\/wp-json\/wp\/v2\/product\/1158","targetHints":{"allow":["GET"]}}],"collection":[{"href":"https:\/\/ecmicrophones.com\/pt\/wp-json\/wp\/v2\/product"}],"about":[{"href":"https:\/\/ecmicrophones.com\/pt\/wp-json\/wp\/v2\/types\/product"}],"replies":[{"embeddable":true,"href":"https:\/\/ecmicrophones.com\/pt\/wp-json\/wp\/v2\/comments?post=1158"}],"wp:featuredmedia":[{"embeddable":true,"href":"https:\/\/ecmicrophones.com\/pt\/wp-json\/wp\/v2\/media\/2508"}],"wp:attachment":[{"href":"https:\/\/ecmicrophones.com\/pt\/wp-json\/wp\/v2\/media?parent=1158"}],"wp:term":[{"taxonomy":"product_brand","embeddable":true,"href":"https:\/\/ecmicrophones.com\/pt\/wp-json\/wp\/v2\/product_brand?post=1158"},{"taxonomy":"product_cat","embeddable":true,"href":"https:\/\/ecmicrophones.com\/pt\/wp-json\/wp\/v2\/product_cat?post=1158"},{"taxonomy":"product_tag","embeddable":true,"href":"https:\/\/ecmicrophones.com\/pt\/wp-json\/wp\/v2\/product_tag?post=1158"}],"curies":[{"name":"wp","href":"https:\/\/api.w.org\/{rel}","templated":true}]}}