{"id":1171,"date":"2024-06-20T08:52:20","date_gmt":"2024-06-20T00:52:20","guid":{"rendered":"https:\/\/ecmicrophones.com\/?post_type=product&#038;p=1171"},"modified":"2026-03-19T15:24:10","modified_gmt":"2026-03-19T07:24:10","slug":"unidirectional-dynamic-microphone-capsule-14-5mm","status":"publish","type":"product","link":"https:\/\/ecmicrophones.com\/pt\/unidirectional-dynamic-microphone-capsule-14-5mm\/","title":{"rendered":"C\u00e1psula de microfone din\u00e2mico unidirecional de 14,5 mm"},"content":{"rendered":"<h2 class=\"text-start\">Especifica\u00e7\u00f5es t\u00e9cnicas<\/h2>\n<p class=\"text-start\">O ECM-DM1458T200 apresenta um padr\u00e3o de capta\u00e7\u00e3o unidirecional emparelhado com uma curva de resposta de frequ\u00eancia personalizada otimizada para clareza de fala entre 100 Hz e 9 kHz. Essa combina\u00e7\u00e3o aumenta a inteligibilidade da voz e reduz efetivamente o ru\u00eddo de fundo, tornando-o ideal para microfones de fone de ouvido para avia\u00e7\u00e3o, sistemas de intercomunica\u00e7\u00e3o e dispositivos de comunica\u00e7\u00e3o robustos.<\/p>\n<p class=\"text-start\">Com op\u00e7\u00f5es de imped\u00e2ncia selecion\u00e1veis de 150\u03a9 a 600\u03a9, essa c\u00e1psula compacta de 14,5 \u00d7 7,5 mm integra-se facilmente a diversos sistemas de \u00e1udio que exigem desempenho confi\u00e1vel e consistente em ambientes adversos.<\/p>\n<h3 class=\"pt-5 text-start\">Vista explodida e lista de pe\u00e7as<\/h3>\n<p><img loading=\"lazy\" decoding=\"async\" class=\"alignnone wp-image-3887 size-full\" src=\"https:\/\/ecmicrophones.com\/wp-content\/uploads\/2024\/06\/dynamic-part_ecm-dm1458t200.png\" alt=\"Vista explodida do ECM-DM1458T200: 8 componentes principais, incluindo diafragma, bobina de voz e conjunto de \u00edm\u00e3\" width=\"560\" height=\"310\" srcset=\"https:\/\/ecmicrophones.com\/wp-content\/uploads\/2024\/06\/dynamic-part_ecm-dm1458t200.png 560w, https:\/\/ecmicrophones.com\/wp-content\/uploads\/2024\/06\/dynamic-part_ecm-dm1458t200-300x166.png 300w, https:\/\/ecmicrophones.com\/wp-content\/uploads\/2024\/06\/dynamic-part_ecm-dm1458t200-18x10.png 18w\" sizes=\"auto, (max-width: 560px) 100vw, 560px\" \/><\/p>\n<p>A decomposi\u00e7\u00e3o estrutural mostra a esponja, a tampa, o diafragma, a bobina, o a\u00e7o magn\u00e9tico, os potes de ferro, o suporte e o conjunto da placa de circuito impresso.<\/p>\n<h3 class=\"pt-5 text-start\">Curva de resposta de frequ\u00eancia<\/h3>\n<p><img loading=\"lazy\" decoding=\"async\" class=\"alignnone size-full wp-image-1175\" src=\"https:\/\/ecmicrophones.com\/wp-content\/uploads\/2024\/06\/response-curve_ecm-dm1458t200.jpg\" alt=\"Resposta de frequ\u00eancia ECM-DM1458T200: concentrada principalmente na faixa de 100 Hz a 9 kHz\" width=\"680\" height=\"421\" srcset=\"https:\/\/ecmicrophones.com\/wp-content\/uploads\/2024\/06\/response-curve_ecm-dm1458t200.jpg 680w, https:\/\/ecmicrophones.com\/wp-content\/uploads\/2024\/06\/response-curve_ecm-dm1458t200-300x186.jpg 300w, https:\/\/ecmicrophones.com\/wp-content\/uploads\/2024\/06\/response-curve_ecm-dm1458t200-18x12.jpg 18w, https:\/\/ecmicrophones.com\/wp-content\/uploads\/2024\/06\/response-curve_ecm-dm1458t200-600x371.jpg 600w\" sizes=\"auto, (max-width: 680px) 100vw, 680px\" \/><\/p>\n<p>A resposta de frequ\u00eancia concentra-se principalmente na faixa de 100Hz a 9kHz.<\/p>\n<h3 class=\"pt-5 text-start\">Dimens\u00f5es (UNIDADE: mm)<\/h3>\n<p><img loading=\"lazy\" decoding=\"async\" class=\"alignnone size-full wp-image-1173\" src=\"https:\/\/ecmicrophones.com\/wp-content\/uploads\/2024\/06\/appearance-size_ecm-dm1458t200.jpg\" alt=\"ECM-DM1458T200 Dimens\u00f5es: Alto-falante din\u00e2mico compacto \u03a614,5\u00d77,5 mm\" width=\"355\" height=\"363\" srcset=\"https:\/\/ecmicrophones.com\/wp-content\/uploads\/2024\/06\/appearance-size_ecm-dm1458t200.jpg 355w, https:\/\/ecmicrophones.com\/wp-content\/uploads\/2024\/06\/appearance-size_ecm-dm1458t200-293x300.jpg 293w, https:\/\/ecmicrophones.com\/wp-content\/uploads\/2024\/06\/appearance-size_ecm-dm1458t200-12x12.jpg 12w\" sizes=\"auto, (max-width: 355px) 100vw, 355px\" \/><\/p>\n<p>Design compacto da caixa de \u03a614,5\u00d77,5 mm.<\/p>","protected":false},"excerpt":{"rendered":"<p>C\u00e1psula compacta de microfone din\u00e2mico unidirecional de 14,5 mm projetada para headsets de avia\u00e7\u00e3o, intercomunicadores, microfones de alto-falante de r\u00e1dio bidirecional e microfones de intercomunica\u00e7\u00e3o din\u00e2micos gooseneck, proporcionando capta\u00e7\u00e3o de voz n\u00edtida em ambientes ruidosos.<\/p>","protected":false},"featured_media":2406,"comment_status":"open","ping_status":"closed","template":"","meta":[],"product_brand":[721],"product_cat":[17],"product_tag":[311,109],"class_list":{"0":"post-1171","1":"product","2":"type-product","3":"status-publish","4":"has-post-thumbnail","6":"product_brand-ecmic","7":"product_cat-dynamic-microphones","8":"product_tag-15mm","9":"product_tag-intercom","11":"first","12":"instock","13":"shipping-taxable","14":"purchasable","15":"product-type-simple"},"_links":{"self":[{"href":"https:\/\/ecmicrophones.com\/pt\/wp-json\/wp\/v2\/product\/1171","targetHints":{"allow":["GET"]}}],"collection":[{"href":"https:\/\/ecmicrophones.com\/pt\/wp-json\/wp\/v2\/product"}],"about":[{"href":"https:\/\/ecmicrophones.com\/pt\/wp-json\/wp\/v2\/types\/product"}],"replies":[{"embeddable":true,"href":"https:\/\/ecmicrophones.com\/pt\/wp-json\/wp\/v2\/comments?post=1171"}],"wp:featuredmedia":[{"embeddable":true,"href":"https:\/\/ecmicrophones.com\/pt\/wp-json\/wp\/v2\/media\/2406"}],"wp:attachment":[{"href":"https:\/\/ecmicrophones.com\/pt\/wp-json\/wp\/v2\/media?parent=1171"}],"wp:term":[{"taxonomy":"product_brand","embeddable":true,"href":"https:\/\/ecmicrophones.com\/pt\/wp-json\/wp\/v2\/product_brand?post=1171"},{"taxonomy":"product_cat","embeddable":true,"href":"https:\/\/ecmicrophones.com\/pt\/wp-json\/wp\/v2\/product_cat?post=1171"},{"taxonomy":"product_tag","embeddable":true,"href":"https:\/\/ecmicrophones.com\/pt\/wp-json\/wp\/v2\/product_tag?post=1171"}],"curies":[{"name":"wp","href":"https:\/\/api.w.org\/{rel}","templated":true}]}}