{"id":121,"date":"2024-03-27T11:21:43","date_gmt":"2024-03-27T11:21:43","guid":{"rendered":"https:\/\/ecmicrophones.com\/?post_type=product&#038;p=121"},"modified":"2026-03-19T15:40:59","modified_gmt":"2026-03-19T07:40:59","slug":"sound-card-microphone-capsule-30-4mm","status":"publish","type":"product","link":"https:\/\/ecmicrophones.com\/pt\/sound-card-microphone-capsule-30-4mm\/","title":{"rendered":"C\u00e1psula de microfone din\u00e2mico de 30,4 mm para interfaces de \u00e1udio"},"content":{"rendered":"<h2 class=\"text-start\">Especifica\u00e7\u00f5es t\u00e9cnicas<\/h2>\n<p class=\"text-start\">Projetado para captura vocal n\u00edtida e distor\u00e7\u00e3o m\u00ednima, o ECM-DM588K600 \u00e9 uma c\u00e1psula de microfone din\u00e2mico de 30,4 mm de alto desempenho otimizada para interfaces de \u00e1udio e equipamentos de streaming. Sua ampla faixa de frequ\u00eancia de 50 Hz a 15 kHz garante uma presen\u00e7a detalhada dos graves e uma clareza vocal suave, tornando-o adequado para podcasting, transmiss\u00e3o ao vivo e grava\u00e7\u00e3o em est\u00fadio.<\/p>\n<p class=\"text-start\">O padr\u00e3o polar unidirecional se concentra na capta\u00e7\u00e3o de voz e reduz o ru\u00eddo de fundo, e a imped\u00e2ncia de 600\u03a9 oferece forte compatibilidade com hardware de \u00e1udio profissional.<\/p>\n<p class=\"text-start\">Seja integrada a microfones de m\u00e3o, streamers de mesa ou sistemas conectados por interface, essa c\u00e1psula proporciona um som consistente e encorpado para criadores e comunicadores.<\/p>\n<h3 class=\"pt-5 text-start\">Vista explodida e lista de pe\u00e7as<\/h3>\n<p><img loading=\"lazy\" decoding=\"async\" class=\"alignnone wp-image-3896 size-full\" src=\"https:\/\/ecmicrophones.com\/wp-content\/uploads\/2024\/03\/dynamic-part_ecm-dm588k600.png\" alt=\"Vista explodida da cabe\u00e7a do microfone din\u00e2mico ECM-DM588K600\" width=\"570\" height=\"250\" srcset=\"https:\/\/ecmicrophones.com\/wp-content\/uploads\/2024\/03\/dynamic-part_ecm-dm588k600.png 570w, https:\/\/ecmicrophones.com\/wp-content\/uploads\/2024\/03\/dynamic-part_ecm-dm588k600-300x132.png 300w, https:\/\/ecmicrophones.com\/wp-content\/uploads\/2024\/03\/dynamic-part_ecm-dm588k600-18x8.png 18w\" sizes=\"auto, (max-width: 570px) 100vw, 570px\" \/><\/p>\n<p>Inclui: esponja, tampa, diafragma, bobina, a\u00e7o magn\u00e9tico, potes de ferro, suporte e placa de circuito impresso com revestimento de estanho.<\/p>\n<h3 class=\"pt-5 text-start\">Curva de resposta de frequ\u00eancia<\/h3>\n<p><img loading=\"lazy\" decoding=\"async\" class=\"alignnone size-full wp-image-272\" src=\"https:\/\/ecmicrophones.com\/wp-content\/uploads\/2024\/03\/response-curve_ecm-dm588k600.png\" alt=\"Resposta de frequ\u00eancia ECM-DM588K600\" width=\"651\" height=\"513\" srcset=\"https:\/\/ecmicrophones.com\/wp-content\/uploads\/2024\/03\/response-curve_ecm-dm588k600.png 651w, https:\/\/ecmicrophones.com\/wp-content\/uploads\/2024\/03\/response-curve_ecm-dm588k600-300x236.png 300w, https:\/\/ecmicrophones.com\/wp-content\/uploads\/2024\/03\/response-curve_ecm-dm588k600-15x12.png 15w, https:\/\/ecmicrophones.com\/wp-content\/uploads\/2024\/03\/response-curve_ecm-dm588k600-600x473.png 600w\" sizes=\"auto, (max-width: 651px) 100vw, 651px\" \/><\/p>\n<p>A resposta de frequ\u00eancia se estende de 50 Hz a 15 kHz, proporcionando graves quentes, m\u00e9dios claros e uma suave redu\u00e7\u00e3o de alta frequ\u00eancia - ideal para uma reprodu\u00e7\u00e3o vocal rica e completa em aplicativos de streaming e voz.<\/p>\n<h3 class=\"pt-5 text-start\">Dimens\u00f5es (UNIDADE: mm)<\/h3>\n<p><img loading=\"lazy\" decoding=\"async\" class=\"alignnone size-full wp-image-273\" src=\"https:\/\/ecmicrophones.com\/wp-content\/uploads\/2024\/03\/appearance-size_ecm-dm588k600.png\" alt=\"Dimens\u00f5es do ECM-DM588K600: 30,4 mm de di\u00e2metro, 49,6 mm de altura\" width=\"466\" height=\"439\" srcset=\"https:\/\/ecmicrophones.com\/wp-content\/uploads\/2024\/03\/appearance-size_ecm-dm588k600.png 466w, https:\/\/ecmicrophones.com\/wp-content\/uploads\/2024\/03\/appearance-size_ecm-dm588k600-300x283.png 300w, https:\/\/ecmicrophones.com\/wp-content\/uploads\/2024\/03\/appearance-size_ecm-dm588k600-13x12.png 13w\" sizes=\"auto, (max-width: 466px) 100vw, 466px\" \/><\/p>\n<p>C\u00e1psula de grande di\u00e2metro medindo \u03a630,4 \u00d7 49,6 mm, comumente usada em placas de som de transmiss\u00e3o ao vivo e microfones vocais de mesa.<\/p>","protected":false},"excerpt":{"rendered":"<p>Com uma ampla resposta de frequ\u00eancia de 50Hz-15kHz e imped\u00e2ncia de 600\u03a9, essa c\u00e1psula de microfone din\u00e2mico unidirecional de 30,4 \u00d7 49,6 mm \u00e9 otimizada para microfones de mesa, equipamentos de streaming e interfaces de \u00e1udio, proporcionando um desempenho vocal claro e robusto para uso em est\u00fadio e transmiss\u00e3o.<\/p>","protected":false},"featured_media":3204,"comment_status":"open","ping_status":"closed","template":"","meta":[],"product_brand":[721],"product_cat":[17],"product_tag":[312,116],"class_list":{"0":"post-121","1":"product","2":"type-product","3":"status-publish","4":"has-post-thumbnail","6":"product_brand-ecmic","7":"product_cat-dynamic-microphones","8":"product_tag-30mm","9":"product_tag-vocal","11":"first","12":"instock","13":"shipping-taxable","14":"purchasable","15":"product-type-simple"},"_links":{"self":[{"href":"https:\/\/ecmicrophones.com\/pt\/wp-json\/wp\/v2\/product\/121","targetHints":{"allow":["GET"]}}],"collection":[{"href":"https:\/\/ecmicrophones.com\/pt\/wp-json\/wp\/v2\/product"}],"about":[{"href":"https:\/\/ecmicrophones.com\/pt\/wp-json\/wp\/v2\/types\/product"}],"replies":[{"embeddable":true,"href":"https:\/\/ecmicrophones.com\/pt\/wp-json\/wp\/v2\/comments?post=121"}],"wp:featuredmedia":[{"embeddable":true,"href":"https:\/\/ecmicrophones.com\/pt\/wp-json\/wp\/v2\/media\/3204"}],"wp:attachment":[{"href":"https:\/\/ecmicrophones.com\/pt\/wp-json\/wp\/v2\/media?parent=121"}],"wp:term":[{"taxonomy":"product_brand","embeddable":true,"href":"https:\/\/ecmicrophones.com\/pt\/wp-json\/wp\/v2\/product_brand?post=121"},{"taxonomy":"product_cat","embeddable":true,"href":"https:\/\/ecmicrophones.com\/pt\/wp-json\/wp\/v2\/product_cat?post=121"},{"taxonomy":"product_tag","embeddable":true,"href":"https:\/\/ecmicrophones.com\/pt\/wp-json\/wp\/v2\/product_tag?post=121"}],"curies":[{"name":"wp","href":"https:\/\/api.w.org\/{rel}","templated":true}]}}