{"id":130,"date":"2024-03-27T11:26:14","date_gmt":"2024-03-27T11:26:14","guid":{"rendered":"https:\/\/ecmicrophones.com\/?post_type=product&#038;p=130"},"modified":"2026-03-19T15:41:09","modified_gmt":"2026-03-19T07:41:09","slug":"omnidirectional-electret-microphone-capsule-6mm","status":"publish","type":"product","link":"https:\/\/ecmicrophones.com\/pt\/omnidirectional-electret-microphone-capsule-6mm\/","title":{"rendered":"C\u00e1psula de microfone de eletreto omnidirecional de 6 mm com pinos"},"content":{"rendered":"<h2 class=\"text-start\">Especifica\u00e7\u00f5es t\u00e9cnicas<\/h2>\n<p class=\"text-start\">Nosso cabe\u00e7ote de microfone plug-in 6050 \u00e9 um transdutor de eletreto omnidirecional com capacitores duplos integrados para blindagem eficaz contra interfer\u00eancia de RF. Ele \u00e9 produzido usando JFET importado e materiais ecol\u00f3gicos, garantindo alto desempenho e sustentabilidade.<\/p>\n<h3 class=\"pt-5 text-start\">Circuito de teste padr\u00e3o<\/h3>\n<p> <img loading=\"lazy\" decoding=\"async\" class=\"alignnone size-full wp-image-275\" src=\"https:\/\/ecmicrophones.com\/wp-content\/uploads\/2024\/03\/standard-test-circuit_ecm-b6050ap40-069.png\" alt=\"Circuito de teste padr\u00e3o\" width=\"543\" height=\"237\" srcset=\"https:\/\/ecmicrophones.com\/wp-content\/uploads\/2024\/03\/standard-test-circuit_ecm-b6050ap40-069.png 543w, https:\/\/ecmicrophones.com\/wp-content\/uploads\/2024\/03\/standard-test-circuit_ecm-b6050ap40-069-300x131.png 300w, https:\/\/ecmicrophones.com\/wp-content\/uploads\/2024\/03\/standard-test-circuit_ecm-b6050ap40-069-18x8.png 18w\" sizes=\"auto, (max-width: 543px) 100vw, 543px\" \/> <\/p>\n<p>Condi\u00e7\u00f5es de teste: RL = 2,2k\u03a9, Vs = 2V, C = 1\u03bcF<\/p>\n<h3 class=\"pt-5 text-start\">Resposta de frequ\u00eancia t\u00edpica<\/h3>\n<p> <img loading=\"lazy\" decoding=\"async\" class=\"alignnone size-full wp-image-276\" src=\"https:\/\/ecmicrophones.com\/wp-content\/uploads\/2024\/03\/typical-frequency-response_ecm-b6050ap40-069.png\" alt=\"Resposta de frequ\u00eancia t\u00edpica\" width=\"397\" height=\"284\" srcset=\"https:\/\/ecmicrophones.com\/wp-content\/uploads\/2024\/03\/typical-frequency-response_ecm-b6050ap40-069.png 397w, https:\/\/ecmicrophones.com\/wp-content\/uploads\/2024\/03\/typical-frequency-response_ecm-b6050ap40-069-300x215.png 300w, https:\/\/ecmicrophones.com\/wp-content\/uploads\/2024\/03\/typical-frequency-response_ecm-b6050ap40-069-18x12.png 18w\" sizes=\"auto, (max-width: 397px) 100vw, 397px\" \/> <\/p>\n<p>A resposta de frequ\u00eancia vai de 50Hz a 20kHz. Ela permanece plana de 50 Hz a 3 kHz e, em seguida, aumenta entre 3 kHz e 6 kHz para melhorar a presen\u00e7a vocal. Depois de 6kHz, a resposta come\u00e7a a se reduzir de forma constante em dire\u00e7\u00e3o \u00e0s frequ\u00eancias mais altas.<\/p>\n<h3 class=\"pt-5 text-start\">Dimens\u00f5es (UNIDADE: mm)<\/h3>\n<p> <img loading=\"lazy\" decoding=\"async\" class=\"alignnone size-full wp-image-277\" src=\"https:\/\/ecmicrophones.com\/wp-content\/uploads\/2024\/03\/appearance-dimension_ecm-b6050ap40-069.png\" alt=\"Dimens\u00e3o da apar\u00eancia\" width=\"238\" height=\"395\" srcset=\"https:\/\/ecmicrophones.com\/wp-content\/uploads\/2024\/03\/appearance-dimension_ecm-b6050ap40-069.png 238w, https:\/\/ecmicrophones.com\/wp-content\/uploads\/2024\/03\/appearance-dimension_ecm-b6050ap40-069-181x300.png 181w, https:\/\/ecmicrophones.com\/wp-content\/uploads\/2024\/03\/appearance-dimension_ecm-b6050ap40-069-7x12.png 7w\" sizes=\"auto, (max-width: 238px) 100vw, 238px\" \/> <\/p>\n<p>Dimens\u00f5es da c\u00e1psula: 6,0 mm de di\u00e2metro \u00d7 5,0 mm de altura. A face frontal apresenta uma malha \u00e0 prova de poeira, enquanto a parte traseira \u00e9 vedada, sem porta ac\u00fastica. Equipada com pinos de 4,5 mm, com espa\u00e7amento de 1,9 mm.<\/p>","protected":false},"excerpt":{"rendered":"<p>O ECM-B6050AP40-069 \u00e9 uma c\u00e1psula de microfone eletreto omnidirecional de 6 x 5 mm com 2 pinos, sensibilidade de -40 dB\u00b12 e SNR de 60 dB. Ideal para captadores de instrumentos, medidores de ru\u00eddo, walkie-talkies e grava\u00e7\u00f5es de microfone de lapela.<\/p>","protected":false},"featured_media":2573,"comment_status":"open","ping_status":"closed","template":"","meta":[],"product_brand":[721],"product_cat":[16,20],"product_tag":[283,229,291],"class_list":{"0":"post-130","1":"product","2":"type-product","3":"status-publish","4":"has-post-thumbnail","6":"product_brand-ecmic","7":"product_cat-electret-microphones","8":"product_cat-omnidirectional-microphones","9":"product_tag-6mm","10":"product_tag-equipment","11":"product_tag-pin-type","13":"first","14":"instock","15":"shipping-taxable","16":"purchasable","17":"product-type-simple"},"_links":{"self":[{"href":"https:\/\/ecmicrophones.com\/pt\/wp-json\/wp\/v2\/product\/130","targetHints":{"allow":["GET"]}}],"collection":[{"href":"https:\/\/ecmicrophones.com\/pt\/wp-json\/wp\/v2\/product"}],"about":[{"href":"https:\/\/ecmicrophones.com\/pt\/wp-json\/wp\/v2\/types\/product"}],"replies":[{"embeddable":true,"href":"https:\/\/ecmicrophones.com\/pt\/wp-json\/wp\/v2\/comments?post=130"}],"wp:featuredmedia":[{"embeddable":true,"href":"https:\/\/ecmicrophones.com\/pt\/wp-json\/wp\/v2\/media\/2573"}],"wp:attachment":[{"href":"https:\/\/ecmicrophones.com\/pt\/wp-json\/wp\/v2\/media?parent=130"}],"wp:term":[{"taxonomy":"product_brand","embeddable":true,"href":"https:\/\/ecmicrophones.com\/pt\/wp-json\/wp\/v2\/product_brand?post=130"},{"taxonomy":"product_cat","embeddable":true,"href":"https:\/\/ecmicrophones.com\/pt\/wp-json\/wp\/v2\/product_cat?post=130"},{"taxonomy":"product_tag","embeddable":true,"href":"https:\/\/ecmicrophones.com\/pt\/wp-json\/wp\/v2\/product_tag?post=130"}],"curies":[{"name":"wp","href":"https:\/\/api.w.org\/{rel}","templated":true}]}}