{"id":137,"date":"2024-03-27T11:31:34","date_gmt":"2024-03-27T11:31:34","guid":{"rendered":"https:\/\/ecmicrophones.com\/?post_type=product&#038;p=137"},"modified":"2026-03-19T15:41:21","modified_gmt":"2026-03-19T07:41:21","slug":"10mm-omnidirectional-electret-condenser-microphone-capsule-for-vocal-recording","status":"publish","type":"product","link":"https:\/\/ecmicrophones.com\/pt\/10mm-omnidirectional-electret-condenser-microphone-capsule-for-vocal-recording\/","title":{"rendered":"C\u00e1psula de microfone condensador de eletreto omnidirecional de 10 mm para grava\u00e7\u00e3o vocal"},"content":{"rendered":"<h2 class=\"text-start\">Especifica\u00e7\u00f5es t\u00e9cnicas<\/h2>\n<p class=\"text-start\">Com uma taxa de distor\u00e7\u00e3o de \u22641% e uma rela\u00e7\u00e3o sinal-ru\u00eddo de 76dB, nosso cabe\u00e7ote de microfone de est\u00fadio 1045 oferece baixo ru\u00eddo e alta fidelidade, tornando-o perfeito para grava\u00e7\u00f5es de est\u00fadio.<\/p>\n<h3 class=\"pt-5 text-start\">Circuito de teste padr\u00e3o<\/h3>\n<p><img loading=\"lazy\" decoding=\"async\" class=\"alignnone size-full wp-image-279\" src=\"https:\/\/ecmicrophones.com\/wp-content\/uploads\/2024\/03\/standard-test-circuit_ecm-b1045aml36-061.png\" alt=\"Circuito de teste ECM-B1045AML36: polariza\u00e7\u00e3o de 15k\u03a9, alimenta\u00e7\u00e3o de 2V, sa\u00edda de 1\u03bcF\" width=\"480\" height=\"211\" srcset=\"https:\/\/ecmicrophones.com\/wp-content\/uploads\/2024\/03\/standard-test-circuit_ecm-b1045aml36-061.png 480w, https:\/\/ecmicrophones.com\/wp-content\/uploads\/2024\/03\/standard-test-circuit_ecm-b1045aml36-061-300x132.png 300w, https:\/\/ecmicrophones.com\/wp-content\/uploads\/2024\/03\/standard-test-circuit_ecm-b1045aml36-061-18x8.png 18w\" sizes=\"auto, (max-width: 480px) 100vw, 480px\" \/><\/p>\n<p>Resistor de polariza\u00e7\u00e3o de 15k\u03a9, alimenta\u00e7\u00e3o de 2V CC, capacitor de sa\u00edda de 1\u03bcF. Configura\u00e7\u00e3o de microfone de alta imped\u00e2ncia.<\/p>\n<h3 class=\"pt-5 text-start\">Resposta de frequ\u00eancia t\u00edpica<\/h3>\n<p><img loading=\"lazy\" decoding=\"async\" class=\"alignnone size-full wp-image-280\" src=\"https:\/\/ecmicrophones.com\/wp-content\/uploads\/2024\/03\/typical-frequency-response_ecm-b1045aml36-061.png\" alt=\"Resposta de frequ\u00eancia ECM-B1045AML36\" width=\"397\" height=\"284\" srcset=\"https:\/\/ecmicrophones.com\/wp-content\/uploads\/2024\/03\/typical-frequency-response_ecm-b1045aml36-061.png 397w, https:\/\/ecmicrophones.com\/wp-content\/uploads\/2024\/03\/typical-frequency-response_ecm-b1045aml36-061-300x215.png 300w, https:\/\/ecmicrophones.com\/wp-content\/uploads\/2024\/03\/typical-frequency-response_ecm-b1045aml36-061-18x12.png 18w\" sizes=\"auto, (max-width: 397px) 100vw, 397px\" \/><\/p>\n<p>Diminui\u00e7\u00e3o da faixa m\u00e9dia (4-5kHz) seguida por aumento da presen\u00e7a (5-8kHz) e redu\u00e7\u00e3o da faixa alta.<\/p>\n<h3 class=\"pt-5 text-start\">Dimens\u00f5es (unidade: mm)<\/h3>\n<p><img loading=\"lazy\" decoding=\"async\" class=\"alignnone size-full wp-image-281\" src=\"https:\/\/ecmicrophones.com\/wp-content\/uploads\/2024\/03\/appearance-dimension_ecm-b1045aml36-061.png\" alt=\"ECM-B1045AML36 Dimens\u00f5es: \u03a610\u00d74,5mm design selado\" width=\"545\" height=\"368\" srcset=\"https:\/\/ecmicrophones.com\/wp-content\/uploads\/2024\/03\/appearance-dimension_ecm-b1045aml36-061.png 545w, https:\/\/ecmicrophones.com\/wp-content\/uploads\/2024\/03\/appearance-dimension_ecm-b1045aml36-061-300x203.png 300w, https:\/\/ecmicrophones.com\/wp-content\/uploads\/2024\/03\/appearance-dimension_ecm-b1045aml36-061-18x12.png 18w\" sizes=\"auto, (max-width: 545px) 100vw, 545px\" \/><\/p>\n<p>Caixa compacta de \u03a610\u00d74,5 mm com malha frontal contra poeira (traseira sem porta).<\/p>","protected":false},"excerpt":{"rendered":"<p>O ECM-B1045AML36-061 \u00e9 uma c\u00e1psula de microfone omnidirecional de 10 \u00d7 4,5 mm projetada para configura\u00e7\u00f5es de grava\u00e7\u00e3o de est\u00fadio e ambientes de grava\u00e7\u00e3o vocal, apresentando uma sensibilidade de -36dB\u00b12 e uma rela\u00e7\u00e3o sinal-ru\u00eddo de 76dB.<\/p>","protected":false},"featured_media":2517,"comment_status":"open","ping_status":"closed","template":"","meta":[],"product_brand":[721],"product_cat":[16,20],"product_tag":[281,288,116],"class_list":{"0":"post-137","1":"product","2":"type-product","3":"status-publish","4":"has-post-thumbnail","6":"product_brand-ecmic","7":"product_cat-electret-microphones","8":"product_cat-omnidirectional-microphones","9":"product_tag-10mm","10":"product_tag-solder-pads","11":"product_tag-vocal","13":"first","14":"instock","15":"shipping-taxable","16":"purchasable","17":"product-type-simple"},"_links":{"self":[{"href":"https:\/\/ecmicrophones.com\/pt\/wp-json\/wp\/v2\/product\/137","targetHints":{"allow":["GET"]}}],"collection":[{"href":"https:\/\/ecmicrophones.com\/pt\/wp-json\/wp\/v2\/product"}],"about":[{"href":"https:\/\/ecmicrophones.com\/pt\/wp-json\/wp\/v2\/types\/product"}],"replies":[{"embeddable":true,"href":"https:\/\/ecmicrophones.com\/pt\/wp-json\/wp\/v2\/comments?post=137"}],"wp:featuredmedia":[{"embeddable":true,"href":"https:\/\/ecmicrophones.com\/pt\/wp-json\/wp\/v2\/media\/2517"}],"wp:attachment":[{"href":"https:\/\/ecmicrophones.com\/pt\/wp-json\/wp\/v2\/media?parent=137"}],"wp:term":[{"taxonomy":"product_brand","embeddable":true,"href":"https:\/\/ecmicrophones.com\/pt\/wp-json\/wp\/v2\/product_brand?post=137"},{"taxonomy":"product_cat","embeddable":true,"href":"https:\/\/ecmicrophones.com\/pt\/wp-json\/wp\/v2\/product_cat?post=137"},{"taxonomy":"product_tag","embeddable":true,"href":"https:\/\/ecmicrophones.com\/pt\/wp-json\/wp\/v2\/product_tag?post=137"}],"curies":[{"name":"wp","href":"https:\/\/api.w.org\/{rel}","templated":true}]}}