{"id":1581,"date":"2024-07-20T15:57:28","date_gmt":"2024-07-20T07:57:28","guid":{"rendered":"https:\/\/ecmicrophones.com\/?post_type=product&#038;p=1581"},"modified":"2026-03-19T15:22:46","modified_gmt":"2026-03-19T07:22:46","slug":"6mm-electret-microphone-capsule-with-pins-for-instrument-pickups","status":"publish","type":"product","link":"https:\/\/ecmicrophones.com\/pt\/6mm-electret-microphone-capsule-with-pins-for-instrument-pickups\/","title":{"rendered":"C\u00e1psula de microfone de eletreto de 6 mm com pinos para captadores de instrumentos"},"content":{"rendered":"<h2 class=\"text-start\">Especifica\u00e7\u00f5es t\u00e9cnicas<\/h2>\n<p class=\"text-start\">Nosso cabe\u00e7ote de microfone de 6022 pinos \u00e9 um n\u00facleo de microfone omnidirecional, com capacitor duplo e anti-interfer\u00eancia, feito com materiais importados e ecol\u00f3gicos.<\/p>\n<h3 class=\"pt-5 text-start\">Circuito de teste padr\u00e3o<\/h3>\n<p> <img loading=\"lazy\" decoding=\"async\" class=\"alignnone size-full wp-image-1583\" src=\"https:\/\/ecmicrophones.com\/wp-content\/uploads\/2024\/07\/standard-test-circuit_ecm-b6022ap2.8-44.jpg\" alt=\"Circuito de teste padr\u00e3o\" width=\"776\" height=\"339\" srcset=\"https:\/\/ecmicrophones.com\/wp-content\/uploads\/2024\/07\/standard-test-circuit_ecm-b6022ap2.8-44.jpg 776w, https:\/\/ecmicrophones.com\/wp-content\/uploads\/2024\/07\/standard-test-circuit_ecm-b6022ap2.8-44-300x131.jpg 300w, https:\/\/ecmicrophones.com\/wp-content\/uploads\/2024\/07\/standard-test-circuit_ecm-b6022ap2.8-44-768x336.jpg 768w, https:\/\/ecmicrophones.com\/wp-content\/uploads\/2024\/07\/standard-test-circuit_ecm-b6022ap2.8-44-18x8.jpg 18w, https:\/\/ecmicrophones.com\/wp-content\/uploads\/2024\/07\/standard-test-circuit_ecm-b6022ap2.8-44-600x262.jpg 600w\" sizes=\"auto, (max-width: 776px) 100vw, 776px\" \/> <\/p>\n<p>Condi\u00e7\u00f5es de teste: RL = 2,2k\u03a9, Vs = 2V, C = 1\u03bcF<\/p>\n<h3 class=\"pt-5 text-start\">Resposta de frequ\u00eancia t\u00edpica<\/h3>\n<p> <img loading=\"lazy\" decoding=\"async\" class=\"alignnone size-full wp-image-1584\" src=\"https:\/\/ecmicrophones.com\/wp-content\/uploads\/2024\/07\/typical-frequency-response_ecm-b6022ap2.8-44.jpg\" alt=\"Resposta de frequ\u00eancia t\u00edpica\" width=\"783\" height=\"550\" srcset=\"https:\/\/ecmicrophones.com\/wp-content\/uploads\/2024\/07\/typical-frequency-response_ecm-b6022ap2.8-44.jpg 783w, https:\/\/ecmicrophones.com\/wp-content\/uploads\/2024\/07\/typical-frequency-response_ecm-b6022ap2.8-44-300x211.jpg 300w, https:\/\/ecmicrophones.com\/wp-content\/uploads\/2024\/07\/typical-frequency-response_ecm-b6022ap2.8-44-768x539.jpg 768w, https:\/\/ecmicrophones.com\/wp-content\/uploads\/2024\/07\/typical-frequency-response_ecm-b6022ap2.8-44-18x12.jpg 18w, https:\/\/ecmicrophones.com\/wp-content\/uploads\/2024\/07\/typical-frequency-response_ecm-b6022ap2.8-44-600x421.jpg 600w\" sizes=\"auto, (max-width: 783px) 100vw, 783px\" \/> <\/p>\n<p>A resposta de frequ\u00eancia varia de 50 Hz a 20 kHz. A curva aumenta de forma constante de 50 Hz a cerca de 200 Hz, seguida por uma regi\u00e3o relativamente est\u00e1vel com flutua\u00e7\u00f5es suaves. Um aumento mais pronunciado come\u00e7a por volta de 2 kHz, atingindo um pico pr\u00f3ximo a 8 kHz antes de cair gradualmente. Por volta de 10 kHz, ocorre novamente um pequeno aumento antes da redu\u00e7\u00e3o final.<\/p>\n<h3 class=\"pt-5 text-start\">Dimens\u00f5es (UNIDADE: mm)<\/h3>\n<p> <img loading=\"lazy\" decoding=\"async\" class=\"alignnone size-full wp-image-1582\" src=\"https:\/\/ecmicrophones.com\/wp-content\/uploads\/2024\/07\/appearance-dimension_ecm-b6022ap2.8-44.jpg\" alt=\"Dimens\u00e3o da apar\u00eancia\" width=\"663\" height=\"485\" srcset=\"https:\/\/ecmicrophones.com\/wp-content\/uploads\/2024\/07\/appearance-dimension_ecm-b6022ap2.8-44.jpg 663w, https:\/\/ecmicrophones.com\/wp-content\/uploads\/2024\/07\/appearance-dimension_ecm-b6022ap2.8-44-300x219.jpg 300w, https:\/\/ecmicrophones.com\/wp-content\/uploads\/2024\/07\/appearance-dimension_ecm-b6022ap2.8-44-16x12.jpg 16w, https:\/\/ecmicrophones.com\/wp-content\/uploads\/2024\/07\/appearance-dimension_ecm-b6022ap2.8-44-600x439.jpg 600w\" sizes=\"auto, (max-width: 663px) 100vw, 663px\" \/> <\/p>\n<p>A c\u00e1psula mede 6 mm de di\u00e2metro e 2,2 mm de altura. A parte frontal apresenta uma malha \u00e0 prova de poeira e a parte traseira \u00e9 totalmente vedada, sem porta ac\u00fastica. Equipada com pinos de 2,8 mm, com espa\u00e7amento de 1,9 mm.<\/p>","protected":false},"excerpt":{"rendered":"<p>O ECM-B6022AP2.8-44 \u00e9 uma c\u00e1psula de microfone omnidirecional de 6 \u00d7 2,2 mm com sensibilidade de -44dB\u00b12 e rela\u00e7\u00e3o sinal-ru\u00eddo de 55dB. \u00c9 adequado para captadores, c\u00e2meras de documentos, interfones e microfones de lapela, proporcionando captura de \u00e1udio confi\u00e1vel e clara para v\u00e1rias aplica\u00e7\u00f5es.<\/p>","protected":false},"featured_media":2687,"comment_status":"open","ping_status":"closed","template":"","meta":[],"product_brand":[721],"product_cat":[16,20],"product_tag":[283,111,291],"class_list":{"0":"post-1581","1":"product","2":"type-product","3":"status-publish","4":"has-post-thumbnail","6":"product_brand-ecmic","7":"product_cat-electret-microphones","8":"product_cat-omnidirectional-microphones","9":"product_tag-6mm","10":"product_tag-instrument","11":"product_tag-pin-type","13":"first","14":"instock","15":"shipping-taxable","16":"purchasable","17":"product-type-simple"},"_links":{"self":[{"href":"https:\/\/ecmicrophones.com\/pt\/wp-json\/wp\/v2\/product\/1581","targetHints":{"allow":["GET"]}}],"collection":[{"href":"https:\/\/ecmicrophones.com\/pt\/wp-json\/wp\/v2\/product"}],"about":[{"href":"https:\/\/ecmicrophones.com\/pt\/wp-json\/wp\/v2\/types\/product"}],"replies":[{"embeddable":true,"href":"https:\/\/ecmicrophones.com\/pt\/wp-json\/wp\/v2\/comments?post=1581"}],"wp:featuredmedia":[{"embeddable":true,"href":"https:\/\/ecmicrophones.com\/pt\/wp-json\/wp\/v2\/media\/2687"}],"wp:attachment":[{"href":"https:\/\/ecmicrophones.com\/pt\/wp-json\/wp\/v2\/media?parent=1581"}],"wp:term":[{"taxonomy":"product_brand","embeddable":true,"href":"https:\/\/ecmicrophones.com\/pt\/wp-json\/wp\/v2\/product_brand?post=1581"},{"taxonomy":"product_cat","embeddable":true,"href":"https:\/\/ecmicrophones.com\/pt\/wp-json\/wp\/v2\/product_cat?post=1581"},{"taxonomy":"product_tag","embeddable":true,"href":"https:\/\/ecmicrophones.com\/pt\/wp-json\/wp\/v2\/product_tag?post=1581"}],"curies":[{"name":"wp","href":"https:\/\/api.w.org\/{rel}","templated":true}]}}