{"id":159,"date":"2024-03-27T11:46:06","date_gmt":"2024-03-27T11:46:06","guid":{"rendered":"https:\/\/ecmicrophones.com\/?post_type=product&#038;p=159"},"modified":"2026-03-19T15:42:14","modified_gmt":"2026-03-19T07:42:14","slug":"omnidirectional-electret-microphone-capsule-for-2-4g-wireless-lavalier","status":"publish","type":"product","link":"https:\/\/ecmicrophones.com\/pt\/omnidirectional-electret-microphone-capsule-for-2-4g-wireless-lavalier\/","title":{"rendered":"C\u00e1psula de microfone de eletreto omnidirecional para lapela sem fio 2.4G"},"content":{"rendered":"<h2 class=\"text-start\">Especifica\u00e7\u00f5es t\u00e9cnicas<\/h2>\n<p class=\"text-start\">Nosso cabe\u00e7ote de microfone omnidirecional 6027 possui uma rela\u00e7\u00e3o sinal-ru\u00eddo de 73 dB, um n\u00edvel m\u00e1ximo de press\u00e3o sonora de 125 dB e uma taxa de distor\u00e7\u00e3o de \u22641%, garantindo baixo ru\u00eddo, alta fidelidade e qualidade de som Hi-Fi para reprodu\u00e7\u00e3o de \u00e1udio precisa.<\/p>\n<h3 class=\"pt-5 text-start\">Circuito de teste padr\u00e3o<\/h3>\n<p><img loading=\"lazy\" decoding=\"async\" class=\"alignnone size-full wp-image-291\" src=\"https:\/\/ecmicrophones.com\/wp-content\/uploads\/2024\/03\/standard-test-circuit_ecm-b6027aml37-23373.png\" alt=\"Circuito de teste padr\u00e3o ECM-B6027AML37-23373: polariza\u00e7\u00e3o de 15k\u03a9, alimenta\u00e7\u00e3o de 2V, sa\u00edda de 1\u03bcF\" width=\"507\" height=\"230\" srcset=\"https:\/\/ecmicrophones.com\/wp-content\/uploads\/2024\/03\/standard-test-circuit_ecm-b6027aml37-23373.png 507w, https:\/\/ecmicrophones.com\/wp-content\/uploads\/2024\/03\/standard-test-circuit_ecm-b6027aml37-23373-300x136.png 300w, https:\/\/ecmicrophones.com\/wp-content\/uploads\/2024\/03\/standard-test-circuit_ecm-b6027aml37-23373-18x8.png 18w\" sizes=\"auto, (max-width: 507px) 100vw, 507px\" \/><\/p>\n<p>Circuito de teste configurado com um resistor de polariza\u00e7\u00e3o de 15k\u03a9, tens\u00e3o de alimenta\u00e7\u00e3o de 2V CC e capacitor de acoplamento de 1\u03bcF.<\/p>\n<h3 class=\"pt-5 text-start\">Resposta de frequ\u00eancia t\u00edpica<\/h3>\n<p><img loading=\"lazy\" decoding=\"async\" class=\"alignnone size-full wp-image-292\" src=\"https:\/\/ecmicrophones.com\/wp-content\/uploads\/2024\/03\/typical-frequency-response_ecm-b6027aml37-23373.png\" alt=\"Curva de resposta de frequ\u00eancia ECM-B6027AML37-23373\" width=\"397\" height=\"284\" srcset=\"https:\/\/ecmicrophones.com\/wp-content\/uploads\/2024\/03\/typical-frequency-response_ecm-b6027aml37-23373.png 397w, https:\/\/ecmicrophones.com\/wp-content\/uploads\/2024\/03\/typical-frequency-response_ecm-b6027aml37-23373-300x215.png 300w, https:\/\/ecmicrophones.com\/wp-content\/uploads\/2024\/03\/typical-frequency-response_ecm-b6027aml37-23373-18x12.png 18w\" sizes=\"auto, (max-width: 397px) 100vw, 397px\" \/><\/p>\n<p>A resposta de frequ\u00eancia \u00e9 relativamente plana e suave de 50 Hz a 4 kHz, com um leve aumento seguido de uma redu\u00e7\u00e3o gradual a partir de 5 kHz.<\/p>\n<h3 class=\"pt-5 text-start\">Dimens\u00f5es (UNIDADE: mm)<\/h3>\n<p><img loading=\"lazy\" decoding=\"async\" class=\"alignnone size-full wp-image-290\" src=\"https:\/\/ecmicrophones.com\/wp-content\/uploads\/2024\/03\/appearance-dimension_ecm-b6027aml37-23373.png\" alt=\"Dimens\u00f5es do ECM-B6027AML37-23373: \u03a66\u00d72,7 mm\" width=\"600\" height=\"467\" srcset=\"https:\/\/ecmicrophones.com\/wp-content\/uploads\/2024\/03\/appearance-dimension_ecm-b6027aml37-23373.png 600w, https:\/\/ecmicrophones.com\/wp-content\/uploads\/2024\/03\/appearance-dimension_ecm-b6027aml37-23373-300x234.png 300w, https:\/\/ecmicrophones.com\/wp-content\/uploads\/2024\/03\/appearance-dimension_ecm-b6027aml37-23373-15x12.png 15w\" sizes=\"auto, (max-width: 600px) 100vw, 600px\" \/><\/p>\n<p>C\u00e1psula compacta medindo \u03a66 \u00d7 2,7 mm, com uma malha frontal \u00e0 prova de poeira e uma parte traseira selada sem aberturas.<\/p>","protected":false},"excerpt":{"rendered":"<p>O ECM-B6027AML37-23373 \u00e9 uma c\u00e1psula de microfone omnidirecional de ponta adequada para microfones de lapela sem fio 2.4G, microfones de videoconfer\u00eancia e outros produtos premium. Com dimens\u00f5es de 6 \u00d7 2,7 mm, ele apresenta uma sensibilidade de -37dB\u00b12 e uma rela\u00e7\u00e3o sinal-ru\u00eddo de 73dB, garantindo qualidade de som excepcional.<\/p>","protected":false},"featured_media":2483,"comment_status":"open","ping_status":"closed","template":"","meta":[],"product_brand":[721],"product_cat":[16,20],"product_tag":[283,235,288],"class_list":{"0":"post-159","1":"product","2":"type-product","3":"status-publish","4":"has-post-thumbnail","6":"product_brand-ecmic","7":"product_cat-electret-microphones","8":"product_cat-omnidirectional-microphones","9":"product_tag-6mm","10":"product_tag-conference","11":"product_tag-solder-pads","13":"first","14":"instock","15":"shipping-taxable","16":"purchasable","17":"product-type-simple"},"_links":{"self":[{"href":"https:\/\/ecmicrophones.com\/pt\/wp-json\/wp\/v2\/product\/159","targetHints":{"allow":["GET"]}}],"collection":[{"href":"https:\/\/ecmicrophones.com\/pt\/wp-json\/wp\/v2\/product"}],"about":[{"href":"https:\/\/ecmicrophones.com\/pt\/wp-json\/wp\/v2\/types\/product"}],"replies":[{"embeddable":true,"href":"https:\/\/ecmicrophones.com\/pt\/wp-json\/wp\/v2\/comments?post=159"}],"wp:featuredmedia":[{"embeddable":true,"href":"https:\/\/ecmicrophones.com\/pt\/wp-json\/wp\/v2\/media\/2483"}],"wp:attachment":[{"href":"https:\/\/ecmicrophones.com\/pt\/wp-json\/wp\/v2\/media?parent=159"}],"wp:term":[{"taxonomy":"product_brand","embeddable":true,"href":"https:\/\/ecmicrophones.com\/pt\/wp-json\/wp\/v2\/product_brand?post=159"},{"taxonomy":"product_cat","embeddable":true,"href":"https:\/\/ecmicrophones.com\/pt\/wp-json\/wp\/v2\/product_cat?post=159"},{"taxonomy":"product_tag","embeddable":true,"href":"https:\/\/ecmicrophones.com\/pt\/wp-json\/wp\/v2\/product_tag?post=159"}],"curies":[{"name":"wp","href":"https:\/\/api.w.org\/{rel}","templated":true}]}}