{"id":1602,"date":"2024-07-22T15:07:29","date_gmt":"2024-07-22T07:07:29","guid":{"rendered":"https:\/\/ecmicrophones.com\/?post_type=product&#038;p=1602"},"modified":"2026-03-19T15:21:54","modified_gmt":"2026-03-19T07:21:54","slug":"9mm-electret-microphone-capsule-for-respirator-mask","status":"publish","type":"product","link":"https:\/\/ecmicrophones.com\/pt\/9mm-electret-microphone-capsule-for-respirator-mask\/","title":{"rendered":"C\u00e1psula de microfone de eletreto de 9 mm para m\u00e1scara respirat\u00f3ria"},"content":{"rendered":"<h2 class=\"text-start\">Especifica\u00e7\u00f5es t\u00e9cnicas<\/h2>\n<p class=\"text-start\">Nosso cabe\u00e7ote de microfone com cancelamento de ru\u00eddo 9790 apresenta um Panasonic JFET e um design de caixa perfurada. O microfone direcional cardioide reduz efetivamente o ru\u00eddo do vento.<\/p>\n<h3 class=\"pt-5 text-start\">Circuito de teste padr\u00e3o<\/h3>\n<p><img loading=\"lazy\" decoding=\"async\" class=\"alignnone size-full wp-image-1607\" src=\"https:\/\/ecmicrophones.com\/wp-content\/uploads\/2024\/07\/standard-test-circuit_ecm-em212u-51.png\" alt=\"Circuito de teste ECM-EM212U: polariza\u00e7\u00e3o de 2,2k\u03a9, alimenta\u00e7\u00e3o de 2V, sa\u00edda de 1\u03bcF\" width=\"561\" height=\"265\" srcset=\"https:\/\/ecmicrophones.com\/wp-content\/uploads\/2024\/07\/standard-test-circuit_ecm-em212u-51.png 561w, https:\/\/ecmicrophones.com\/wp-content\/uploads\/2024\/07\/standard-test-circuit_ecm-em212u-51-300x142.png 300w, https:\/\/ecmicrophones.com\/wp-content\/uploads\/2024\/07\/standard-test-circuit_ecm-em212u-51-18x9.png 18w\" sizes=\"auto, (max-width: 561px) 100vw, 561px\" \/><\/p>\n<p>Resistor de polariza\u00e7\u00e3o de 2,2k\u03a9, alimenta\u00e7\u00e3o de 2V CC, capacitor de sa\u00edda de 1\u03bcF. Configura\u00e7\u00e3o padr\u00e3o para medi\u00e7\u00e3o de frequ\u00eancia de voz.<\/p>\n<h3 class=\"pt-5 text-start\">Resposta de frequ\u00eancia t\u00edpica<\/h3>\n<p><img loading=\"lazy\" decoding=\"async\" class=\"alignnone size-full wp-image-1606\" src=\"https:\/\/ecmicrophones.com\/wp-content\/uploads\/2024\/07\/typical-frequency-response_ecm-em212u-51.png\" alt=\"Resposta de frequ\u00eancia ECM-EM212U: Aumento de 100Hz-8kHz com pico em 8kHz e atenua\u00e7\u00e3o at\u00e9 12kHz\" width=\"654\" height=\"298\" srcset=\"https:\/\/ecmicrophones.com\/wp-content\/uploads\/2024\/07\/typical-frequency-response_ecm-em212u-51.png 654w, https:\/\/ecmicrophones.com\/wp-content\/uploads\/2024\/07\/typical-frequency-response_ecm-em212u-51-300x137.png 300w, https:\/\/ecmicrophones.com\/wp-content\/uploads\/2024\/07\/typical-frequency-response_ecm-em212u-51-18x8.png 18w, https:\/\/ecmicrophones.com\/wp-content\/uploads\/2024\/07\/typical-frequency-response_ecm-em212u-51-600x273.png 600w\" sizes=\"auto, (max-width: 654px) 100vw, 654px\" \/><\/p>\n<p>A resposta de frequ\u00eancia aumenta progressivamente de 100 Hz a 8 kHz, atingindo um pico em 8 kHz, seguido por uma redu\u00e7\u00e3o gradual at\u00e9 12 kHz, otimizando a clareza da voz.<\/p>\n<h3 class=\"pt-5 text-start\">Dimens\u00f5es (unidade: mm)<\/h3>\n<p><img loading=\"lazy\" decoding=\"async\" class=\"alignnone size-full wp-image-1605\" src=\"https:\/\/ecmicrophones.com\/wp-content\/uploads\/2024\/07\/appearance-dimension_ecm-em212u-51.png\" alt=\"ECM-EM212U Dimens\u00f5es: C\u00e1psula de \u03a69,7\u00d79,0 mm com orif\u00edcios de ventila\u00e7\u00e3o laterais e malha de poeira frontal\" width=\"491\" height=\"399\" srcset=\"https:\/\/ecmicrophones.com\/wp-content\/uploads\/2024\/07\/appearance-dimension_ecm-em212u-51.png 491w, https:\/\/ecmicrophones.com\/wp-content\/uploads\/2024\/07\/appearance-dimension_ecm-em212u-51-300x244.png 300w, https:\/\/ecmicrophones.com\/wp-content\/uploads\/2024\/07\/appearance-dimension_ecm-em212u-51-15x12.png 15w\" sizes=\"auto, (max-width: 491px) 100vw, 491px\" \/><\/p>\n<p>C\u00e1psula de microfone compacta de \u03a69,7\u00d79,0 mm com uma malha frontal contra poeira para prote\u00e7\u00e3o e v\u00e1rios orif\u00edcios de ventila\u00e7\u00e3o pequenos distribu\u00eddos uniformemente pelo per\u00edmetro lateral para equil\u00edbrio ac\u00fastico e desempenho. A parte traseira \u00e9 vedada sem aberturas, garantindo durabilidade e resist\u00eancia ambiental.<\/p>","protected":false},"excerpt":{"rendered":"<p>O ECM-EM212U-51 \u00e9 uma c\u00e1psula de microfone unidirecional de 9,7 \u00d7 9 mm com sensibilidade de -51dB\u00b12 e rela\u00e7\u00e3o sinal-ru\u00eddo de 62dB. Ele foi projetado para uso em m\u00e1scaras respirat\u00f3rias.<\/p>","protected":false},"featured_media":2778,"comment_status":"open","ping_status":"closed","template":"","meta":[],"product_brand":[721],"product_cat":[16,21],"product_tag":[282,229,288],"class_list":{"0":"post-1602","1":"product","2":"type-product","3":"status-publish","4":"has-post-thumbnail","6":"product_brand-ecmic","7":"product_cat-electret-microphones","8":"product_cat-unidirectional-microphones","9":"product_tag-9-7mm","10":"product_tag-equipment","11":"product_tag-solder-pads","13":"first","14":"instock","15":"shipping-taxable","16":"purchasable","17":"product-type-simple"},"_links":{"self":[{"href":"https:\/\/ecmicrophones.com\/pt\/wp-json\/wp\/v2\/product\/1602","targetHints":{"allow":["GET"]}}],"collection":[{"href":"https:\/\/ecmicrophones.com\/pt\/wp-json\/wp\/v2\/product"}],"about":[{"href":"https:\/\/ecmicrophones.com\/pt\/wp-json\/wp\/v2\/types\/product"}],"replies":[{"embeddable":true,"href":"https:\/\/ecmicrophones.com\/pt\/wp-json\/wp\/v2\/comments?post=1602"}],"wp:featuredmedia":[{"embeddable":true,"href":"https:\/\/ecmicrophones.com\/pt\/wp-json\/wp\/v2\/media\/2778"}],"wp:attachment":[{"href":"https:\/\/ecmicrophones.com\/pt\/wp-json\/wp\/v2\/media?parent=1602"}],"wp:term":[{"taxonomy":"product_brand","embeddable":true,"href":"https:\/\/ecmicrophones.com\/pt\/wp-json\/wp\/v2\/product_brand?post=1602"},{"taxonomy":"product_cat","embeddable":true,"href":"https:\/\/ecmicrophones.com\/pt\/wp-json\/wp\/v2\/product_cat?post=1602"},{"taxonomy":"product_tag","embeddable":true,"href":"https:\/\/ecmicrophones.com\/pt\/wp-json\/wp\/v2\/product_tag?post=1602"}],"curies":[{"name":"wp","href":"https:\/\/api.w.org\/{rel}","templated":true}]}}